{"id":7881,"date":"2026-05-06T12:23:07","date_gmt":"2026-05-06T15:23:07","guid":{"rendered":"https:\/\/www.hospitalsanbernardo.com.ar\/web\/?post_type=product&#038;p=7881"},"modified":"2026-05-06T12:33:43","modified_gmt":"2026-05-06T15:33:43","slug":"el-programa-de-traumatologia-y-ortopedia-del-hospital-san-bernardo-inicio-un-curso-de-actualizacion","status":"publish","type":"product","link":"https:\/\/www.hospitalsanbernardo.com.ar\/web\/noticias\/el-programa-de-traumatologia-y-ortopedia-del-hospital-san-bernardo-inicio-un-curso-de-actualizacion\/","title":{"rendered":"El Programa de Traumatolog\u00eda y Ortopedia del Hospital San Bernardo inici\u00f3 un curso de actualizaci\u00f3n"},"content":{"rendered":"<p><i>Con la participaci\u00f3n de reconocidos disertantes de todo el pa\u00eds, el Programa de Traumatolog\u00eda del Hospital San Bernardo desarrolla su curso de actualizaci\u00f3n dirigido a profesionales m\u00e9dicos, especialistas en traumatolog\u00eda y ortopedia y fisioterapeutas.<\/i><i>\u00a0<\/i><\/p>\n<p>El curso pretende proporcionar herramientas te\u00f3rico-pr\u00e1cticas para que los profesionales tengan acceso r\u00e1pido a informaci\u00f3n actualizada y sistem\u00e1tica, facilitando as\u00ed la resoluci\u00f3n de los problemas cl\u00ednicos que enfrentan en su pr\u00e1ctica diaria.<\/p>\n<p>Este espacio de formaci\u00f3n, que tiene lugar el \u00faltimo viernes de cada mes y se extender\u00e1 hasta noviembre, recorrer\u00e1 mensualmente diferentes m\u00f3dulos donde los participantes podr\u00e1n ampliar sus conocimientos en relaci\u00f3n a cadera, rodilla, ortopedia oncol\u00f3gica, pie y tobillo, trauma, miembro superior y columna.<\/p>\n<p>Las jornadas tienen como principal objetivo optimizar y perfeccionar las estrategias quir\u00fargicas frente a diversos casos cl\u00ednicos complejos, promoviendo adem\u00e1s el intercambio de experiencias, conocimientos y la actualizaci\u00f3n permanente entre los profesionales.<\/p>\n<p>Con una participaci\u00f3n de m\u00e1s de 70 profesionales el curso de actualizaci\u00f3n en traumatolog\u00eda y ortopedia pretende fortalecer la formaci\u00f3n continua y mejorar la calidad de atenci\u00f3n a los pacientes.<\/p>\n<p>&nbsp;<\/p>\n<p><iframe loading=\"lazy\" title=\"EL PROGRAMA DE TRAUMATOLOG\u00cdA Y ORTOPEDIA DEL HOSPITAL SAN BERNARDO INICI\u00d3 UN CURSO DE ACTUALIZACI\u00d3N\" width=\"1080\" height=\"608\" src=\"https:\/\/www.youtube.com\/embed\/I1ksCrK4twk?feature=oembed\" frameborder=\"0\" allow=\"accelerometer; autoplay; clipboard-write; encrypted-media; gyroscope; picture-in-picture; web-share\" referrerpolicy=\"strict-origin-when-cross-origin\" allowfullscreen><\/iframe><\/p>\n","protected":false},"excerpt":{"rendered":"<p>Con la participaci\u00f3n de reconocidos disertantes de todo el pa\u00eds, el Programa de Traumatolog\u00eda del Hospital San Bernardo desarrolla su curso de actualizaci\u00f3n dirigido a profesionales m\u00e9dicos, especialistas en traumatolog\u00eda y ortopedia y fisioterapeutas.\u00a0 El curso pretende proporcionar herramientas te\u00f3rico-pr\u00e1cticas para que los profesionales tengan acceso r\u00e1pido a informaci\u00f3n actualizada y sistem\u00e1tica, facilitando as\u00ed la [&hellip;]<\/p>\n","protected":false},"featured_media":7882,"comment_status":"closed","ping_status":"closed","template":"","meta":{"_et_pb_use_builder":"","_et_pb_old_content":"","_et_gb_content_width":""},"product_cat":[18],"product_tag":[],"class_list":["post-7881","product","type-product","status-publish","has-post-thumbnail","hentry","product_cat-noticias"],"_links":{"self":[{"href":"https:\/\/www.hospitalsanbernardo.com.ar\/web\/wp-json\/wp\/v3\/product\/7881"}],"collection":[{"href":"https:\/\/www.hospitalsanbernardo.com.ar\/web\/wp-json\/wp\/v3\/product"}],"about":[{"href":"https:\/\/www.hospitalsanbernardo.com.ar\/web\/wp-json\/wp\/v2\/types\/product"}],"replies":[{"embeddable":true,"href":"https:\/\/www.hospitalsanbernardo.com.ar\/web\/wp-json\/wp\/v2\/comments?post=7881"}],"wp:featuredmedia":[{"embeddable":true,"href":"https:\/\/www.hospitalsanbernardo.com.ar\/web\/wp-json\/wp\/v2\/media\/7882"}],"wp:attachment":[{"href":"https:\/\/www.hospitalsanbernardo.com.ar\/web\/wp-json\/wp\/v2\/media?parent=7881"}],"wp:term":[{"taxonomy":"product_cat","embeddable":true,"href":"https:\/\/www.hospitalsanbernardo.com.ar\/web\/wp-json\/wp\/v2\/product_cat?post=7881"},{"taxonomy":"product_tag","embeddable":true,"href":"https:\/\/www.hospitalsanbernardo.com.ar\/web\/wp-json\/wp\/v2\/product_tag?post=7881"}],"curies":[{"name":"wp","href":"https:\/\/api.w.org\/{rel}","templated":true}]}}