{"id":7843,"date":"2026-04-27T09:12:12","date_gmt":"2026-04-27T12:12:12","guid":{"rendered":"https:\/\/www.hospitalsanbernardo.com.ar\/web\/?post_type=product&#038;p=7843"},"modified":"2026-04-27T09:14:06","modified_gmt":"2026-04-27T12:14:06","slug":"concurrencias-hsb-diagnostico-por-imagenes","status":"publish","type":"product","link":"https:\/\/www.hospitalsanbernardo.com.ar\/web\/noticias\/concurrencias-hsb-diagnostico-por-imagenes\/","title":{"rendered":"CONCURRENCIAS HSB: DIAGN\u00d3STICO POR IM\u00c1GENES"},"content":{"rendered":"<p>El Hospital San Bernardo informa que, del 27 de Abril al 08 de Mayo, se habilitar\u00e1n las inscripciones a la siguiente concurrencia:<\/p>\n<p>\u25aa\ufe0f Diagn\u00f3stico por im\u00e1genes (6 cupos)<\/p>\n<p>En esta oportunidad la convocatoria esta dirigida a licenciados y t\u00e9cnicos en radiolog\u00eda y\/o diagn\u00f3stico por im\u00e1genes e iniciar\u00e1 el mi\u00e9rcoles 1 de julio.<\/p>\n<p>\ud83d\udc49\ud83c\udffc Para m\u00e1s informaci\u00f3n, solicitud de temario y bibliograf\u00eda: Programa de Desarrollo Organizacional &#8211; 3875268778.<\/p>\n","protected":false},"excerpt":{"rendered":"<p>El Hospital San Bernardo informa que, del 27 de Abril al 08 de Mayo, se habilitar\u00e1n las inscripciones a la siguiente concurrencia: \u25aa\ufe0f Diagn\u00f3stico por im\u00e1genes (6 cupos) En esta oportunidad la convocatoria esta dirigida a licenciados y t\u00e9cnicos en radiolog\u00eda y\/o diagn\u00f3stico por im\u00e1genes e iniciar\u00e1 el mi\u00e9rcoles 1 de julio. \ud83d\udc49\ud83c\udffc Para m\u00e1s [&hellip;]<\/p>\n","protected":false},"featured_media":7844,"comment_status":"closed","ping_status":"closed","template":"","meta":{"_et_pb_use_builder":"","_et_pb_old_content":"","_et_gb_content_width":""},"product_cat":[18,42],"product_tag":[],"class_list":["post-7843","product","type-product","status-publish","has-post-thumbnail","hentry","product_cat-noticias","product_cat-concurrencias"],"_links":{"self":[{"href":"https:\/\/www.hospitalsanbernardo.com.ar\/web\/wp-json\/wp\/v3\/product\/7843"}],"collection":[{"href":"https:\/\/www.hospitalsanbernardo.com.ar\/web\/wp-json\/wp\/v3\/product"}],"about":[{"href":"https:\/\/www.hospitalsanbernardo.com.ar\/web\/wp-json\/wp\/v2\/types\/product"}],"replies":[{"embeddable":true,"href":"https:\/\/www.hospitalsanbernardo.com.ar\/web\/wp-json\/wp\/v2\/comments?post=7843"}],"wp:featuredmedia":[{"embeddable":true,"href":"https:\/\/www.hospitalsanbernardo.com.ar\/web\/wp-json\/wp\/v2\/media\/7844"}],"wp:attachment":[{"href":"https:\/\/www.hospitalsanbernardo.com.ar\/web\/wp-json\/wp\/v2\/media?parent=7843"}],"wp:term":[{"taxonomy":"product_cat","embeddable":true,"href":"https:\/\/www.hospitalsanbernardo.com.ar\/web\/wp-json\/wp\/v2\/product_cat?post=7843"},{"taxonomy":"product_tag","embeddable":true,"href":"https:\/\/www.hospitalsanbernardo.com.ar\/web\/wp-json\/wp\/v2\/product_tag?post=7843"}],"curies":[{"name":"wp","href":"https:\/\/api.w.org\/{rel}","templated":true}]}}