{"id":7819,"date":"2026-04-23T09:03:49","date_gmt":"2026-04-23T12:03:49","guid":{"rendered":"https:\/\/www.hospitalsanbernardo.com.ar\/web\/?post_type=product&#038;p=7819"},"modified":"2026-04-27T09:07:41","modified_gmt":"2026-04-27T12:07:41","slug":"jornada-de-promocion-y-prevencion-de-la-salud-integral-en-el-hospital-san-bernardo","status":"publish","type":"product","link":"https:\/\/www.hospitalsanbernardo.com.ar\/web\/noticias\/jornada-de-promocion-y-prevencion-de-la-salud-integral-en-el-hospital-san-bernardo\/","title":{"rendered":"Jornada de promoci\u00f3n y prevenci\u00f3n de la salud integral en el Hospital San Bernardo"},"content":{"rendered":"<p>Con el objetivo de acercar herramientas de prevenci\u00f3n y promoci\u00f3n de la salud a la comunidad salte\u00f1a, el Hospital San Bernardo llev\u00f3 adelante una jornada de salud integral.<br \/>\nOrganizada por el Programa Comunitario y con la participaci\u00f3n de los Servicios de Infectolog\u00eda, Citodiagn\u00f3stico, Oficina Hospitalaria de Violencia contra la Mujer, Programa de Enfermer\u00eda, Vacunatorio, Hemoterapia, Programa de VIH y el Centro de Orientaci\u00f3n y Consulta, este encuentro estuvo dirigido a j\u00f3venes de colegios secundarios, con el objetivo de acercar a ellos diversas actividades como: espacios de concientizaci\u00f3n, consejer\u00eda, controles de salud, orientaci\u00f3n e informaci\u00f3n, promoviendo h\u00e1bitos de vida saludables.<br \/>\nEn esta oportunidad se hicieron presentes los colegios secundarios 5076, 5159, 5052, 5048.<br \/>\nDesde el Hospital San Bernardo agradecemos a todos los que fueron parte de esta iniciativa.<\/p>\n","protected":false},"excerpt":{"rendered":"<p>Con el objetivo de acercar herramientas de prevenci\u00f3n y promoci\u00f3n de la salud a la comunidad salte\u00f1a, el Hospital San Bernardo llev\u00f3 adelante una jornada de salud integral. Organizada por el Programa Comunitario y con la participaci\u00f3n de los Servicios de Infectolog\u00eda, Citodiagn\u00f3stico, Oficina Hospitalaria de Violencia contra la Mujer, Programa de Enfermer\u00eda, Vacunatorio, Hemoterapia, [&hellip;]<\/p>\n","protected":false},"featured_media":7820,"comment_status":"closed","ping_status":"closed","template":"","meta":{"_et_pb_use_builder":"","_et_pb_old_content":"","_et_gb_content_width":""},"product_cat":[18],"product_tag":[],"class_list":["post-7819","product","type-product","status-publish","has-post-thumbnail","hentry","product_cat-noticias"],"_links":{"self":[{"href":"https:\/\/www.hospitalsanbernardo.com.ar\/web\/wp-json\/wp\/v3\/product\/7819"}],"collection":[{"href":"https:\/\/www.hospitalsanbernardo.com.ar\/web\/wp-json\/wp\/v3\/product"}],"about":[{"href":"https:\/\/www.hospitalsanbernardo.com.ar\/web\/wp-json\/wp\/v2\/types\/product"}],"replies":[{"embeddable":true,"href":"https:\/\/www.hospitalsanbernardo.com.ar\/web\/wp-json\/wp\/v2\/comments?post=7819"}],"wp:featuredmedia":[{"embeddable":true,"href":"https:\/\/www.hospitalsanbernardo.com.ar\/web\/wp-json\/wp\/v2\/media\/7820"}],"wp:attachment":[{"href":"https:\/\/www.hospitalsanbernardo.com.ar\/web\/wp-json\/wp\/v2\/media?parent=7819"}],"wp:term":[{"taxonomy":"product_cat","embeddable":true,"href":"https:\/\/www.hospitalsanbernardo.com.ar\/web\/wp-json\/wp\/v2\/product_cat?post=7819"},{"taxonomy":"product_tag","embeddable":true,"href":"https:\/\/www.hospitalsanbernardo.com.ar\/web\/wp-json\/wp\/v2\/product_tag?post=7819"}],"curies":[{"name":"wp","href":"https:\/\/api.w.org\/{rel}","templated":true}]}}