{"id":7794,"date":"2026-04-27T08:57:19","date_gmt":"2026-04-27T11:57:19","guid":{"rendered":"https:\/\/www.hospitalsanbernardo.com.ar\/web\/?post_type=product&#038;p=7794"},"modified":"2026-04-27T08:58:39","modified_gmt":"2026-04-27T11:58:39","slug":"concurrencias-hsb-enfermeria","status":"publish","type":"product","link":"https:\/\/www.hospitalsanbernardo.com.ar\/web\/noticias\/concurrencias-hsb-enfermeria\/","title":{"rendered":"CONCURRENCIAS HSB: ENFERMER\u00cdA"},"content":{"rendered":"<p>El Hospital San Bernardo informa que, del 04 al 15 de Mayo, se habilitar\u00e1n las inscripciones a la siguiente concurrencia:<\/p>\n<p>\u25aa\ufe0f Enfermer\u00eda (8 cupos)<\/p>\n<p>En esta oportunidad la convocatoria esta dirigida a licenciados en enfermer\u00eda, enfermeros universitarios y enfermeros profesionales e iniciar\u00e1 el lunes 28 de septiembre.<\/p>\n<p>\ud83d\udc49\ud83c\udffc Para m\u00e1s informaci\u00f3n, solicitud de temario y bibliograf\u00eda: Programa de Desarrollo Organizacional &#8211; 3875268778.<\/p>\n","protected":false},"excerpt":{"rendered":"<p>El Hospital San Bernardo informa que, del 04 al 15 de Mayo, se habilitar\u00e1n las inscripciones a la siguiente concurrencia: \u25aa\ufe0f Enfermer\u00eda (8 cupos) En esta oportunidad la convocatoria esta dirigida a licenciados en enfermer\u00eda, enfermeros universitarios y enfermeros profesionales e iniciar\u00e1 el lunes 28 de septiembre. \ud83d\udc49\ud83c\udffc Para m\u00e1s informaci\u00f3n, solicitud de temario y [&hellip;]<\/p>\n","protected":false},"featured_media":7796,"comment_status":"closed","ping_status":"closed","template":"","meta":{"_et_pb_use_builder":"","_et_pb_old_content":"","_et_gb_content_width":""},"product_cat":[18,42],"product_tag":[],"class_list":["post-7794","product","type-product","status-publish","has-post-thumbnail","hentry","product_cat-noticias","product_cat-concurrencias"],"_links":{"self":[{"href":"https:\/\/www.hospitalsanbernardo.com.ar\/web\/wp-json\/wp\/v3\/product\/7794"}],"collection":[{"href":"https:\/\/www.hospitalsanbernardo.com.ar\/web\/wp-json\/wp\/v3\/product"}],"about":[{"href":"https:\/\/www.hospitalsanbernardo.com.ar\/web\/wp-json\/wp\/v2\/types\/product"}],"replies":[{"embeddable":true,"href":"https:\/\/www.hospitalsanbernardo.com.ar\/web\/wp-json\/wp\/v2\/comments?post=7794"}],"wp:featuredmedia":[{"embeddable":true,"href":"https:\/\/www.hospitalsanbernardo.com.ar\/web\/wp-json\/wp\/v2\/media\/7796"}],"wp:attachment":[{"href":"https:\/\/www.hospitalsanbernardo.com.ar\/web\/wp-json\/wp\/v2\/media?parent=7794"}],"wp:term":[{"taxonomy":"product_cat","embeddable":true,"href":"https:\/\/www.hospitalsanbernardo.com.ar\/web\/wp-json\/wp\/v2\/product_cat?post=7794"},{"taxonomy":"product_tag","embeddable":true,"href":"https:\/\/www.hospitalsanbernardo.com.ar\/web\/wp-json\/wp\/v2\/product_tag?post=7794"}],"curies":[{"name":"wp","href":"https:\/\/api.w.org\/{rel}","templated":true}]}}