{"id":7787,"date":"2026-04-22T08:54:42","date_gmt":"2026-04-22T11:54:42","guid":{"rendered":"https:\/\/www.hospitalsanbernardo.com.ar\/web\/?post_type=product&#038;p=7787"},"modified":"2026-04-27T08:56:56","modified_gmt":"2026-04-27T11:56:56","slug":"profesionales-del-hospital-san-bernardo-se-capacitaron-en-soporte-vital-cardiovascular-avanzado","status":"publish","type":"product","link":"https:\/\/www.hospitalsanbernardo.com.ar\/web\/noticias\/profesionales-del-hospital-san-bernardo-se-capacitaron-en-soporte-vital-cardiovascular-avanzado\/","title":{"rendered":"Profesionales del Hospital San Bernardo se capacitaron en soporte vital cardiovascular avanzado"},"content":{"rendered":"<p>Impulsado por el Programa de Cl\u00ednica M\u00e9dica de la instituci\u00f3n y con la participaci\u00f3n de la empresa de docencia y capacitaci\u00f3n m\u00e9dica \u201cSimulation Training\u201d, profesionales m\u00e9dicos del Hospital San Bernardo se capacitaron en \u201cACLS\u201d (Soporte Vital Cardiovascular Avanzado).<br \/>\nDurante el encuentro, que consisti\u00f3 en dos d\u00edas de capacitaci\u00f3n, se comparti\u00f3 informaci\u00f3n clave relacionada a mejorar la supervivencia en emergencias cardiovasculares, mediante protocolos estandarizados y basados en evidencia de la American Heart Association, enfatizando en la calidad de la RCP, el trabajo en equipo y la integraci\u00f3n del soporte vital b\u00e1sico con intervenciones avanzadas.<br \/>\nGuillermo Pipet, director medico de Simulation Training, explic\u00f3 la importancia de estos espacios para la formaci\u00f3n profesional del personal. \u201cContar con profesionales entrenados en soporte vital cardiovascular avanzado permite mejorar la seguridad y la calidad de atenci\u00f3n en los pacientes, evitar errores y contribuir a intervenciones y respuestas m\u00e1s favorables ante situaciones cr\u00edticas\u201d, finaliz\u00f3 el doctor.<\/p>\n","protected":false},"excerpt":{"rendered":"<p>Impulsado por el Programa de Cl\u00ednica M\u00e9dica de la instituci\u00f3n y con la participaci\u00f3n de la empresa de docencia y capacitaci\u00f3n m\u00e9dica \u201cSimulation Training\u201d, profesionales m\u00e9dicos del Hospital San Bernardo se capacitaron en \u201cACLS\u201d (Soporte Vital Cardiovascular Avanzado). Durante el encuentro, que consisti\u00f3 en dos d\u00edas de capacitaci\u00f3n, se comparti\u00f3 informaci\u00f3n clave relacionada a mejorar [&hellip;]<\/p>\n","protected":false},"featured_media":7788,"comment_status":"closed","ping_status":"closed","template":"","meta":{"_et_pb_use_builder":"","_et_pb_old_content":"","_et_gb_content_width":""},"product_cat":[18],"product_tag":[],"class_list":["post-7787","product","type-product","status-publish","has-post-thumbnail","hentry","product_cat-noticias"],"_links":{"self":[{"href":"https:\/\/www.hospitalsanbernardo.com.ar\/web\/wp-json\/wp\/v3\/product\/7787"}],"collection":[{"href":"https:\/\/www.hospitalsanbernardo.com.ar\/web\/wp-json\/wp\/v3\/product"}],"about":[{"href":"https:\/\/www.hospitalsanbernardo.com.ar\/web\/wp-json\/wp\/v2\/types\/product"}],"replies":[{"embeddable":true,"href":"https:\/\/www.hospitalsanbernardo.com.ar\/web\/wp-json\/wp\/v2\/comments?post=7787"}],"wp:featuredmedia":[{"embeddable":true,"href":"https:\/\/www.hospitalsanbernardo.com.ar\/web\/wp-json\/wp\/v2\/media\/7788"}],"wp:attachment":[{"href":"https:\/\/www.hospitalsanbernardo.com.ar\/web\/wp-json\/wp\/v2\/media?parent=7787"}],"wp:term":[{"taxonomy":"product_cat","embeddable":true,"href":"https:\/\/www.hospitalsanbernardo.com.ar\/web\/wp-json\/wp\/v2\/product_cat?post=7787"},{"taxonomy":"product_tag","embeddable":true,"href":"https:\/\/www.hospitalsanbernardo.com.ar\/web\/wp-json\/wp\/v2\/product_tag?post=7787"}],"curies":[{"name":"wp","href":"https:\/\/api.w.org\/{rel}","templated":true}]}}