{"id":7778,"date":"2026-04-08T10:00:13","date_gmt":"2026-04-08T13:00:13","guid":{"rendered":"https:\/\/www.hospitalsanbernardo.com.ar\/web\/?post_type=product&#038;p=7778"},"modified":"2026-04-08T10:02:08","modified_gmt":"2026-04-08T13:02:08","slug":"el-hospital-san-bernardo-realizo-una-jorada-de-prevencion-y-promocion-de-higiene-bucal-por-el-dia-mundial-de-la-salud","status":"publish","type":"product","link":"https:\/\/www.hospitalsanbernardo.com.ar\/web\/noticias\/el-hospital-san-bernardo-realizo-una-jorada-de-prevencion-y-promocion-de-higiene-bucal-por-el-dia-mundial-de-la-salud\/","title":{"rendered":"El Hospital San Bernardo realiz\u00f3 una jorada de prevenci\u00f3n y promoci\u00f3n de higiene bucal por el d\u00eda mundial de la salud"},"content":{"rendered":"<p>En el marco del d\u00eda mundial de la salud y con el objetivo de fortalecer las capacidades de autocuidado de la poblaci\u00f3n, reducir factores de riesgo asociados a enfermedades bucodentales y contribuir al desarrollo de estrategias de prevenci\u00f3n, el Programa Comunitario, el Programa de Odontolog\u00eda y Servicios Generales de la instituci\u00f3n desarrollaron una una jornada de prevenci\u00f3n y promoci\u00f3n de la higiene bucal.<br \/>\nLa jornada, tuvo lugar en la puerta principal del Hospital, donde profesionales del Programa de Odontolog\u00eda compartieron con la poblaci\u00f3n informaci\u00f3n importante respecto a la higiene bucal, t\u00e9cnicas para el correcto cepillado, uso del hilo dental y tips a tener en cuenta para la conservaci\u00f3n de una buena salud bucal.<br \/>\nEstas acciones estuvieron acompa\u00f1adas por la entrega de kits de higiene bucal con cepillos de dientes y dentr\u00edficos, con el prop\u00f3sito de facilitar la incorporaci\u00f3n de pr\u00e1cticas preventivas en la vida cotidiana.<br \/>\nEsta intervenci\u00f3n se enmarca dentro del trabajo colaborativo que se realiza entre los Programas del Hospital San Bernardo con el objetivo de acercar a la comunidad los servicios que brinda la instituci\u00f3n.<br \/>\nAl respecto el gerente sanitario de la instituci\u00f3n, Guillermo Lemir, agradeci\u00f3 a los Programas involucrados por esta iniciativa. \u201cEs fundamental contar con estos espacios de prevenci\u00f3n y promoci\u00f3n. La salud bucal es un pilar muy importante en la percepci\u00f3n de la salud humana integral\u201d, explic\u00f3 el doctor.<br \/>\nPor su parte miembros del Programa de Odontolog\u00eda de la instituci\u00f3n recordaron a la comunidad que es fundamental concurrir al odont\u00f3logo cuando el paciente se encuentre en salud bucal y no esperar a que presente alg\u00fan problema de gravedad.<\/p>\n<p><iframe loading=\"lazy\" title=\"JORNADA DE PREVENCI\u00d3N Y PROMOCI\u00d3N DE HIGIENE BUCAL POR EL D\u00cdA MUNDIAL DE LA SALUD\" width=\"1080\" height=\"608\" src=\"https:\/\/www.youtube.com\/embed\/co4UQexeuJU?feature=oembed\" frameborder=\"0\" allow=\"accelerometer; autoplay; clipboard-write; encrypted-media; gyroscope; picture-in-picture; web-share\" referrerpolicy=\"strict-origin-when-cross-origin\" allowfullscreen><\/iframe><\/p>\n","protected":false},"excerpt":{"rendered":"<p>En el marco del d\u00eda mundial de la salud y con el objetivo de fortalecer las capacidades de autocuidado de la poblaci\u00f3n, reducir factores de riesgo asociados a enfermedades bucodentales y contribuir al desarrollo de estrategias de prevenci\u00f3n, el Programa Comunitario, el Programa de Odontolog\u00eda y Servicios Generales de la instituci\u00f3n desarrollaron una una jornada [&hellip;]<\/p>\n","protected":false},"featured_media":7779,"comment_status":"closed","ping_status":"closed","template":"","meta":{"_et_pb_use_builder":"","_et_pb_old_content":"","_et_gb_content_width":""},"product_cat":[18],"product_tag":[],"class_list":["post-7778","product","type-product","status-publish","has-post-thumbnail","hentry","product_cat-noticias"],"_links":{"self":[{"href":"https:\/\/www.hospitalsanbernardo.com.ar\/web\/wp-json\/wp\/v3\/product\/7778"}],"collection":[{"href":"https:\/\/www.hospitalsanbernardo.com.ar\/web\/wp-json\/wp\/v3\/product"}],"about":[{"href":"https:\/\/www.hospitalsanbernardo.com.ar\/web\/wp-json\/wp\/v2\/types\/product"}],"replies":[{"embeddable":true,"href":"https:\/\/www.hospitalsanbernardo.com.ar\/web\/wp-json\/wp\/v2\/comments?post=7778"}],"wp:featuredmedia":[{"embeddable":true,"href":"https:\/\/www.hospitalsanbernardo.com.ar\/web\/wp-json\/wp\/v2\/media\/7779"}],"wp:attachment":[{"href":"https:\/\/www.hospitalsanbernardo.com.ar\/web\/wp-json\/wp\/v2\/media?parent=7778"}],"wp:term":[{"taxonomy":"product_cat","embeddable":true,"href":"https:\/\/www.hospitalsanbernardo.com.ar\/web\/wp-json\/wp\/v2\/product_cat?post=7778"},{"taxonomy":"product_tag","embeddable":true,"href":"https:\/\/www.hospitalsanbernardo.com.ar\/web\/wp-json\/wp\/v2\/product_tag?post=7778"}],"curies":[{"name":"wp","href":"https:\/\/api.w.org\/{rel}","templated":true}]}}