{"id":7775,"date":"2026-03-26T14:34:12","date_gmt":"2026-03-26T17:34:12","guid":{"rendered":"https:\/\/www.hospitalsanbernardo.com.ar\/web\/?post_type=product&#038;p=7775"},"modified":"2026-04-08T10:02:56","modified_gmt":"2026-04-08T13:02:56","slug":"campana-por-el-dia-nacional-de-la-audicion-en-el-hospital-san-bernardo-%f0%9f%91%82%e2%9c%a8","status":"publish","type":"product","link":"https:\/\/www.hospitalsanbernardo.com.ar\/web\/noticias\/campana-por-el-dia-nacional-de-la-audicion-en-el-hospital-san-bernardo-%f0%9f%91%82%e2%9c%a8\/","title":{"rendered":"Campa\u00f1a por el d\u00eda nacional de la audici\u00f3n en el Hospital San Bernardo \ud83d\udc42\u2728"},"content":{"rendered":"<p>En el marco del D\u00eda Nacional de la Audici\u00f3n, el Hospital San Bernardo inici\u00f3 hoy la campa\u00f1a de salud auditiva. La convocatoria se extiende durante la jornada de ma\u00f1ana viernes 27 de marzo. La campa\u00f1a tiene como objetivo concientizar a la poblaci\u00f3n sobre la importancia del cuidado de la audici\u00f3n y la detecci\u00f3n temprana de problemas auditivos.<\/p>\n<p><strong>\u00bfEN QU\u00c9 CONSISTE?<\/strong><br \/>\n\ud83d\udc69\u200d\u2695\ufe0f Evaluaci\u00f3n Integral: Se realizar\u00e1n Otoscop\u00edas (revisi\u00f3n del conducto auditivo) a cargo del Servicio de Otorrinolaringolog\u00eda y Audiometr\u00edas a demanda por el servicio de Fonoaudiolog\u00eda.<\/p>\n<p>\ud83d\udccc Para realizarse el estudio, los interesados deber\u00e1n anunciarse en Gesti\u00f3n de Pacientes y dirigirse posteriormente al Servicio de Fonoaudiolog\u00eda de la instituci\u00f3n (ingreso por calle Boedo). Se entregar\u00e1n 20 n\u00fameros por d\u00eda a partir de las 7.<br \/>\nLos estudios se realizar\u00e1n a partir de las 8, sin necesidad de turno previo y de manera gratuita.<br \/>\nSe recuerda a los pacientes que, para acceder a la campa\u00f1a, deber\u00e1n presentarse con DNI. Durante esta actividad no se realizar\u00e1n aptos f\u00edsicos ni tr\u00e1mites de CUD (Certificado \u00danico de Discapacidad).<\/p>\n<p><strong>REQUISITOS:<\/strong><\/p>\n<p>\u2705 Ser mayor de 15 a\u00f1os.<br \/>\n\u2705 Presentar DNI.<\/p>\n<p>\u26a0\ufe0f Importante: No se realizan aptos f\u00edsicos ni tr\u00e1mites de CUD durante la campa\u00f1a.<\/p>\n<p>\ud83d\udcfa No te pierdas el la transmisi\u00f3n en vivo de Salud Auditiva este lunes 30 de marzo a las 10:00 hs por nuestras redes sociales.<\/p>\n<p><iframe loading=\"lazy\" title=\"CAMPA\u00d1A POR EL D\u00cdA NACIONAL DE LA AUDICI\u00d3N EN EL HOSPITAL SAN BERNARDO \ud83d\udc42\u2728\" width=\"563\" height=\"1000\" src=\"https:\/\/www.youtube.com\/embed\/YsLAuDt3xsk?feature=oembed\" frameborder=\"0\" allow=\"accelerometer; autoplay; clipboard-write; encrypted-media; gyroscope; picture-in-picture; web-share\" referrerpolicy=\"strict-origin-when-cross-origin\" allowfullscreen><\/iframe><\/p>\n<p>&nbsp;<\/p>\n","protected":false},"excerpt":{"rendered":"<p>En el marco del D\u00eda Nacional de la Audici\u00f3n, el Hospital San Bernardo inici\u00f3 hoy la campa\u00f1a de salud auditiva. La convocatoria se extiende durante la jornada de ma\u00f1ana viernes 27 de marzo. La campa\u00f1a tiene como objetivo concientizar a la poblaci\u00f3n sobre la importancia del cuidado de la audici\u00f3n y la detecci\u00f3n temprana de [&hellip;]<\/p>\n","protected":false},"featured_media":7776,"comment_status":"closed","ping_status":"closed","template":"","meta":{"_et_pb_use_builder":"","_et_pb_old_content":"","_et_gb_content_width":""},"product_cat":[18],"product_tag":[],"class_list":["post-7775","product","type-product","status-publish","has-post-thumbnail","hentry","product_cat-noticias"],"_links":{"self":[{"href":"https:\/\/www.hospitalsanbernardo.com.ar\/web\/wp-json\/wp\/v3\/product\/7775"}],"collection":[{"href":"https:\/\/www.hospitalsanbernardo.com.ar\/web\/wp-json\/wp\/v3\/product"}],"about":[{"href":"https:\/\/www.hospitalsanbernardo.com.ar\/web\/wp-json\/wp\/v2\/types\/product"}],"replies":[{"embeddable":true,"href":"https:\/\/www.hospitalsanbernardo.com.ar\/web\/wp-json\/wp\/v2\/comments?post=7775"}],"wp:featuredmedia":[{"embeddable":true,"href":"https:\/\/www.hospitalsanbernardo.com.ar\/web\/wp-json\/wp\/v2\/media\/7776"}],"wp:attachment":[{"href":"https:\/\/www.hospitalsanbernardo.com.ar\/web\/wp-json\/wp\/v2\/media?parent=7775"}],"wp:term":[{"taxonomy":"product_cat","embeddable":true,"href":"https:\/\/www.hospitalsanbernardo.com.ar\/web\/wp-json\/wp\/v2\/product_cat?post=7775"},{"taxonomy":"product_tag","embeddable":true,"href":"https:\/\/www.hospitalsanbernardo.com.ar\/web\/wp-json\/wp\/v2\/product_tag?post=7775"}],"curies":[{"name":"wp","href":"https:\/\/api.w.org\/{rel}","templated":true}]}}