{"id":7772,"date":"2026-03-26T11:40:14","date_gmt":"2026-03-26T14:40:14","guid":{"rendered":"https:\/\/www.hospitalsanbernardo.com.ar\/web\/?post_type=product&#038;p=7772"},"modified":"2026-04-08T10:08:15","modified_gmt":"2026-04-08T13:08:15","slug":"taller-de-automaquillaje-para-pacientes-oncologicas-en-el-hsb-3","status":"publish","type":"product","link":"https:\/\/www.hospitalsanbernardo.com.ar\/web\/noticias\/taller-de-automaquillaje-para-pacientes-oncologicas-en-el-hsb-3\/","title":{"rendered":"Taller de automaquillaje para pacientes oncol\u00f3gicas en el HSB"},"content":{"rendered":"<p>El Servicio de Cuidados Paliativos del Hospital San Bernardo y el Programa Luzca Bien y Si\u00e9ntase Mejor, llevar\u00e1n a cabo, el lunes 06 de abril, un taller de automaquillaje para aquellas pacientes que se encuentren realizando o est\u00e9n por iniciar un tratamiento oncol\u00f3gico. Este espacio, completamente gratuito, ser\u00e1 dictado por maquilladoras profesionales voluntarias del \u00e1mbito salte\u00f1o.<br \/>\nDurante el taller se dictar\u00e1n t\u00e9cnicas de maquillaje, asesoramiento est\u00e9tico y sugerencias para el uso de accesorios, con el objetivo de mitigar el impacto de la enfermedad y tratamiento en la imagen personal.<\/p>\n<p><strong>\u25aa\ufe0f D\u00eda: Lunes 06 de Abril<\/strong><br \/>\n<strong>\u25aa\ufe0f Hora: 11:00 <\/strong><br \/>\n<strong>\u25aa\ufe0f Lugar: Sal\u00f3n Auditorio <\/strong><br \/>\n<strong>\u25aa\ufe0f Inscripci\u00f3n gratuita al: 3874096129<\/strong><\/p>\n","protected":false},"excerpt":{"rendered":"<p>El Servicio de Cuidados Paliativos del Hospital San Bernardo y el Programa Luzca Bien y Si\u00e9ntase Mejor, llevar\u00e1n a cabo, el lunes 06 de abril, un taller de automaquillaje para aquellas pacientes que se encuentren realizando o est\u00e9n por iniciar un tratamiento oncol\u00f3gico. Este espacio, completamente gratuito, ser\u00e1 dictado por maquilladoras profesionales voluntarias del \u00e1mbito [&hellip;]<\/p>\n","protected":false},"featured_media":7773,"comment_status":"closed","ping_status":"closed","template":"","meta":{"_et_pb_use_builder":"","_et_pb_old_content":"","_et_gb_content_width":""},"product_cat":[18],"product_tag":[],"class_list":["post-7772","product","type-product","status-publish","has-post-thumbnail","hentry","product_cat-noticias"],"_links":{"self":[{"href":"https:\/\/www.hospitalsanbernardo.com.ar\/web\/wp-json\/wp\/v3\/product\/7772"}],"collection":[{"href":"https:\/\/www.hospitalsanbernardo.com.ar\/web\/wp-json\/wp\/v3\/product"}],"about":[{"href":"https:\/\/www.hospitalsanbernardo.com.ar\/web\/wp-json\/wp\/v2\/types\/product"}],"replies":[{"embeddable":true,"href":"https:\/\/www.hospitalsanbernardo.com.ar\/web\/wp-json\/wp\/v2\/comments?post=7772"}],"wp:featuredmedia":[{"embeddable":true,"href":"https:\/\/www.hospitalsanbernardo.com.ar\/web\/wp-json\/wp\/v2\/media\/7773"}],"wp:attachment":[{"href":"https:\/\/www.hospitalsanbernardo.com.ar\/web\/wp-json\/wp\/v2\/media?parent=7772"}],"wp:term":[{"taxonomy":"product_cat","embeddable":true,"href":"https:\/\/www.hospitalsanbernardo.com.ar\/web\/wp-json\/wp\/v2\/product_cat?post=7772"},{"taxonomy":"product_tag","embeddable":true,"href":"https:\/\/www.hospitalsanbernardo.com.ar\/web\/wp-json\/wp\/v2\/product_tag?post=7772"}],"curies":[{"name":"wp","href":"https:\/\/api.w.org\/{rel}","templated":true}]}}