{"id":7770,"date":"2026-03-25T14:13:51","date_gmt":"2026-03-25T17:13:51","guid":{"rendered":"https:\/\/www.hospitalsanbernardo.com.ar\/web\/?post_type=product&#038;p=7770"},"modified":"2026-03-25T14:21:25","modified_gmt":"2026-03-25T17:21:25","slug":"el-hospital-san-bernardo-inicia-un-nuevo-ciclo-de-prevencion-contra-la-violencia-%f0%9f%92%9c","status":"publish","type":"product","link":"https:\/\/www.hospitalsanbernardo.com.ar\/web\/noticias\/el-hospital-san-bernardo-inicia-un-nuevo-ciclo-de-prevencion-contra-la-violencia-%f0%9f%92%9c\/","title":{"rendered":"EL HOSPITAL SAN BERNARDO INICIA UN NUEVO CICLO DE PREVENCI\u00d3N CONTRA LA VIOLENCIA \ud83d\udc9c"},"content":{"rendered":"<p>Desde el Hospital San Bernardo, a trav\u00e9s de nuestra Oficina Hospitalaria de Violencia Contra la Mujer, iniciamos un nuevo ciclo de jornadas de concientizaci\u00f3n destinadas a pacientes y acompa\u00f1antes en nuestras salas de espera y sectores de internaci\u00f3n.<\/p>\n<p>Nuestro equipo interdisciplinario trabaja diariamente para brindar herramientas de prevenci\u00f3n y detecci\u00f3n temprana de situaciones de violencia basada en el g\u00e9nero.<\/p>\n<p>\ud83d\udc49<strong>\u00bfQu\u00e9 servicios ofrece la Oficina?<\/strong><\/p>\n<p>* Asesoramiento especializado: Informaci\u00f3n sobre derechos y recursos legales.<br \/>\n* Contenci\u00f3n y escucha: Un espacio seguro y privado para quienes atraviesan estas situaciones.<br \/>\n* Articulaci\u00f3n institucional: Coordinaci\u00f3n con las \u00e1reas de Guardia y Consultorios Externos para una atenci\u00f3n integral.<\/p>\n<p>\ud83d\udccd<br \/>\nAtenci\u00f3n por consultorio: Lunes a viernes de 07:00 a 13:00 hs.<br \/>\nAtenci\u00f3n por Guardia: Disponible las 24 horas, los 365 d\u00edas del a\u00f1o.<\/p>\n<p>La consulta es de car\u00e1cter voluntario y confidencial. Si necesit\u00e1s orientaci\u00f3n o conoc\u00e9s a alguien en situaci\u00f3n de vulnerabilidad, el HSB cuenta con profesionales capacitados para acompa\u00f1arte.<\/p>\n<p><iframe loading=\"lazy\" title=\"EL HOSPITAL SAN BERNARDO INICIA UN NUEVO CICLO DE PREVENCI\u00d3N CONTRA LA VI0LENCIA \ud83d\udc9c\" width=\"563\" height=\"1000\" src=\"https:\/\/www.youtube.com\/embed\/LCscODDiu48?feature=oembed\" frameborder=\"0\" allow=\"accelerometer; autoplay; clipboard-write; encrypted-media; gyroscope; picture-in-picture; web-share\" referrerpolicy=\"strict-origin-when-cross-origin\" allowfullscreen><\/iframe><\/p>\n","protected":false},"excerpt":{"rendered":"<p>Desde el Hospital San Bernardo, a trav\u00e9s de nuestra Oficina Hospitalaria de Violencia Contra la Mujer, iniciamos un nuevo ciclo de jornadas de concientizaci\u00f3n destinadas a pacientes y acompa\u00f1antes en nuestras salas de espera y sectores de internaci\u00f3n. Nuestro equipo interdisciplinario trabaja diariamente para brindar herramientas de prevenci\u00f3n y detecci\u00f3n temprana de situaciones de violencia [&hellip;]<\/p>\n","protected":false},"featured_media":7771,"comment_status":"closed","ping_status":"closed","template":"","meta":{"_et_pb_use_builder":"","_et_pb_old_content":"","_et_gb_content_width":""},"product_cat":[18],"product_tag":[],"class_list":["post-7770","product","type-product","status-publish","has-post-thumbnail","hentry","product_cat-noticias"],"_links":{"self":[{"href":"https:\/\/www.hospitalsanbernardo.com.ar\/web\/wp-json\/wp\/v3\/product\/7770"}],"collection":[{"href":"https:\/\/www.hospitalsanbernardo.com.ar\/web\/wp-json\/wp\/v3\/product"}],"about":[{"href":"https:\/\/www.hospitalsanbernardo.com.ar\/web\/wp-json\/wp\/v2\/types\/product"}],"replies":[{"embeddable":true,"href":"https:\/\/www.hospitalsanbernardo.com.ar\/web\/wp-json\/wp\/v2\/comments?post=7770"}],"wp:featuredmedia":[{"embeddable":true,"href":"https:\/\/www.hospitalsanbernardo.com.ar\/web\/wp-json\/wp\/v2\/media\/7771"}],"wp:attachment":[{"href":"https:\/\/www.hospitalsanbernardo.com.ar\/web\/wp-json\/wp\/v2\/media?parent=7770"}],"wp:term":[{"taxonomy":"product_cat","embeddable":true,"href":"https:\/\/www.hospitalsanbernardo.com.ar\/web\/wp-json\/wp\/v2\/product_cat?post=7770"},{"taxonomy":"product_tag","embeddable":true,"href":"https:\/\/www.hospitalsanbernardo.com.ar\/web\/wp-json\/wp\/v2\/product_tag?post=7770"}],"curies":[{"name":"wp","href":"https:\/\/api.w.org\/{rel}","templated":true}]}}