{"id":7768,"date":"2026-03-20T13:42:34","date_gmt":"2026-03-20T16:42:34","guid":{"rendered":"https:\/\/www.hospitalsanbernardo.com.ar\/web\/?post_type=product&#038;p=7768"},"modified":"2026-03-20T13:54:43","modified_gmt":"2026-03-20T16:54:43","slug":"dia-de-nacional-de-la-columna-vertebral-el-hospital-san-bernardo-destaca-la-importancia-de-su-unidad-especializada-certificada-por-la-sapcv","status":"publish","type":"product","link":"https:\/\/www.hospitalsanbernardo.com.ar\/web\/noticias\/dia-de-nacional-de-la-columna-vertebral-el-hospital-san-bernardo-destaca-la-importancia-de-su-unidad-especializada-certificada-por-la-sapcv\/","title":{"rendered":"D\u00cdA DE NACIONAL DE LA COLUMNA VERTEBRAL:\u00a0El Hospital San Bernardo destaca la importancia de su Unidad Especializada certificada por la SAPCV"},"content":{"rendered":"<p>Cada <b>23 de marzo<\/b>, en el marco del\u00a0<b>D\u00eda Nacional de la Columna Vertebral<\/b>, se busca concientizar a la poblaci\u00f3n sobre el cuidado de la salud vertebral y la prevenci\u00f3n de enfermedades que afectan la calidad de vida de millones de personas a diario. Es una fecha clave para promover h\u00e1bitos saludables y el diagn\u00f3stico temprano de patolog\u00edas que impactan en la movilidad y el bienestar general.<br \/>\nEn este marco, el Dr. Rodrigo Torres, Jefe de la Unidad de Columna Vertebral del Hospital San Bernardo, resalt\u00f3 la jerarqu\u00eda de los servicios que brinda la instituci\u00f3n. \u00abContamos con una Unidad de Columna Vertebral que se encuentra avalada y certificada por la Sociedad Argentina de Patolog\u00eda de la Columna Vertebral (SAPCV), lo que garantiza una atenci\u00f3n de excelencia para todos los salte\u00f1os\u00bb, expres\u00f3 el especialista. Cabe destacar que la SAPCV est\u00e1 conformada \u00edntegramente por cirujanos certificados de todo el pa\u00eds, lo que garantiza un servicio de alt\u00edsimo nivel\u00a0bajo estrictos protocolos de seguridad, diagn\u00f3stico y tratamiento.<\/p>\n<p><b>La importancia de la prevenci\u00f3n<br \/>\n<\/b>Bajo el lema nacional \u201cNo pierdas el eje\u201d, el HSB refuerza la necesidad de la consulta m\u00e9dica ante dolencias comunes pero potencialmente inhabilitantes, como la lumbalgia y la osteoporosis. La detecci\u00f3n temprana y el seguimiento especializado son fundamentales para evitar complicaciones mayores.<\/p>\n<p><b>Servicios y Acceso a Turnos<br \/>\n<\/b>La Unidad de Columna del HSB ofrece un abordaje integral que incluye desde controles de rutina hasta intervenciones quir\u00fargicas complejas.<\/p>\n<p><b>Para acceder a la atenci\u00f3n, los pacientes deben seguir el siguiente protocolo:<\/b>\u00a0<i>Derivaci\u00f3n:<\/i>\u00a0El paciente debe ser evaluado inicialmente por el servicio de Traumatolog\u00eda General.<br \/>\n<i>Gesti\u00f3n de turnos:<\/i>\u00a0Se pueden solicitar a trav\u00e9s de la l\u00ednea gratuita de atenci\u00f3n ciudadana 148.<\/p>\n<p>Con esta infraestructura y respaldo cient\u00edfico, el Hospital San Bernardo reafirma su compromiso con la salud p\u00fablica de alta complejidad en la provincia.<\/p>\n<p>&nbsp;<\/p>\n<p><iframe loading=\"lazy\" title=\"D\u00cdA DE NACIONAL DE LA COLUMNA VERTEBRAL\" width=\"1080\" height=\"608\" src=\"https:\/\/www.youtube.com\/embed\/PvMsJtgZnpk?feature=oembed\" frameborder=\"0\" allow=\"accelerometer; autoplay; clipboard-write; encrypted-media; gyroscope; picture-in-picture; web-share\" referrerpolicy=\"strict-origin-when-cross-origin\" allowfullscreen><\/iframe><\/p>\n<p>&nbsp;<\/p>\n","protected":false},"excerpt":{"rendered":"<p>Cada 23 de marzo, en el marco del\u00a0D\u00eda Nacional de la Columna Vertebral, se busca concientizar a la poblaci\u00f3n sobre el cuidado de la salud vertebral y la prevenci\u00f3n de enfermedades que afectan la calidad de vida de millones de personas a diario. Es una fecha clave para promover h\u00e1bitos saludables y el diagn\u00f3stico temprano [&hellip;]<\/p>\n","protected":false},"featured_media":7769,"comment_status":"closed","ping_status":"closed","template":"","meta":{"_et_pb_use_builder":"","_et_pb_old_content":"","_et_gb_content_width":""},"product_cat":[18],"product_tag":[],"class_list":["post-7768","product","type-product","status-publish","has-post-thumbnail","hentry","product_cat-noticias"],"_links":{"self":[{"href":"https:\/\/www.hospitalsanbernardo.com.ar\/web\/wp-json\/wp\/v3\/product\/7768"}],"collection":[{"href":"https:\/\/www.hospitalsanbernardo.com.ar\/web\/wp-json\/wp\/v3\/product"}],"about":[{"href":"https:\/\/www.hospitalsanbernardo.com.ar\/web\/wp-json\/wp\/v2\/types\/product"}],"replies":[{"embeddable":true,"href":"https:\/\/www.hospitalsanbernardo.com.ar\/web\/wp-json\/wp\/v2\/comments?post=7768"}],"wp:featuredmedia":[{"embeddable":true,"href":"https:\/\/www.hospitalsanbernardo.com.ar\/web\/wp-json\/wp\/v2\/media\/7769"}],"wp:attachment":[{"href":"https:\/\/www.hospitalsanbernardo.com.ar\/web\/wp-json\/wp\/v2\/media?parent=7768"}],"wp:term":[{"taxonomy":"product_cat","embeddable":true,"href":"https:\/\/www.hospitalsanbernardo.com.ar\/web\/wp-json\/wp\/v2\/product_cat?post=7768"},{"taxonomy":"product_tag","embeddable":true,"href":"https:\/\/www.hospitalsanbernardo.com.ar\/web\/wp-json\/wp\/v2\/product_tag?post=7768"}],"curies":[{"name":"wp","href":"https:\/\/api.w.org\/{rel}","templated":true}]}}