{"id":7761,"date":"2026-03-19T13:08:25","date_gmt":"2026-03-19T16:08:25","guid":{"rendered":"https:\/\/www.hospitalsanbernardo.com.ar\/web\/?post_type=product&#038;p=7761"},"modified":"2026-03-19T13:32:16","modified_gmt":"2026-03-19T16:32:16","slug":"residencias-hsb-2026-2","status":"publish","type":"product","link":"https:\/\/www.hospitalsanbernardo.com.ar\/web\/noticias\/residencias-hsb-2026-2\/","title":{"rendered":"RESIDENCIAS HSB 2026"},"content":{"rendered":"<p>Se informa a los profesionales de las Ciencias de la Salud que, desde el 20 de marzo hasta el 20 de abril, se encuentra habilitado el per\u00edodo de preinscripci\u00f3n para las Residencias del Hospital San Bernardo.<\/p>\n<p>Este sistema de formaci\u00f3n de postgrado, de car\u00e1cter remunerado, est\u00e1 destinado a graduados recientes que busquen la adquisici\u00f3n de competencias espec\u00edficas en una especialidad.<\/p>\n<p>\ud83d\udccc<strong> Informaci\u00f3n sobre la Inscripci\u00f3n:<\/strong><\/p>\n<p>Modalidad: Presencial (entrega de documentaci\u00f3n).<br \/>\nLugar: Programa de Desarrollo Organizacional HSB.<br \/>\nHorario: 08:00 a 13:00 horas. De Lunes a Viernes<br \/>\nFecha de Examen \u00danico: S\u00e1bado 25 de abril de 2026.<\/p>\n<p><em>\ud83c\udfe5 <strong>Especialidades y Duraci\u00f3n:<\/strong><\/em><\/p>\n<p><strong>\u25aa\ufe0f CIRUG\u00cdA GENERAL :<\/strong> Duraci\u00f3n: 4 a\u00f1os<br \/>\n\u25aa\ufe0f<strong> CL\u00cdNICA M\u00c9DICA:<\/strong> Duraci\u00f3n: 4 a\u00f1os<br \/>\n<strong>\u25aa\ufe0f CARDIOLOG\u00cdA:<\/strong> Duraci\u00f3n 4 a\u00f1os<br \/>\n<strong>\u25aa\ufe0f NEUROLOG\u00cdA:<\/strong> Duraci\u00f3n 4 a\u00f1os<br \/>\n<strong>\u25aa\ufe0f TRAUMATOLOG\u00cdA Y ORTOPEDIA:<\/strong> Duraci\u00f3n 4 a\u00f1os<br \/>\n<strong>\u25aa\ufe0f BIOQU\u00cdMICA:<\/strong> Duraci\u00f3n: 3 a\u00f1os<br \/>\n<strong>\u25aa\ufe0f GASTROENTEROLOG\u00cdA:<\/strong> Duraci\u00f3n 4 a\u00f1os<br \/>\n\u25aa\ufe0f<strong> ENFERMER\u00cdA C\/O EN UTI :<\/strong> Duraci\u00f3n: 3 a\u00f1os<br \/>\n<strong>\u25aa\ufe0f HEMATOLOG\u00cdA:<\/strong> Duraci\u00f3n: 4 a\u00f1os<br \/>\n<strong>\u25aa\ufe0f FARMACIA:<\/strong> Duraci\u00f3n: 3 a\u00f1os<br \/>\n<strong>\u25aa\ufe0f UROLOG\u00cdA:<\/strong> Duraci\u00f3n: 4 a\u00f1os<br \/>\n<strong>\u25aa\ufe0f NEUROLOG\u00cdA:<\/strong> Duraci\u00f3n: 4 a\u00f1os<br \/>\n<strong>\u25aa\ufe0f ANESTESIA:<\/strong> Duraci\u00f3n 4 a\u00f1os<br \/>\n<strong>\u25aa\ufe0f UTI<\/strong>: 4 a\u00f1os<\/p>\n<p><strong><em>\ud83d\udcc4 Documentaci\u00f3n requerida:<\/em><\/strong><br \/>\n* Fotocopia autenticada del t\u00edtulo Universitario o constancia del t\u00edtulo en tr\u00e1mite.<br \/>\n* Fotocopia autenticada del certificado anal\u00edtico, con aplazos.<br \/>\n* Fotocopia autenticada del D.N.I.<br \/>\n* 2(dos) fotos actualizadas 4&#215;4 color.<br \/>\n* CUIL<br \/>\n* Fotocopia de los antecedentes de pre y pos-grado (Curr\u00edculum).<br \/>\n* Antecedentes Penales a Nivel Nacional.<br \/>\n* Solicitud de inscripci\u00f3n en formulario especial (ser\u00e1 entregado en el momento de la inscripci\u00f3n)<br \/>\n* Ser argentino\/a nativo\/a, extranjero\/a, naturalizado o con radicaci\u00f3n permanente.<br \/>\n* Por Requisitos de Edad y A\u00f1os de recibido Consultar en la sede.<\/p>\n<p>\u26a0\ufe0f Nota importante: La inscripci\u00f3n es personal. En caso de delegar el tr\u00e1mite, se requiere autorizaci\u00f3n por escrito ante escribano p\u00fablico o autoridad policial.<\/p>\n<p><strong><em>\ud83d\udcde Consultas e Informes:<\/em><\/strong><br \/>\nPrograma de Desarrollo Organizacional HSB<br \/>\nWhatsApp: 3875268778<\/p>\n<p>&nbsp;<\/p>\n","protected":false},"excerpt":{"rendered":"<p>Se informa a los profesionales de las Ciencias de la Salud que, desde el 20 de marzo hasta el 20 de abril, se encuentra habilitado el per\u00edodo de preinscripci\u00f3n para las Residencias del Hospital San Bernardo. Este sistema de formaci\u00f3n de postgrado, de car\u00e1cter remunerado, est\u00e1 destinado a graduados recientes que busquen la adquisici\u00f3n de [&hellip;]<\/p>\n","protected":false},"featured_media":7762,"comment_status":"closed","ping_status":"closed","template":"","meta":{"_et_pb_use_builder":"","_et_pb_old_content":"","_et_gb_content_width":""},"product_cat":[18,41],"product_tag":[],"class_list":["post-7761","product","type-product","status-publish","has-post-thumbnail","hentry","product_cat-noticias","product_cat-residencias"],"_links":{"self":[{"href":"https:\/\/www.hospitalsanbernardo.com.ar\/web\/wp-json\/wp\/v3\/product\/7761"}],"collection":[{"href":"https:\/\/www.hospitalsanbernardo.com.ar\/web\/wp-json\/wp\/v3\/product"}],"about":[{"href":"https:\/\/www.hospitalsanbernardo.com.ar\/web\/wp-json\/wp\/v2\/types\/product"}],"replies":[{"embeddable":true,"href":"https:\/\/www.hospitalsanbernardo.com.ar\/web\/wp-json\/wp\/v2\/comments?post=7761"}],"wp:featuredmedia":[{"embeddable":true,"href":"https:\/\/www.hospitalsanbernardo.com.ar\/web\/wp-json\/wp\/v2\/media\/7762"}],"wp:attachment":[{"href":"https:\/\/www.hospitalsanbernardo.com.ar\/web\/wp-json\/wp\/v2\/media?parent=7761"}],"wp:term":[{"taxonomy":"product_cat","embeddable":true,"href":"https:\/\/www.hospitalsanbernardo.com.ar\/web\/wp-json\/wp\/v2\/product_cat?post=7761"},{"taxonomy":"product_tag","embeddable":true,"href":"https:\/\/www.hospitalsanbernardo.com.ar\/web\/wp-json\/wp\/v2\/product_tag?post=7761"}],"curies":[{"name":"wp","href":"https:\/\/api.w.org\/{rel}","templated":true}]}}