{"id":7752,"date":"2026-03-11T10:23:05","date_gmt":"2026-03-11T13:23:05","guid":{"rendered":"https:\/\/www.hospitalsanbernardo.com.ar\/web\/?post_type=product&#038;p=7752"},"modified":"2026-03-11T10:26:48","modified_gmt":"2026-03-11T13:26:48","slug":"concurrencias-hsb-laboratorio-bioquimico-anatomia-patologica","status":"publish","type":"product","link":"https:\/\/www.hospitalsanbernardo.com.ar\/web\/noticias\/concurrencias-hsb-laboratorio-bioquimico-anatomia-patologica\/","title":{"rendered":"CONCURRENCIAS HSB: LABORATORIO BIOQU\u00cdMICO &#8211; ANATOM\u00cdA PATOL\u00d3GICA"},"content":{"rendered":"<p>El Hospital San Bernardo informa que, del 16 al 31 de marzo, se habilitar\u00e1n las inscripciones a la siguiente concurrencia:<\/p>\n<p>\u25aa\ufe0f LABORATORIO BIOQU\u00cdMICO &#8211; ANATOM\u00cdA PATOL\u00d3GICA (2 cupos)<\/p>\n<p>En esta oportunidad la convocatoria esta dirigida a licenciados y\/o t\u00e9cnicos en laboratorio bioqu\u00edmico e iniciar\u00e1 e iniciar\u00e1 el lunes 4 de mayo.<br \/>\nPara m\u00e1s informaci\u00f3n: Programa de Desarrollo Organizacional &#8211; 3875268778.<\/p>\n","protected":false},"excerpt":{"rendered":"<p>El Hospital San Bernardo informa que, del 16 al 31 de marzo, se habilitar\u00e1n las inscripciones a la siguiente concurrencia: \u25aa\ufe0f LABORATORIO BIOQU\u00cdMICO &#8211; ANATOM\u00cdA PATOL\u00d3GICA (2 cupos) En esta oportunidad la convocatoria esta dirigida a licenciados y\/o t\u00e9cnicos en laboratorio bioqu\u00edmico e iniciar\u00e1 e iniciar\u00e1 el lunes 4 de mayo. Para m\u00e1s informaci\u00f3n: Programa [&hellip;]<\/p>\n","protected":false},"featured_media":7753,"comment_status":"closed","ping_status":"closed","template":"","meta":{"_et_pb_use_builder":"","_et_pb_old_content":"","_et_gb_content_width":""},"product_cat":[18,42],"product_tag":[],"class_list":["post-7752","product","type-product","status-publish","has-post-thumbnail","hentry","product_cat-noticias","product_cat-concurrencias"],"_links":{"self":[{"href":"https:\/\/www.hospitalsanbernardo.com.ar\/web\/wp-json\/wp\/v3\/product\/7752"}],"collection":[{"href":"https:\/\/www.hospitalsanbernardo.com.ar\/web\/wp-json\/wp\/v3\/product"}],"about":[{"href":"https:\/\/www.hospitalsanbernardo.com.ar\/web\/wp-json\/wp\/v2\/types\/product"}],"replies":[{"embeddable":true,"href":"https:\/\/www.hospitalsanbernardo.com.ar\/web\/wp-json\/wp\/v2\/comments?post=7752"}],"wp:featuredmedia":[{"embeddable":true,"href":"https:\/\/www.hospitalsanbernardo.com.ar\/web\/wp-json\/wp\/v2\/media\/7753"}],"wp:attachment":[{"href":"https:\/\/www.hospitalsanbernardo.com.ar\/web\/wp-json\/wp\/v2\/media?parent=7752"}],"wp:term":[{"taxonomy":"product_cat","embeddable":true,"href":"https:\/\/www.hospitalsanbernardo.com.ar\/web\/wp-json\/wp\/v2\/product_cat?post=7752"},{"taxonomy":"product_tag","embeddable":true,"href":"https:\/\/www.hospitalsanbernardo.com.ar\/web\/wp-json\/wp\/v2\/product_tag?post=7752"}],"curies":[{"name":"wp","href":"https:\/\/api.w.org\/{rel}","templated":true}]}}