{"id":7748,"date":"2026-03-02T12:49:44","date_gmt":"2026-03-02T15:49:44","guid":{"rendered":"https:\/\/www.hospitalsanbernardo.com.ar\/web\/?post_type=product&#038;p=7748"},"modified":"2026-03-02T13:01:36","modified_gmt":"2026-03-02T16:01:36","slug":"lanzamiento-de-la-5o-edicion-del-bingo-san-bernardo","status":"publish","type":"product","link":"https:\/\/www.hospitalsanbernardo.com.ar\/web\/noticias\/lanzamiento-de-la-5o-edicion-del-bingo-san-bernardo\/","title":{"rendered":"Lanzamiento de la 5\u00ba edici\u00f3n del Bingo San Bernardo"},"content":{"rendered":"<p>De la presentaci\u00f3n participaron el dr. Pablo Salom\u00f3n, gerente del HSB y su equipo gerencial, la licenciada Carolina Romano, vicepresidenta de la Fundaci\u00f3n San Bernardo y el contador Sebasti\u00e1n Crist\u00f3fari.<br \/>\nEste bingo se enmarca dentro de las acciones solidarias que realiza la Fundaci\u00f3n San Bernardo en beneficio del Hospital. Como en cada edici\u00f3n, esta propuesta solidaria busca contribuir a la instituci\u00f3n a trav\u00e9s de la incorporaci\u00f3n equipamiento y tecnolog\u00eda que permitan mejorar la calidad de atenci\u00f3n y ampliar las posibilidades de tratamiento para los pacientes.<br \/>\nCarolina Romano, videpresidenta de la Fundaci\u00f3n San Bernardo, coment\u00f3 las diferentes iniciativas que se llevan a cabo desde la Fundaci\u00f3n en beneficio del Hospital. \u201cDesde la Fundacion San Bernardo venimos sumando acciones concretas en cada uno de estos objetivos de recaudaci\u00f3n, hoy estamos muy contentos de podes lanzar la quinta edici\u00f3n del bingo que en esta oportunidad busca fortalecer el Servicio de Oftalmolog\u00eda\u201d, finaliz\u00f3 la licenciada.<br \/>\nPor su parte Pablo Salom\u00f3n agradeci\u00f3 el trabajo y acompa\u00f1amiento de la Fundaci\u00f3n durante estos a\u00f1os. \u00abEn esta oportunidad la adquisici\u00f3n de un facoemulsificador se constituye como una tecnolog\u00eda clave que permitir\u00e1 realizar intervenciones m\u00e1s seguras, m\u00e1s precisas y con una recuperaci\u00f3n m\u00e1s r\u00e1pida\u00bb, explic\u00f3 el gerente del HSB.<br \/>\nEsta quinta edici\u00f3n del Bingo, se sortear\u00e1 el pr\u00f3ximo 15 de marzo del corriente a\u00f1o. Entre los principales premios, se sortear\u00e1n 4 autos 0KM y 247.500.000 en efectivo a repartir, y los carteles pueden adquirirse con su vendedor amigo, en agencias y subagencias de la Loter\u00eda de Salta, o a trav\u00e9s de la p\u00e1gina web oficial de Bingos del Norte.<\/p>\n<p><iframe loading=\"lazy\" title=\"LANZAMIENTO DE LA QUINTA EDICI\u00d3N DEL BINGO DEL HOSPITAL SAN BERNARDO\" width=\"1080\" height=\"608\" src=\"https:\/\/www.youtube.com\/embed\/xnNzBKgZ8NM?feature=oembed\" frameborder=\"0\" allow=\"accelerometer; autoplay; clipboard-write; encrypted-media; gyroscope; picture-in-picture; web-share\" referrerpolicy=\"strict-origin-when-cross-origin\" allowfullscreen><\/iframe><\/p>\n","protected":false},"excerpt":{"rendered":"<p>De la presentaci\u00f3n participaron el dr. Pablo Salom\u00f3n, gerente del HSB y su equipo gerencial, la licenciada Carolina Romano, vicepresidenta de la Fundaci\u00f3n San Bernardo y el contador Sebasti\u00e1n Crist\u00f3fari. Este bingo se enmarca dentro de las acciones solidarias que realiza la Fundaci\u00f3n San Bernardo en beneficio del Hospital. Como en cada edici\u00f3n, esta propuesta [&hellip;]<\/p>\n","protected":false},"featured_media":7749,"comment_status":"closed","ping_status":"closed","template":"","meta":{"_et_pb_use_builder":"","_et_pb_old_content":"","_et_gb_content_width":""},"product_cat":[18],"product_tag":[],"class_list":["post-7748","product","type-product","status-publish","has-post-thumbnail","hentry","product_cat-noticias"],"_links":{"self":[{"href":"https:\/\/www.hospitalsanbernardo.com.ar\/web\/wp-json\/wp\/v3\/product\/7748"}],"collection":[{"href":"https:\/\/www.hospitalsanbernardo.com.ar\/web\/wp-json\/wp\/v3\/product"}],"about":[{"href":"https:\/\/www.hospitalsanbernardo.com.ar\/web\/wp-json\/wp\/v2\/types\/product"}],"replies":[{"embeddable":true,"href":"https:\/\/www.hospitalsanbernardo.com.ar\/web\/wp-json\/wp\/v2\/comments?post=7748"}],"wp:featuredmedia":[{"embeddable":true,"href":"https:\/\/www.hospitalsanbernardo.com.ar\/web\/wp-json\/wp\/v2\/media\/7749"}],"wp:attachment":[{"href":"https:\/\/www.hospitalsanbernardo.com.ar\/web\/wp-json\/wp\/v2\/media?parent=7748"}],"wp:term":[{"taxonomy":"product_cat","embeddable":true,"href":"https:\/\/www.hospitalsanbernardo.com.ar\/web\/wp-json\/wp\/v2\/product_cat?post=7748"},{"taxonomy":"product_tag","embeddable":true,"href":"https:\/\/www.hospitalsanbernardo.com.ar\/web\/wp-json\/wp\/v2\/product_tag?post=7748"}],"curies":[{"name":"wp","href":"https:\/\/api.w.org\/{rel}","templated":true}]}}