{"id":7745,"date":"2026-02-23T13:14:15","date_gmt":"2026-02-23T16:14:15","guid":{"rendered":"https:\/\/www.hospitalsanbernardo.com.ar\/web\/?post_type=product&#038;p=7745"},"modified":"2026-02-23T13:17:50","modified_gmt":"2026-02-23T16:17:50","slug":"curso-de-actualizacion-de-traumatologia-y-ortopedia-2026","status":"publish","type":"product","link":"https:\/\/www.hospitalsanbernardo.com.ar\/web\/noticias\/curso-de-actualizacion-de-traumatologia-y-ortopedia-2026\/","title":{"rendered":"Curso de actualizaci\u00f3n de \u00abTraumatolog\u00eda y Ortopedia 2026\u00bb"},"content":{"rendered":"<p>El Programa de Traumatolog\u00eda y Ortopedia del Hospital San Bernardo invita a residentes, m\u00e9dicos de planta, especialistas de traumatolog\u00eda y ortopedia y fisioterapeutas a participar del siguiente espacio de capacitaci\u00f3n:<br \/>\n\u25aa\ufe0f Curso de actualizaci\u00f3n de traumatolog\u00eda y ortopedia 2026<br \/>\n\u25aa\ufe0f Fecha y horario: De marzo a noviembre 2026, con encuentros mensuales el \u00faltimo viernes h\u00e1bil, de 9 a 14.<br \/>\n\u25aa\ufe0f Lugar: Salon auditorio HSB<br \/>\n\u25aa\ufe0f Disertantes:<br \/>\n&#8211; Dr Agust\u00edn Donndorf (Buenos Aires)<br \/>\n&#8211; Dr. Pablo Segura (C\u00f3rdoba)<br \/>\n&#8211; Dr. Lucas Campos (C\u00f3rdoba)<br \/>\n&#8211; Dr. Luis Aponte Tinao (Buenos Aires)<br \/>\n&#8211; Dr Carlos Yacuzzi (Buenos Aires)<br \/>\n&#8211; Dr Alberto Casteulani (Buenos Aires)<br \/>\n\u25aa\ufe0f Cupo: 100 personas.<br \/>\n\u25aa\ufe0f Informes e inscripci\u00f3n: info@asotsalta.com.ar<br \/>\nEl curso pretende proporcionar herramientas te\u00f3rico-pr\u00e1cticas para que los profesionales tengan acceso r\u00e1pido a informaci\u00f3n actualizada y sistem\u00e1tica, facilitando as\u00ed la resoluci\u00f3n de los problemas cl\u00ednicos que enfrentan en su pr\u00e1ctica diaria. Este espacio de formaci\u00f3n recorrer\u00e1 mensualmente diferentes m\u00f3dulos donde los participantes podr\u00e1n ampliar sus conocimientos en relaci\u00f3n a cadera, rodilla, ortopedia oncol\u00f3gica, pie y tobillo, trauma, miembro superior y columna. Durante el \u00faltimo encuentro del curso tendr\u00e1 lugar un examen final integrador sobre los contenidos desarrollados.<\/p>\n","protected":false},"excerpt":{"rendered":"<p>El Programa de Traumatolog\u00eda y Ortopedia del Hospital San Bernardo invita a residentes, m\u00e9dicos de planta, especialistas de traumatolog\u00eda y ortopedia y fisioterapeutas a participar del siguiente espacio de capacitaci\u00f3n: \u25aa\ufe0f Curso de actualizaci\u00f3n de traumatolog\u00eda y ortopedia 2026 \u25aa\ufe0f Fecha y horario: De marzo a noviembre 2026, con encuentros mensuales el \u00faltimo viernes h\u00e1bil, [&hellip;]<\/p>\n","protected":false},"featured_media":7746,"comment_status":"closed","ping_status":"closed","template":"","meta":{"_et_pb_use_builder":"","_et_pb_old_content":"","_et_gb_content_width":""},"product_cat":[18],"product_tag":[],"class_list":["post-7745","product","type-product","status-publish","has-post-thumbnail","hentry","product_cat-noticias"],"_links":{"self":[{"href":"https:\/\/www.hospitalsanbernardo.com.ar\/web\/wp-json\/wp\/v3\/product\/7745"}],"collection":[{"href":"https:\/\/www.hospitalsanbernardo.com.ar\/web\/wp-json\/wp\/v3\/product"}],"about":[{"href":"https:\/\/www.hospitalsanbernardo.com.ar\/web\/wp-json\/wp\/v2\/types\/product"}],"replies":[{"embeddable":true,"href":"https:\/\/www.hospitalsanbernardo.com.ar\/web\/wp-json\/wp\/v2\/comments?post=7745"}],"wp:featuredmedia":[{"embeddable":true,"href":"https:\/\/www.hospitalsanbernardo.com.ar\/web\/wp-json\/wp\/v2\/media\/7746"}],"wp:attachment":[{"href":"https:\/\/www.hospitalsanbernardo.com.ar\/web\/wp-json\/wp\/v2\/media?parent=7745"}],"wp:term":[{"taxonomy":"product_cat","embeddable":true,"href":"https:\/\/www.hospitalsanbernardo.com.ar\/web\/wp-json\/wp\/v2\/product_cat?post=7745"},{"taxonomy":"product_tag","embeddable":true,"href":"https:\/\/www.hospitalsanbernardo.com.ar\/web\/wp-json\/wp\/v2\/product_tag?post=7745"}],"curies":[{"name":"wp","href":"https:\/\/api.w.org\/{rel}","templated":true}]}}