{"id":7239,"date":"2025-05-07T11:10:46","date_gmt":"2025-05-07T14:10:46","guid":{"rendered":"https:\/\/www.hospitalsanbernardo.com.ar\/web\/?post_type=product&#038;p=7239"},"modified":"2025-05-07T11:29:24","modified_gmt":"2025-05-07T14:29:24","slug":"jornada-institucional-en-el-hsb-por-el-dia-mundial-de-la-higiene-de-manos","status":"publish","type":"product","link":"https:\/\/www.hospitalsanbernardo.com.ar\/web\/noticias\/jornada-institucional-en-el-hsb-por-el-dia-mundial-de-la-higiene-de-manos\/","title":{"rendered":"Jornada institucional en el HSB por el d\u00eda mundial de la higiene de manos"},"content":{"rendered":"<p>Dentro del marco del D\u00eda Mundial de la Higiene de Manos, el Comit\u00e9 de Prevenci\u00f3n y Control de Infecciones asociadas al Cuidado de la Salud invita a la comunidad a participar de la siguiente jornada:<\/p>\n<p>\u25aa\ufe0f \u201cGuantes a veces, higiene de manos siempre\u201d<br \/>\n\u25aa\ufe0f Hall Central del HSB<br \/>\n\u25aa\ufe0f 09\/05\/2025<br \/>\n\u25aa\ufe0f 8:00 a 11:30<br \/>\n\u25aa\ufe0f Juegos did\u00e1cticos y premios<\/p>\n<p>Durante el encuentro, se har\u00e1 hincapi\u00e9 en el uso adecuado de guantes resaltando que la higiene de las manos salva millones de vidas cada a\u00f1o cuando se realiza en el momento adecuado y de la manera correcta durante la prestaci\u00f3n de atenci\u00f3n de salud.<\/p>\n","protected":false},"excerpt":{"rendered":"<p>Dentro del marco del D\u00eda Mundial de la Higiene de Manos, el Comit\u00e9 de Prevenci\u00f3n y Control de Infecciones asociadas al Cuidado de la Salud invita a la comunidad a participar de la siguiente jornada: \u25aa\ufe0f \u201cGuantes a veces, higiene de manos siempre\u201d \u25aa\ufe0f Hall Central del HSB \u25aa\ufe0f 09\/05\/2025 \u25aa\ufe0f 8:00 a 11:30 \u25aa\ufe0f [&hellip;]<\/p>\n","protected":false},"featured_media":7240,"comment_status":"closed","ping_status":"closed","template":"","meta":{"_et_pb_use_builder":"","_et_pb_old_content":"","_et_gb_content_width":""},"product_cat":[18],"product_tag":[],"class_list":["post-7239","product","type-product","status-publish","has-post-thumbnail","hentry","product_cat-noticias"],"_links":{"self":[{"href":"https:\/\/www.hospitalsanbernardo.com.ar\/web\/wp-json\/wp\/v3\/product\/7239"}],"collection":[{"href":"https:\/\/www.hospitalsanbernardo.com.ar\/web\/wp-json\/wp\/v3\/product"}],"about":[{"href":"https:\/\/www.hospitalsanbernardo.com.ar\/web\/wp-json\/wp\/v2\/types\/product"}],"replies":[{"embeddable":true,"href":"https:\/\/www.hospitalsanbernardo.com.ar\/web\/wp-json\/wp\/v2\/comments?post=7239"}],"wp:featuredmedia":[{"embeddable":true,"href":"https:\/\/www.hospitalsanbernardo.com.ar\/web\/wp-json\/wp\/v2\/media\/7240"}],"wp:attachment":[{"href":"https:\/\/www.hospitalsanbernardo.com.ar\/web\/wp-json\/wp\/v2\/media?parent=7239"}],"wp:term":[{"taxonomy":"product_cat","embeddable":true,"href":"https:\/\/www.hospitalsanbernardo.com.ar\/web\/wp-json\/wp\/v2\/product_cat?post=7239"},{"taxonomy":"product_tag","embeddable":true,"href":"https:\/\/www.hospitalsanbernardo.com.ar\/web\/wp-json\/wp\/v2\/product_tag?post=7239"}],"curies":[{"name":"wp","href":"https:\/\/api.w.org\/{rel}","templated":true}]}}