{"id":7116,"date":"2025-04-08T09:59:20","date_gmt":"2025-04-08T12:59:20","guid":{"rendered":"https:\/\/www.hospitalsanbernardo.com.ar\/web\/?post_type=product&#038;p=7116"},"modified":"2025-04-08T10:08:08","modified_gmt":"2025-04-08T13:08:08","slug":"el-servicio-de-hemodinamia-del-hsb-realizo-un-procedimiento-coronario-innovador-durante-las-jornadas-de-cardiologia-intervencionista","status":"publish","type":"product","link":"https:\/\/www.hospitalsanbernardo.com.ar\/web\/noticias\/el-servicio-de-hemodinamia-del-hsb-realizo-un-procedimiento-coronario-innovador-durante-las-jornadas-de-cardiologia-intervencionista\/","title":{"rendered":"El Servicio de Hemodinamia del HSB realiz\u00f3 un procedimiento coronario innovador durante las jornadas de cardiolog\u00eda intervencionista"},"content":{"rendered":"<p>En el contexto de las Primeras Jornadas de Cardiolog\u00eda Intervencionista realizadas \u00edntegramente en el Hospital San Bernardo, y con el objetivo de poner a prueba una t\u00e9cnica innovadora en la Provincia, se realiz\u00f3 una angioplastia compleja con im\u00e1genes intracoronarias.<br \/>\nEl Servicio de Hemodinamia del Hospital San Bernardo, se encarga del estudio anat\u00f3mico funcional del coraz\u00f3n. Los estudios que el \u00e1rea realiza, permiten diagnosticar y tratar la mayor\u00eda de las enfermedades que afectan al sistema cardiovascular.<br \/>\nEn noviembre, con el objetivo de actualizar conocimientos en referencia a cardiopat\u00eda isqu\u00e9mica, s\u00edndrome a\u00f3rtico, estenosis a\u00f3rtica e hipertensi\u00f3n resistente, el Servicio llev\u00f3 adelante las jornadas de \u201cCardiolog\u00eda Intervencionistas\u201d. Durante el encuentro se realiz\u00f3, con \u00e9xito, un procedimiento coronario con la implementaci\u00f3n de im\u00e1genes intracoronarias.<br \/>\nEsta t\u00e9cnica, que se constituye como una herramienta de imagen complementaria, permite una visualizaci\u00f3n global de la placa ateroscler\u00f3tica posibilitando la caracterizaci\u00f3n de lesiones angiogr\u00e1ficas.<br \/>\nLa implementaci\u00f3n de esta herramienta contribuye a la optimizaci\u00f3n del implante de stents coronarios , con el fin de disminuir la subexpansi\u00f3n o la malaposici\u00f3n de los\u00a0stents\u00a0y de esta manera minimizar eventos cl\u00ednicos futuros como la trombosis y la restenosis de los\u00a0stents.<br \/>\nJuan Manuel Pereira, jefe del Servicio de Hemodinamia, resalt\u00f3 la importancia de la realizaci\u00f3n de este tipo de intervenciones en el Hospital. \u201cPara nosotros como Servicio, es una gratificaci\u00f3n poder realizar este tipo de procedimientos. La implementaci\u00f3n de ecograf\u00edas intracoronarias permite que los stents se posicionen de la forma m\u00e1s eficiente y tengan, as\u00ed, una mejor evoluci\u00f3n. Este tipo de pr\u00e1cticas nos permiten mejorar las prestaciones a nuestros pacientes\u201d, explic\u00f3 el doctor.<\/p>\n<p><iframe loading=\"lazy\" title=\"EL SERVICIO DE HEMODINAMIA DEL HSB REALIZ\u00d3 UN PROCEDIMIENTO CORONARIO INNOVADOR\" width=\"1080\" height=\"608\" src=\"https:\/\/www.youtube.com\/embed\/-M9v7RT0SXY?feature=oembed\" frameborder=\"0\" allow=\"accelerometer; autoplay; clipboard-write; encrypted-media; gyroscope; picture-in-picture; web-share\" referrerpolicy=\"strict-origin-when-cross-origin\" allowfullscreen><\/iframe><\/p>\n","protected":false},"excerpt":{"rendered":"<p>En el contexto de las Primeras Jornadas de Cardiolog\u00eda Intervencionista realizadas \u00edntegramente en el Hospital San Bernardo, y con el objetivo de poner a prueba una t\u00e9cnica innovadora en la Provincia, se realiz\u00f3 una angioplastia compleja con im\u00e1genes intracoronarias. El Servicio de Hemodinamia del Hospital San Bernardo, se encarga del estudio anat\u00f3mico funcional del coraz\u00f3n. [&hellip;]<\/p>\n","protected":false},"featured_media":7117,"comment_status":"closed","ping_status":"closed","template":"","meta":{"_et_pb_use_builder":"","_et_pb_old_content":"","_et_gb_content_width":""},"product_cat":[18],"product_tag":[],"class_list":["post-7116","product","type-product","status-publish","has-post-thumbnail","hentry","product_cat-noticias"],"_links":{"self":[{"href":"https:\/\/www.hospitalsanbernardo.com.ar\/web\/wp-json\/wp\/v3\/product\/7116"}],"collection":[{"href":"https:\/\/www.hospitalsanbernardo.com.ar\/web\/wp-json\/wp\/v3\/product"}],"about":[{"href":"https:\/\/www.hospitalsanbernardo.com.ar\/web\/wp-json\/wp\/v2\/types\/product"}],"replies":[{"embeddable":true,"href":"https:\/\/www.hospitalsanbernardo.com.ar\/web\/wp-json\/wp\/v2\/comments?post=7116"}],"wp:featuredmedia":[{"embeddable":true,"href":"https:\/\/www.hospitalsanbernardo.com.ar\/web\/wp-json\/wp\/v2\/media\/7117"}],"wp:attachment":[{"href":"https:\/\/www.hospitalsanbernardo.com.ar\/web\/wp-json\/wp\/v2\/media?parent=7116"}],"wp:term":[{"taxonomy":"product_cat","embeddable":true,"href":"https:\/\/www.hospitalsanbernardo.com.ar\/web\/wp-json\/wp\/v2\/product_cat?post=7116"},{"taxonomy":"product_tag","embeddable":true,"href":"https:\/\/www.hospitalsanbernardo.com.ar\/web\/wp-json\/wp\/v2\/product_tag?post=7116"}],"curies":[{"name":"wp","href":"https:\/\/api.w.org\/{rel}","templated":true}]}}