{"id":7090,"date":"2025-03-06T09:14:15","date_gmt":"2025-03-06T12:14:15","guid":{"rendered":"https:\/\/www.hospitalsanbernardo.com.ar\/web\/?post_type=product&#038;p=7090"},"modified":"2025-03-06T09:20:27","modified_gmt":"2025-03-06T12:20:27","slug":"dia-mundial-de-la-incontinencia-urinaria-en-el-hospital-san-bernardo","status":"publish","type":"product","link":"https:\/\/www.hospitalsanbernardo.com.ar\/web\/noticias\/dia-mundial-de-la-incontinencia-urinaria-en-el-hospital-san-bernardo\/","title":{"rendered":"D\u00eda mundial de la incontinencia urinaria en el Hospital San Bernardo"},"content":{"rendered":"<p>Cada 14 de marzo se celebra el D\u00eda Mundial de la Incontinencia Urinaria, dentro de este marco la Unidad de Uroginecolog\u00eda, con acompa\u00f1amiento del Servicio Social y el Programa Comunitario del Hospital San Bernardo llevar\u00e1n a cabo una jornada con el objetivo de sensibilizar y educar sobre la prevenci\u00f3n de esta condici\u00f3n, promoviendo h\u00e1bitos saludables y brindando informaci\u00f3n clave para mejorar la calidad de vida.<br \/>\nLa incontinencia urinaria es la p\u00e9rdida del control de la vejiga y afecta tanto a nivel social como emocional. A pesar de tratarse de una condici\u00f3n bastante frecuente, la incontinencia est\u00e1 rodeada de mitos que afectan el diagn\u00f3stico y demoran la consulta, llevando a la falta de un tratamiento adecuado.<br \/>\nDestinada a la comunidad interesada, en la jornada se realizar\u00e1n las siguientes actividades:<br \/>\n\u25aa\ufe0f 9:00 \u2013 Charla a la comunidad sobre incontinencia urinaria a cargo de la Unidad de Uroginecolog\u00eda. (Auditorio HSB)<br \/>\n\u25aa\ufe0f 10:00 \u2013 Charla a la comunidad sobre la importancia de la rehabilitaci\u00f3n en la prevenci\u00f3n y el tratamiento a cargo de la licenciada Natalia Morales. (Auditorio HSB)<br \/>\n\u25aa\ufe0f 11:00 \u2013 Consultorio: Atenci\u00f3n a demanda. (Consultorio externo). Acudir con DNI<\/p>\n<p><iframe loading=\"lazy\" title=\"D\u00cdA MUNDIAL DE LA INCONTINENCIA URINARIA EN EL HOSPITAL SAN BERNARDO\" width=\"1080\" height=\"810\" src=\"https:\/\/www.youtube.com\/embed\/XbbJ2RscW6I?feature=oembed\" frameborder=\"0\" allow=\"accelerometer; autoplay; clipboard-write; encrypted-media; gyroscope; picture-in-picture; web-share\" referrerpolicy=\"strict-origin-when-cross-origin\" allowfullscreen><\/iframe><\/p>\n","protected":false},"excerpt":{"rendered":"<p>Cada 14 de marzo se celebra el D\u00eda Mundial de la Incontinencia Urinaria, dentro de este marco la Unidad de Uroginecolog\u00eda, con acompa\u00f1amiento del Servicio Social y el Programa Comunitario del Hospital San Bernardo llevar\u00e1n a cabo una jornada con el objetivo de sensibilizar y educar sobre la prevenci\u00f3n de esta condici\u00f3n, promoviendo h\u00e1bitos saludables [&hellip;]<\/p>\n","protected":false},"featured_media":7091,"comment_status":"closed","ping_status":"closed","template":"","meta":{"_et_pb_use_builder":"","_et_pb_old_content":"","_et_gb_content_width":""},"product_cat":[18],"product_tag":[],"class_list":["post-7090","product","type-product","status-publish","has-post-thumbnail","hentry","product_cat-noticias"],"_links":{"self":[{"href":"https:\/\/www.hospitalsanbernardo.com.ar\/web\/wp-json\/wp\/v3\/product\/7090"}],"collection":[{"href":"https:\/\/www.hospitalsanbernardo.com.ar\/web\/wp-json\/wp\/v3\/product"}],"about":[{"href":"https:\/\/www.hospitalsanbernardo.com.ar\/web\/wp-json\/wp\/v2\/types\/product"}],"replies":[{"embeddable":true,"href":"https:\/\/www.hospitalsanbernardo.com.ar\/web\/wp-json\/wp\/v2\/comments?post=7090"}],"wp:featuredmedia":[{"embeddable":true,"href":"https:\/\/www.hospitalsanbernardo.com.ar\/web\/wp-json\/wp\/v2\/media\/7091"}],"wp:attachment":[{"href":"https:\/\/www.hospitalsanbernardo.com.ar\/web\/wp-json\/wp\/v2\/media?parent=7090"}],"wp:term":[{"taxonomy":"product_cat","embeddable":true,"href":"https:\/\/www.hospitalsanbernardo.com.ar\/web\/wp-json\/wp\/v2\/product_cat?post=7090"},{"taxonomy":"product_tag","embeddable":true,"href":"https:\/\/www.hospitalsanbernardo.com.ar\/web\/wp-json\/wp\/v2\/product_tag?post=7090"}],"curies":[{"name":"wp","href":"https:\/\/api.w.org\/{rel}","templated":true}]}}