{"id":7040,"date":"2025-01-07T12:56:53","date_gmt":"2025-01-07T15:56:53","guid":{"rendered":"https:\/\/www.hospitalsanbernardo.com.ar\/web\/?post_type=product&#038;p=7040"},"modified":"2025-01-09T08:34:49","modified_gmt":"2025-01-09T11:34:49","slug":"concurso-navideno-en-el-hospital-san-bernardo","status":"publish","type":"product","link":"https:\/\/www.hospitalsanbernardo.com.ar\/web\/noticias\/concurso-navideno-en-el-hospital-san-bernardo\/","title":{"rendered":"Concurso navide\u00f1o en el Hospital San Bernardo"},"content":{"rendered":"<p>Dentro del marco de las celebraciones por la pasada temporada navide\u00f1a y con el objetivo de fortalecer los lazos entre los miembros de la instituci\u00f3n, el Programa de Desarrollo Organizacional del Hospital San Bernardo llev\u00f3 a cabo el segundo \u00abConcurso Navide\u00f1o\u00bb.<br \/>\nEn esta oportunidad la tem\u00e1tica del certamen tuvo como protagonista a \u00ab\u00e1rboles navide\u00f1os\u00bb; invitando a los equipos de los diferentes Programas y Servicios de la instituci\u00f3n a participar.<br \/>\nEl jurado, compuesto por miembros del Equipo Gerencial, puntu\u00f3 las diferentes presentaciones que fueron premiadas durante la ma\u00f1ana del lunes 6 de enero. De esta forma los equipos que obtuvieron los premios principales fueron:<br \/>\n&#8211; 1\u00ba Premio: \u00ab\u00c1rbol de reacciones emocionales de la vida &#8211; Programa Bioqu\u00edmico\u00bb<br \/>\n&#8211; 2\u00ba Premio: \u00abNavidad Argenta &#8211; Servicios Generales\u00bb<br \/>\n&#8211; 3\u00ba Premio: \u00ab\u00c1rbol de la vida &#8211; Servicio de Oncolog\u00eda\u00bb<\/p>\n<p><iframe loading=\"lazy\" title=\"CONCURSO NAVIDE\u00d1O EN EL HSB\" width=\"1080\" height=\"608\" src=\"https:\/\/www.youtube.com\/embed\/x8tfvJoPzs4?feature=oembed\" frameborder=\"0\" allow=\"accelerometer; autoplay; clipboard-write; encrypted-media; gyroscope; picture-in-picture; web-share\" referrerpolicy=\"strict-origin-when-cross-origin\" allowfullscreen><\/iframe><\/p>\n<p>&nbsp;<\/p>\n","protected":false},"excerpt":{"rendered":"<p>Dentro del marco de las celebraciones por la pasada temporada navide\u00f1a y con el objetivo de fortalecer los lazos entre los miembros de la instituci\u00f3n, el Programa de Desarrollo Organizacional del Hospital San Bernardo llev\u00f3 a cabo el segundo \u00abConcurso Navide\u00f1o\u00bb. En esta oportunidad la tem\u00e1tica del certamen tuvo como protagonista a \u00ab\u00e1rboles navide\u00f1os\u00bb; invitando [&hellip;]<\/p>\n","protected":false},"featured_media":7042,"comment_status":"closed","ping_status":"closed","template":"","meta":{"_et_pb_use_builder":"","_et_pb_old_content":"","_et_gb_content_width":""},"product_cat":[18],"product_tag":[],"class_list":["post-7040","product","type-product","status-publish","has-post-thumbnail","hentry","product_cat-noticias"],"_links":{"self":[{"href":"https:\/\/www.hospitalsanbernardo.com.ar\/web\/wp-json\/wp\/v3\/product\/7040"}],"collection":[{"href":"https:\/\/www.hospitalsanbernardo.com.ar\/web\/wp-json\/wp\/v3\/product"}],"about":[{"href":"https:\/\/www.hospitalsanbernardo.com.ar\/web\/wp-json\/wp\/v2\/types\/product"}],"replies":[{"embeddable":true,"href":"https:\/\/www.hospitalsanbernardo.com.ar\/web\/wp-json\/wp\/v2\/comments?post=7040"}],"wp:featuredmedia":[{"embeddable":true,"href":"https:\/\/www.hospitalsanbernardo.com.ar\/web\/wp-json\/wp\/v2\/media\/7042"}],"wp:attachment":[{"href":"https:\/\/www.hospitalsanbernardo.com.ar\/web\/wp-json\/wp\/v2\/media?parent=7040"}],"wp:term":[{"taxonomy":"product_cat","embeddable":true,"href":"https:\/\/www.hospitalsanbernardo.com.ar\/web\/wp-json\/wp\/v2\/product_cat?post=7040"},{"taxonomy":"product_tag","embeddable":true,"href":"https:\/\/www.hospitalsanbernardo.com.ar\/web\/wp-json\/wp\/v2\/product_tag?post=7040"}],"curies":[{"name":"wp","href":"https:\/\/api.w.org\/{rel}","templated":true}]}}