{"id":7033,"date":"2024-12-19T12:36:35","date_gmt":"2024-12-19T15:36:35","guid":{"rendered":"https:\/\/www.hospitalsanbernardo.com.ar\/web\/?post_type=product&#038;p=7033"},"modified":"2024-12-19T12:39:04","modified_gmt":"2024-12-19T15:39:04","slug":"el-hsb-reconocido-por-su-compromiso-con-la-calidad-sanitaria","status":"publish","type":"product","link":"https:\/\/www.hospitalsanbernardo.com.ar\/web\/noticias\/el-hsb-reconocido-por-su-compromiso-con-la-calidad-sanitaria\/","title":{"rendered":"El HSB reconocido por su compromiso con la calidad sanitaria"},"content":{"rendered":"<p>Como balance de la gesti\u00f3n del a\u00f1o que est\u00e1 llegando a su fin, el Hospital San Bernardo recibi\u00f3 dos reconocimientos provinciales. La instituci\u00f3n sanitaria recibi\u00f3 el \u201cReconocimiento de Calidad\u201d, que refleja el cumplimiento con el Plan de Calidad Provincial (Resoluci\u00f3n 283D\/24) y es otorgado por la Secretaria de Modernizaci\u00f3n de Gobierno de Salta; al tiempo que tambi\u00e9n recibi\u00f3 el \u201cReconocimiento de Nivel Intermedio\u201d, cumplimentando el Plan de Calidad en Salud (Resoluci\u00f3n 1882\/24), otorgado por la Direcci\u00f3n General de Gesti\u00f3n en Calidad de la Secretar\u00eda de Desarrollo Organizacional del Ministerio de Salud P\u00fablica de la Provincia.<\/p>\n<p>Ambos reconocimientos son el resultado del trabajo conjunto de los Programas y Servicios del Hospital y su compromiso con los est\u00e1ndares y lineamientos de calidad establecidos por los diferentes planes. Las distinciones reflejan la responsabilidad de la instituci\u00f3n en la b\u00fasqueda e implementaci\u00f3n de medidas que favorezcan la mejora continua de la calidad en la atenci\u00f3n a nuestros pacientes.<\/p>\n","protected":false},"excerpt":{"rendered":"<p>Como balance de la gesti\u00f3n del a\u00f1o que est\u00e1 llegando a su fin, el Hospital San Bernardo recibi\u00f3 dos reconocimientos provinciales. La instituci\u00f3n sanitaria recibi\u00f3 el \u201cReconocimiento de Calidad\u201d, que refleja el cumplimiento con el Plan de Calidad Provincial (Resoluci\u00f3n 283D\/24) y es otorgado por la Secretaria de Modernizaci\u00f3n de Gobierno de Salta; al tiempo [&hellip;]<\/p>\n","protected":false},"featured_media":7034,"comment_status":"closed","ping_status":"closed","template":"","meta":{"_et_pb_use_builder":"","_et_pb_old_content":"","_et_gb_content_width":""},"product_cat":[18],"product_tag":[],"class_list":["post-7033","product","type-product","status-publish","has-post-thumbnail","hentry","product_cat-noticias"],"_links":{"self":[{"href":"https:\/\/www.hospitalsanbernardo.com.ar\/web\/wp-json\/wp\/v3\/product\/7033"}],"collection":[{"href":"https:\/\/www.hospitalsanbernardo.com.ar\/web\/wp-json\/wp\/v3\/product"}],"about":[{"href":"https:\/\/www.hospitalsanbernardo.com.ar\/web\/wp-json\/wp\/v2\/types\/product"}],"replies":[{"embeddable":true,"href":"https:\/\/www.hospitalsanbernardo.com.ar\/web\/wp-json\/wp\/v2\/comments?post=7033"}],"wp:featuredmedia":[{"embeddable":true,"href":"https:\/\/www.hospitalsanbernardo.com.ar\/web\/wp-json\/wp\/v2\/media\/7034"}],"wp:attachment":[{"href":"https:\/\/www.hospitalsanbernardo.com.ar\/web\/wp-json\/wp\/v2\/media?parent=7033"}],"wp:term":[{"taxonomy":"product_cat","embeddable":true,"href":"https:\/\/www.hospitalsanbernardo.com.ar\/web\/wp-json\/wp\/v2\/product_cat?post=7033"},{"taxonomy":"product_tag","embeddable":true,"href":"https:\/\/www.hospitalsanbernardo.com.ar\/web\/wp-json\/wp\/v2\/product_tag?post=7033"}],"curies":[{"name":"wp","href":"https:\/\/api.w.org\/{rel}","templated":true}]}}