{"id":6933,"date":"2024-11-11T09:31:42","date_gmt":"2024-11-11T12:31:42","guid":{"rendered":"https:\/\/www.hospitalsanbernardo.com.ar\/web\/?post_type=product&#038;p=6933"},"modified":"2024-11-15T08:52:36","modified_gmt":"2024-11-15T11:52:36","slug":"la-orquesta-sinfonica-de-salta-presenta-un-concierto-benefico-en-apoyo-al-hospital-san-bernardo","status":"publish","type":"product","link":"https:\/\/www.hospitalsanbernardo.com.ar\/web\/noticias\/la-orquesta-sinfonica-de-salta-presenta-un-concierto-benefico-en-apoyo-al-hospital-san-bernardo\/","title":{"rendered":"La Orquesta Sinf\u00f3nica de Salta presenta un concierto ben\u00e9fico en apoyo al Hospital San Bernardo"},"content":{"rendered":"<p><em>El 21 de noviembre, la Orquesta Sinf\u00f3nica de Salta brindar\u00e1 un concierto ben\u00e9fico en el Teatro Provincial Juan Carlos Saravia, Zuvir\u00eda 70, a beneficio del Hospital San Bernardo, con entrada gratuita para estudiantes y adultos mayores.<\/em><\/p>\n<p>La Orquesta Sinf\u00f3nica de Salta presenta un concierto especial el pr\u00f3ximo jueves 21 de noviembre a las 21 hs en el Teatro Provincial Juan Carlos Saravia. Esta funci\u00f3n ser\u00e1 a beneficio del Hospital San Bernardo. Las entradas est\u00e1n disponibles en https:\/\/entradauno.com\/landing\/14360-orquesta-sinfonica-de-salta&#8212;a-beneficio-del-hospsan-bernardo?idEspectaculoCartel=14360&amp;cHashValidacion=20f909d95fa748fce95cdd7eabe61ff4d9de5a2b y en la boleter\u00eda del teatro, ubicado en Zuvir\u00eda 70, Salta.<\/p>\n<p>El programa incluir\u00e1 tres grandes obras que abarcan distintas \u00e9pocas y estilos: \u00abEl Valle de los Menhires\u00bb, Op. 10, del compositor argentino Eduardo Alonso-Crespo, el Concierto para piano Nro. 1, Op. 25, de Felix Mendelssohn, y la Sinfon\u00eda Nro. 8, Op. 93, de Ludwig van Beethoven. Para esta ocasi\u00f3n, la orquesta contar\u00e1 con la participaci\u00f3n especial del pianista argentino Antonio Formaro como solista y Alonso Crespo como director invitado.<\/p>\n<p>Eduardo Alonso Crespo, uno de los compositores argentinos m\u00e1s interpretados internacionalmente, ha dedicado su vida a una amplia producci\u00f3n musical que abarca seis sinfon\u00edas, quince conciertos, \u00f3peras, ballets, m\u00fasica de c\u00e1mara y coral. Su obra ha sido interpretada en destacadas salas del mundo, desde el Teatro Col\u00f3n de Buenos Aires hasta el Carnegie Recital Hall de Nueva York. Adem\u00e1s de su trabajo como compositor, Alonso-Crespo ha tenido una destacada trayectoria como director de orquesta, desempe\u00f1\u00e1ndose durante doce a\u00f1os como Director Titular de la Orquesta Sinf\u00f3nica de Tucum\u00e1n y colaborando en otros organismos sinf\u00f3nicos en Argentina y el extranjero. Tambi\u00e9n fue figura clave en la creaci\u00f3n de la Orquesta Sinf\u00f3nica de Salta, donde ha trabajado como Director Invitado Principal y Compositor Residente.<\/p>\n<p>Cabe destacar que el concierto contar\u00e1 con entrada libre y gratuita para estudiantes y personas mayores.<\/p>\n<p><iframe loading=\"lazy\" title=\"LA ORQUESTA SINF\u00d3NICA DE SALTA PRESENTA UN CONCIERTO BEN\u00c9FICO EN APOYO AL HOSPITAL SAN BERNARDO\" width=\"1080\" height=\"608\" src=\"https:\/\/www.youtube.com\/embed\/vyfpRLQsJ20?feature=oembed\" frameborder=\"0\" allow=\"accelerometer; autoplay; clipboard-write; encrypted-media; gyroscope; picture-in-picture; web-share\" referrerpolicy=\"strict-origin-when-cross-origin\" allowfullscreen><\/iframe><\/p>\n","protected":false},"excerpt":{"rendered":"<p>El 21 de noviembre, la Orquesta Sinf\u00f3nica de Salta brindar\u00e1 un concierto ben\u00e9fico en el Teatro Provincial Juan Carlos Saravia, Zuvir\u00eda 70, a beneficio del Hospital San Bernardo, con entrada gratuita para estudiantes y adultos mayores. La Orquesta Sinf\u00f3nica de Salta presenta un concierto especial el pr\u00f3ximo jueves 21 de noviembre a las 21 hs [&hellip;]<\/p>\n","protected":false},"featured_media":6934,"comment_status":"closed","ping_status":"closed","template":"","meta":{"_et_pb_use_builder":"","_et_pb_old_content":"","_et_gb_content_width":""},"product_cat":[18],"product_tag":[],"class_list":["post-6933","product","type-product","status-publish","has-post-thumbnail","hentry","product_cat-noticias"],"_links":{"self":[{"href":"https:\/\/www.hospitalsanbernardo.com.ar\/web\/wp-json\/wp\/v3\/product\/6933"}],"collection":[{"href":"https:\/\/www.hospitalsanbernardo.com.ar\/web\/wp-json\/wp\/v3\/product"}],"about":[{"href":"https:\/\/www.hospitalsanbernardo.com.ar\/web\/wp-json\/wp\/v2\/types\/product"}],"replies":[{"embeddable":true,"href":"https:\/\/www.hospitalsanbernardo.com.ar\/web\/wp-json\/wp\/v2\/comments?post=6933"}],"wp:featuredmedia":[{"embeddable":true,"href":"https:\/\/www.hospitalsanbernardo.com.ar\/web\/wp-json\/wp\/v2\/media\/6934"}],"wp:attachment":[{"href":"https:\/\/www.hospitalsanbernardo.com.ar\/web\/wp-json\/wp\/v2\/media?parent=6933"}],"wp:term":[{"taxonomy":"product_cat","embeddable":true,"href":"https:\/\/www.hospitalsanbernardo.com.ar\/web\/wp-json\/wp\/v2\/product_cat?post=6933"},{"taxonomy":"product_tag","embeddable":true,"href":"https:\/\/www.hospitalsanbernardo.com.ar\/web\/wp-json\/wp\/v2\/product_tag?post=6933"}],"curies":[{"name":"wp","href":"https:\/\/api.w.org\/{rel}","templated":true}]}}