{"id":6823,"date":"2024-10-04T13:46:37","date_gmt":"2024-10-04T16:46:37","guid":{"rendered":"https:\/\/www.hospitalsanbernardo.com.ar\/web\/?post_type=product&#038;p=6823"},"modified":"2024-10-04T13:50:26","modified_gmt":"2024-10-04T16:50:26","slug":"el-hospital-san-bernardo-y-el-camion-oncologico-realizaran-mamografias-en-el-monumento-a-guemes","status":"publish","type":"product","link":"https:\/\/www.hospitalsanbernardo.com.ar\/web\/noticias\/el-hospital-san-bernardo-y-el-camion-oncologico-realizaran-mamografias-en-el-monumento-a-guemes\/","title":{"rendered":"El Hospital San Bernardo y el Cami\u00f3n Oncol\u00f3gico realizar\u00e1n mamograf\u00edas en el Monumento a G\u00fcemes"},"content":{"rendered":"<p><em>Cada 19 de octubre se conmemora el D\u00eda Internacional de Lucha Contra el C\u00e1ncer de Mama, dentro de este marco y en adhesi\u00f3n al \u201cOctubre Rosa\u201d, el Hospital San Bernardo, en conjunto con el Cami\u00f3n Oncol\u00f3gico de la Provincia, realizar\u00e1 mamograf\u00edas en el Monumento a G\u00fcemes, del 14 al 18 del corriente mes.<\/em><\/p>\n<p>La actividad, coordinada por el Programa de Ginecolog\u00eda y Mastolog\u00eda del Hospital San Bernardo, ser\u00e1 gratuita y estar\u00e1 destina a aquellas pacientes mayores de 40 a\u00f1os, sin obra social y sin antecedentes personales de c\u00e1ncer de mama.<br \/>\nLos ex\u00e1menes se realizar\u00e1n en el Monumento al General Mart\u00edn Miguel de G\u00fcemes, por la ma\u00f1ana y por la tarde. Los turnos ser\u00e1n programados, a partir del lunes 7, a trav\u00e9s del 148.<br \/>\nEl c\u00e1ncer de mama es el m\u00e1s com\u00fan entre las mujeres y se constituye como la principal causa de muerte en la poblaci\u00f3n femenina. El riesgo de su aparici\u00f3n aumenta con la edad, por eso resulta fundamental la realizaci\u00f3n de controles peri\u00f3dicos que contribuyan a la detecci\u00f3n de la enfermedad en forma precoz.<\/p>\n<p><iframe loading=\"lazy\" title=\"EL HOSPITAL SAN BERNARDO Y EL CAMI\u00d3N ONCOL\u00d3GICO REALIZAR\u00c1N MAMOGRAF\u00cdAS EN EL MONUMENTO A G\u00dcEMES\" width=\"1080\" height=\"608\" src=\"https:\/\/www.youtube.com\/embed\/S6lG1qUdzxA?feature=oembed\" frameborder=\"0\" allow=\"accelerometer; autoplay; clipboard-write; encrypted-media; gyroscope; picture-in-picture; web-share\" referrerpolicy=\"strict-origin-when-cross-origin\" allowfullscreen><\/iframe><\/p>\n","protected":false},"excerpt":{"rendered":"<p>Cada 19 de octubre se conmemora el D\u00eda Internacional de Lucha Contra el C\u00e1ncer de Mama, dentro de este marco y en adhesi\u00f3n al \u201cOctubre Rosa\u201d, el Hospital San Bernardo, en conjunto con el Cami\u00f3n Oncol\u00f3gico de la Provincia, realizar\u00e1 mamograf\u00edas en el Monumento a G\u00fcemes, del 14 al 18 del corriente mes. La actividad, [&hellip;]<\/p>\n","protected":false},"featured_media":6824,"comment_status":"closed","ping_status":"closed","template":"","meta":{"_et_pb_use_builder":"","_et_pb_old_content":"","_et_gb_content_width":""},"product_cat":[18],"product_tag":[],"class_list":["post-6823","product","type-product","status-publish","has-post-thumbnail","hentry","product_cat-noticias"],"_links":{"self":[{"href":"https:\/\/www.hospitalsanbernardo.com.ar\/web\/wp-json\/wp\/v3\/product\/6823"}],"collection":[{"href":"https:\/\/www.hospitalsanbernardo.com.ar\/web\/wp-json\/wp\/v3\/product"}],"about":[{"href":"https:\/\/www.hospitalsanbernardo.com.ar\/web\/wp-json\/wp\/v2\/types\/product"}],"replies":[{"embeddable":true,"href":"https:\/\/www.hospitalsanbernardo.com.ar\/web\/wp-json\/wp\/v2\/comments?post=6823"}],"wp:featuredmedia":[{"embeddable":true,"href":"https:\/\/www.hospitalsanbernardo.com.ar\/web\/wp-json\/wp\/v2\/media\/6824"}],"wp:attachment":[{"href":"https:\/\/www.hospitalsanbernardo.com.ar\/web\/wp-json\/wp\/v2\/media?parent=6823"}],"wp:term":[{"taxonomy":"product_cat","embeddable":true,"href":"https:\/\/www.hospitalsanbernardo.com.ar\/web\/wp-json\/wp\/v2\/product_cat?post=6823"},{"taxonomy":"product_tag","embeddable":true,"href":"https:\/\/www.hospitalsanbernardo.com.ar\/web\/wp-json\/wp\/v2\/product_tag?post=6823"}],"curies":[{"name":"wp","href":"https:\/\/api.w.org\/{rel}","templated":true}]}}