{"id":6572,"date":"2024-08-08T13:07:30","date_gmt":"2024-08-08T16:07:30","guid":{"rendered":"https:\/\/www.hospitalsanbernardo.com.ar\/web\/?post_type=product&#038;p=6760"},"modified":"2025-04-24T12:33:34","modified_gmt":"2025-04-24T15:33:34","slug":"mes-de-san-bernardo-premio-anual-a-trabajos-cientificos-y-concurso-literario","status":"publish","type":"product","link":"https:\/\/www.hospitalsanbernardo.com.ar\/web\/noticias\/mes-de-san-bernardo-premio-anual-a-trabajos-cientificos-y-concurso-literario\/","title":{"rendered":"Mes de San Bernardo: Premio Anual a Trabajos Cient\u00edficos Y Concurso Literario"},"content":{"rendered":"<p><em>Continuando con los festejos por el 64\u00b0 aniversario del Hospital San Bernardo, se realiz\u00f3 el acto de premiaci\u00f3n del Concurso Literario de Narrativa Breve y el Premio Anual de Trabajos Cient\u00edficos 2024, en el sal\u00f3n auditorio de la instituci\u00f3n.<\/em><\/p>\n<p>Dicha premiaci\u00f3n reconoce trabajos cient\u00edficos y trabajos literarios del personal hospitalario. A fin de alentar la creaci\u00f3n art\u00edstica del personal e incentivando estas formas de expresi\u00f3n, el Hospital San Bernardo premi\u00f3 la siguiente obra en el \u00abConcurso Literario\u00bb:<\/p>\n<p>&#8211; \u201cPARECE UNA TONTERA\u201d. Autora: Florencia In\u00e9s Meriles Sabio<\/p>\n<p>El 1er puesto de este concurso se llev\u00f3, adem\u00e1s, una gratificaci\u00f3n econ\u00f3mica de $50.000.<\/p>\n<p>Por su parte, con el objetivo de estimular las tareas cient\u00edficas y de investigaci\u00f3n de los diferentes servicios y programas del hospital el premio de \u00abTrabajo Cient\u00edfico\u00bb obtuvo los siguientes resultados:<\/p>\n<p>&#8211;<em>1er premio:<\/em> \u201cAN\u00c1LISIS EXPERIMENTAL SOBRE SOBRANTES Y RESIDUOS ALIMENTARIOS EN LA ELABORACI\u00d3N DE ALMUERZOS Y CENAS DEL SERVICIO DE AUDITOR\u00cdA Y ALIMENTACI\u00d3N DEL HOSPITAL SAN BERNARDO DURANTE EL PER\u00cdODO 2021 A 2023\u201d. Autor: Carolina Cuellar. Coautoras: Sandra Quiroga e Ivanna Chac\u00f3n<br \/>\n&#8211;<em>Menci\u00f3n especial:<\/em> \u201cVIVENCIAS DEL PERSONAL DE ENFERMER\u00cdA DURANTE LA ATENCI\u00d3N DE PACIENTES CON SOSPECHA O DIAGN\u00d3STICO DE COVID 19\u201d. Autor: Mat\u00edas Bernab\u00e9 Lopez<br \/>\nEl 1er puesto de esta instancia, fue premiado con $200.000.<\/p>\n<p><iframe loading=\"lazy\" title=\"MES DE SAN BERNARDO: PREMIO ANUAL DE TRABAJOS CIENT\u00cdFICOS - CONCURSO LITERARIO\" width=\"1080\" height=\"608\" src=\"https:\/\/www.youtube.com\/embed\/IvtWK_wdkEQ?feature=oembed\" frameborder=\"0\" allow=\"accelerometer; autoplay; clipboard-write; encrypted-media; gyroscope; picture-in-picture; web-share\" referrerpolicy=\"strict-origin-when-cross-origin\" allowfullscreen><\/iframe><\/p>\n","protected":false},"excerpt":{"rendered":"<p>Continuando con los festejos por el 64\u00b0 aniversario del Hospital San Bernardo, se realiz\u00f3 el acto de premiaci\u00f3n del Concurso Literario de Narrativa Breve y el Premio Anual de Trabajos Cient\u00edficos 2024, en el sal\u00f3n auditorio de la instituci\u00f3n. Dicha premiaci\u00f3n reconoce trabajos cient\u00edficos y trabajos literarios del personal hospitalario. A fin de alentar la [&hellip;]<\/p>\n","protected":false},"featured_media":6579,"comment_status":"closed","ping_status":"closed","template":"","meta":{"_et_pb_use_builder":"","_et_pb_old_content":"","_et_gb_content_width":""},"product_cat":[18,40],"product_tag":[],"class_list":["post-6572","product","type-product","status-publish","has-post-thumbnail","hentry","product_cat-noticias","product_cat-cadi-memorias"],"_links":{"self":[{"href":"https:\/\/www.hospitalsanbernardo.com.ar\/web\/wp-json\/wp\/v3\/product\/6572"}],"collection":[{"href":"https:\/\/www.hospitalsanbernardo.com.ar\/web\/wp-json\/wp\/v3\/product"}],"about":[{"href":"https:\/\/www.hospitalsanbernardo.com.ar\/web\/wp-json\/wp\/v2\/types\/product"}],"replies":[{"embeddable":true,"href":"https:\/\/www.hospitalsanbernardo.com.ar\/web\/wp-json\/wp\/v2\/comments?post=6572"}],"wp:featuredmedia":[{"embeddable":true,"href":"https:\/\/www.hospitalsanbernardo.com.ar\/web\/wp-json\/wp\/v2\/media\/6579"}],"wp:attachment":[{"href":"https:\/\/www.hospitalsanbernardo.com.ar\/web\/wp-json\/wp\/v2\/media?parent=6572"}],"wp:term":[{"taxonomy":"product_cat","embeddable":true,"href":"https:\/\/www.hospitalsanbernardo.com.ar\/web\/wp-json\/wp\/v2\/product_cat?post=6572"},{"taxonomy":"product_tag","embeddable":true,"href":"https:\/\/www.hospitalsanbernardo.com.ar\/web\/wp-json\/wp\/v2\/product_tag?post=6572"}],"curies":[{"name":"wp","href":"https:\/\/api.w.org\/{rel}","templated":true}]}}