{"id":6540,"date":"2024-08-01T11:59:44","date_gmt":"2024-08-01T14:59:44","guid":{"rendered":"https:\/\/www.hospitalsanbernardo.com.ar\/web\/?post_type=product&#038;p=6537"},"modified":"2024-08-01T11:59:44","modified_gmt":"2024-08-01T14:59:44","slug":"64-anos-del-hospital-san-bernardo","status":"publish","type":"product","link":"https:\/\/www.hospitalsanbernardo.com.ar\/web\/noticias\/64-anos-del-hospital-san-bernardo\/","title":{"rendered":"64 a\u00f1os del Hospital San Bernardo"},"content":{"rendered":"<p><i>Pr\u00f3ximamente la instituci\u00f3n sanitaria de m\u00e1xima complejidad para adultos de la provincia de Salta y el norte del pa\u00eds cumplir\u00e1 su sexag\u00e9simo cuarto aniversario. Con motivo de la celebraci\u00f3n, el hospital cabecera de la Provincia tiene planificado una serie de actividades durante todo el mes de agosto.<\/i><\/p>\n<p>Con motivo de celebrarse, el 20 de agosto el d\u00eda de San Bernardo Abad, patrono del Hospital San Bernardo, la instituci\u00f3n organiz\u00f3 una serie de actividades para celebrar los 64 a\u00f1os al servicio de la Provincia.<br \/>\nEl cronograma iniciar\u00e1 este viernes 2 y se extender\u00e1 durante todo el mes de agosto. Entre las actividades se reconocer\u00e1 al equipo de salud por su dedicaci\u00f3n y compromiso, se entregar\u00e1n premios a trabajos de investigaci\u00f3n, trabajos literarios, reconocimientos a personal jubilado, personal con 25 a\u00f1os de servicio continuo y personal fallecido.<br \/>\nInaugurado en 1960, el Hospital San Bernardo no solo asiste a la poblaci\u00f3n que abarca los 23 departamentos de la Provincia, sino tambi\u00e9n a provincias y pa\u00edses vecinos, m\u00e1s la poblaci\u00f3n en tr\u00e1nsito.<br \/>\nCabe se\u00f1alar que el Hospital San Bernardo est\u00e1 catalogado como de nivel cuatro dentro de la atenci\u00f3n sanitaria de la Provincia. Esto representa que tiene la capacidad para resolver la casi totalidad de problemas de atenci\u00f3n m\u00e9dica.\u00a0 Sin embargo, desde la instituci\u00f3n se recuerda a la ciudadan\u00eda que, en relaci\u00f3n al Programa de Emergencias, \u00a0se prioriza la atenci\u00f3n de aquellas patolog\u00edas que responden al perfil profesional relacionadas a politraumatismos, fracturas, problemas coronarios y neurol\u00f3gicos.<br \/>\nCon m\u00e1s de 223.676 consultas asistidas durante el \u00faltimo a\u00f1o, el Hospital San Bernardo desarrolla sus tareas asistenciales tanto en los consultorios externos de la instituci\u00f3n como en el Programa de Emergencias.<br \/>\nLa instituci\u00f3n, adem\u00e1s, no es solamente un establecimiento sanitarista, sino que se ocupa de la formaci\u00f3n continua de profesionales de la salud a trav\u00e9s del dictado de numerosos cursos, seminarios y capacitaciones.<br \/>\nEn lo que refiere al equipamiento del Hospital San Bernardo, la instituci\u00f3n trabaja de forma continua en mejorar y optimizar sus prestaciones, adem\u00e1s de realizar obras de reestructuraci\u00f3n, refuncionalizaci\u00f3n y optimizaci\u00f3n de los espacios sanitarios con el objetivo de aumentar la calidad de los servicios.<\/p>\n<p><strong>CRONOGRAMA DE ACTIVIDADES: MES DE SAN BERNARDO<\/strong><br \/>\n* Viernes 02: Acto Inaugural. Acto de Reconocimiento a la Dedicaci\u00f3n y Compromiso del personal de los diferentes Programas y Servicios de la instituci\u00f3n.<br \/>\n* Domingo 04: 3era Edici\u00f3n del Trail San Bernardo, las carreras iniciar\u00e1n en el Monumento a G\u00fcemes.<br \/>\n* Jueves 08: A partir de las 9, en el sal\u00f3n auditorio se har\u00e1 entrega del Premio Anual de Trabajo Cient\u00edfico y el Premio Literario de la instituci\u00f3n.<br \/>\n* Viernes 09: Se destacar\u00e1 la labor de los trabajadores que cumplieron 25 a\u00f1os de servicio continuo y se entregar\u00e1n presentes a quienes se jubilaron en este \u00faltimo a\u00f1o. Asimismo, habr\u00e1 reconocimiento para los familiares del personal fallecido.<br \/>\n* Martes 20: Se desarrollar\u00e1 el acto central, a las 9 en el ingreso principal del hospital. Contar\u00e1 con la presencia de autoridades del Ministerio de Salud P\u00fablica, del San Bernardo y de otros hospitales. Luego, tendr\u00e1 lugar la misa y procesi\u00f3n. Por \u00faltimo, se compartir\u00e1 un desayuno con el personal.<\/p>\n","protected":false},"excerpt":{"rendered":"<p>Pr\u00f3ximamente la instituci\u00f3n sanitaria de m\u00e1xima complejidad para adultos de la provincia de Salta y el norte del pa\u00eds cumplir\u00e1 su sexag\u00e9simo cuarto aniversario. Con motivo de la celebraci\u00f3n, el hospital cabecera de la Provincia tiene planificado una serie de actividades durante todo el mes de agosto. Con motivo de celebrarse, el 20 de agosto [&hellip;]<\/p>\n","protected":false},"featured_media":6541,"comment_status":"closed","ping_status":"closed","template":"","meta":{"_et_pb_use_builder":"","_et_pb_old_content":"","_et_gb_content_width":""},"product_cat":[18],"product_tag":[],"class_list":["post-6540","product","type-product","status-publish","has-post-thumbnail","hentry","product_cat-noticias"],"_links":{"self":[{"href":"https:\/\/www.hospitalsanbernardo.com.ar\/web\/wp-json\/wp\/v3\/product\/6540"}],"collection":[{"href":"https:\/\/www.hospitalsanbernardo.com.ar\/web\/wp-json\/wp\/v3\/product"}],"about":[{"href":"https:\/\/www.hospitalsanbernardo.com.ar\/web\/wp-json\/wp\/v2\/types\/product"}],"replies":[{"embeddable":true,"href":"https:\/\/www.hospitalsanbernardo.com.ar\/web\/wp-json\/wp\/v2\/comments?post=6540"}],"wp:featuredmedia":[{"embeddable":true,"href":"https:\/\/www.hospitalsanbernardo.com.ar\/web\/wp-json\/wp\/v2\/media\/6541"}],"wp:attachment":[{"href":"https:\/\/www.hospitalsanbernardo.com.ar\/web\/wp-json\/wp\/v2\/media?parent=6540"}],"wp:term":[{"taxonomy":"product_cat","embeddable":true,"href":"https:\/\/www.hospitalsanbernardo.com.ar\/web\/wp-json\/wp\/v2\/product_cat?post=6540"},{"taxonomy":"product_tag","embeddable":true,"href":"https:\/\/www.hospitalsanbernardo.com.ar\/web\/wp-json\/wp\/v2\/product_tag?post=6540"}],"curies":[{"name":"wp","href":"https:\/\/api.w.org\/{rel}","templated":true}]}}