{"id":6526,"date":"2024-09-06T13:08:03","date_gmt":"2024-09-06T16:08:03","guid":{"rendered":"https:\/\/www.hospitalsanbernardo.com.ar\/web\/?post_type=product&#038;p=6843"},"modified":"2025-04-24T12:51:51","modified_gmt":"2025-04-24T15:51:51","slug":"ateneo-central-identificacion-de-pacientes-fallas-en-el-flujo-de-la-atencion-segura","status":"publish","type":"product","link":"https:\/\/www.hospitalsanbernardo.com.ar\/web\/noticias\/ateneo-central-identificacion-de-pacientes-fallas-en-el-flujo-de-la-atencion-segura\/","title":{"rendered":"Ateneo Central: Identificaci\u00f3n de pacientes. Fallas en el flujo de la atenci\u00f3n segura"},"content":{"rendered":"<p><em>El personal sanitario del Hospital San Bernardo se capacit\u00f3 sobre la importancia de una correcta identificaci\u00f3n de pacientes en el \u00e1mbito hospitalario.<\/em><\/p>\n<p>El Comit\u00e9 de Seguridad del Paciente del HSB estuvo a cargo del Ateneo Central del mes de septiembre. Durante el encuentro se compartieron casos donde se produjeron errores durante el proceso de atenci\u00f3n. As\u00ed tambi\u00e9n se puso en evidencia la necesidad de aumentar la capacitaci\u00f3n en el tema y el trabajo en equipo para mejorar la Cultura de la Seguridad.<\/p>\n<p><iframe loading=\"lazy\" title=\"ATENEO CENTRAL: IDENTIFICACI\u00d3N DE PACIENTES. FALLAS EN EL FLUJO DE LA ATENCI\u00d3N SEGURA\" width=\"1080\" height=\"608\" src=\"https:\/\/www.youtube.com\/embed\/Gp_-k4keJJA?feature=oembed\" frameborder=\"0\" allow=\"accelerometer; autoplay; clipboard-write; encrypted-media; gyroscope; picture-in-picture; web-share\" referrerpolicy=\"strict-origin-when-cross-origin\" allowfullscreen><\/iframe><\/p>\n","protected":false},"excerpt":{"rendered":"<p>El personal sanitario del Hospital San Bernardo se capacit\u00f3 sobre la importancia de una correcta identificaci\u00f3n de pacientes en el \u00e1mbito hospitalario. El Comit\u00e9 de Seguridad del Paciente del HSB estuvo a cargo del Ateneo Central del mes de septiembre. Durante el encuentro se compartieron casos donde se produjeron errores durante el proceso de atenci\u00f3n. [&hellip;]<\/p>\n","protected":false},"featured_media":6527,"comment_status":"closed","ping_status":"closed","template":"","meta":{"_et_pb_use_builder":"","_et_pb_old_content":"","_et_gb_content_width":""},"product_cat":[18,72],"product_tag":[],"class_list":["post-6526","product","type-product","status-publish","has-post-thumbnail","hentry","product_cat-noticias","product_cat-cadi-ateneos-y-desayunos-de-trabajo"],"_links":{"self":[{"href":"https:\/\/www.hospitalsanbernardo.com.ar\/web\/wp-json\/wp\/v3\/product\/6526"}],"collection":[{"href":"https:\/\/www.hospitalsanbernardo.com.ar\/web\/wp-json\/wp\/v3\/product"}],"about":[{"href":"https:\/\/www.hospitalsanbernardo.com.ar\/web\/wp-json\/wp\/v2\/types\/product"}],"replies":[{"embeddable":true,"href":"https:\/\/www.hospitalsanbernardo.com.ar\/web\/wp-json\/wp\/v2\/comments?post=6526"}],"wp:featuredmedia":[{"embeddable":true,"href":"https:\/\/www.hospitalsanbernardo.com.ar\/web\/wp-json\/wp\/v2\/media\/6527"}],"wp:attachment":[{"href":"https:\/\/www.hospitalsanbernardo.com.ar\/web\/wp-json\/wp\/v2\/media?parent=6526"}],"wp:term":[{"taxonomy":"product_cat","embeddable":true,"href":"https:\/\/www.hospitalsanbernardo.com.ar\/web\/wp-json\/wp\/v2\/product_cat?post=6526"},{"taxonomy":"product_tag","embeddable":true,"href":"https:\/\/www.hospitalsanbernardo.com.ar\/web\/wp-json\/wp\/v2\/product_tag?post=6526"}],"curies":[{"name":"wp","href":"https:\/\/api.w.org\/{rel}","templated":true}]}}