{"id":6405,"date":"2024-03-21T12:38:28","date_gmt":"2024-03-21T15:38:28","guid":{"rendered":"https:\/\/www.hospitalsanbernardo.com.ar\/web\/?post_type=product&#038;p=6405"},"modified":"2024-04-10T11:48:44","modified_gmt":"2024-04-10T14:48:44","slug":"residencia-en-traumatologia-y-ortopedia-del-hospital-san-bernardo","status":"publish","type":"product","link":"https:\/\/www.hospitalsanbernardo.com.ar\/web\/noticias\/residencia-en-traumatologia-y-ortopedia-del-hospital-san-bernardo\/","title":{"rendered":"Residencia en Traumatolog\u00eda y Ortopedia del Hospital San Bernardo"},"content":{"rendered":"<p>La Ortopedia y Traumatolog\u00eda es una rama de la medicina que se ocupa del diagn\u00f3stico y tratamiento, electivo y de urgencia, de los pacientes afectados por entidades nosol\u00f3gicas del sistema locomotor (esqueleto apendicular, tronco y raquis), en todas las edades de la vida, mediante m\u00e9todos invasivos y no invasivos.<br \/>\nEl m\u00e9dico especialista en Ortopedia y Traumatolog\u00eda debe desarrollar una mirada integral de todo el proceso de atenci\u00f3n del paciente, comprendiendo los aspectos quir\u00fargicos y no quir\u00fargicos como parte de un mismo abordaje, y atendiendo al proceso de evoluci\u00f3n de los pacientes, en relaci\u00f3n con el contexto en el que desempe\u00f1a su tarea.<br \/>\nLa Residencia en Ortopedia y Traumatolog\u00eda del Hospital San Bernardo est\u00e1 acreditada por la Asociaci\u00f3n Argentina de Ortopedia y Traumatolog\u00eda en la categor\u00eda A. Se trata de una residencia de cuatro a\u00f1os, que recibe tres residentes por a\u00f1o.<br \/>\nLos residentes pueden desempe\u00f1ar sus tareas en los diferentes Departamentos del Servicio como Cadera, Columna, Rodilla, Miembro Superior, Oncolog\u00eda, Pie y Tobillo y Trauma. Existe, tambi\u00e9n, la posibilidad de realizar rotaciones tanto nacionales como internacionales en diferentes centros de salud.<br \/>\nLa Residencia se caracteriza por poseer un alto flujo de cirug\u00edas, de actividad asistencial y actividad acad\u00e9mica. Las actividades asistenciales que se desarrolla a diario puede tener lugar en: Quir\u00f3fano, Guardia, Salas y Consultorio.<br \/>\nPor su parte, en lo que refiere a la actividad acad\u00e9mica de este espacio se destacan la presentaci\u00f3n de trabajos, juntas m\u00e9dicas, revistas de salas y ateneos bibliogr\u00e1ficos. Todas estas actividades mencionadas anteriormente son guiadas, coordinadas y cuentan con el acompa\u00f1amiento de los m\u00e9dicos especialistas de planta del Servicio, el instructor, jefe del Servicio y el Comit\u00e9 Asesor de Docencia e Investigaci\u00f3n de la instituci\u00f3n.<\/p>\n<p>Para m\u00e1s informaci\u00f3n sobre el proceso de inscripci\u00f3n 2024:<\/p>\n<p>\u25aa\ufe0fDebes ingresar a: https:\/\/www.argentina.gob.ar\/salud\/residencias\/ingreso<\/p>\n<p>-Pre inscripci\u00f3n (SISA): 29 de abril al 9 de mayo de 2024<br \/>\n-Inscripci\u00f3n presencial (entrega de documentaci\u00f3n): 29 de abril al 10 de mayo de 2024<br \/>\n-Publicaci\u00f3n Padr\u00f3n Definitivo: semana del 27 de mayo de 2024<br \/>\n-Examen: 2 de julio de 2024 (lugar y horario a confirmar)<\/p>\n<p>\u25aa\ufe0fAcercarte al Programa de RRHH del Hospital San Bernardo<\/p>\n<p><iframe loading=\"lazy\" title=\"RESIDENCIA EN ORTOPEDIA Y TRAUMATOLOG\u00cdA HSB 2024\" width=\"1080\" height=\"608\" src=\"https:\/\/www.youtube.com\/embed\/KVlJ01plDmg?feature=oembed\" frameborder=\"0\" allow=\"accelerometer; autoplay; clipboard-write; encrypted-media; gyroscope; picture-in-picture; web-share\" referrerpolicy=\"strict-origin-when-cross-origin\" allowfullscreen><\/iframe><\/p>\n","protected":false},"excerpt":{"rendered":"<p>La Ortopedia y Traumatolog\u00eda es una rama de la medicina que se ocupa del diagn\u00f3stico y tratamiento, electivo y de urgencia, de los pacientes afectados por entidades nosol\u00f3gicas del sistema locomotor (esqueleto apendicular, tronco y raquis), en todas las edades de la vida, mediante m\u00e9todos invasivos y no invasivos. El m\u00e9dico especialista en Ortopedia y [&hellip;]<\/p>\n","protected":false},"featured_media":6436,"comment_status":"closed","ping_status":"closed","template":"","meta":{"_et_pb_use_builder":"","_et_pb_old_content":"","_et_gb_content_width":""},"product_cat":[41],"product_tag":[],"class_list":["post-6405","product","type-product","status-publish","has-post-thumbnail","hentry","product_cat-residencias"],"_links":{"self":[{"href":"https:\/\/www.hospitalsanbernardo.com.ar\/web\/wp-json\/wp\/v3\/product\/6405"}],"collection":[{"href":"https:\/\/www.hospitalsanbernardo.com.ar\/web\/wp-json\/wp\/v3\/product"}],"about":[{"href":"https:\/\/www.hospitalsanbernardo.com.ar\/web\/wp-json\/wp\/v2\/types\/product"}],"replies":[{"embeddable":true,"href":"https:\/\/www.hospitalsanbernardo.com.ar\/web\/wp-json\/wp\/v2\/comments?post=6405"}],"wp:featuredmedia":[{"embeddable":true,"href":"https:\/\/www.hospitalsanbernardo.com.ar\/web\/wp-json\/wp\/v2\/media\/6436"}],"wp:attachment":[{"href":"https:\/\/www.hospitalsanbernardo.com.ar\/web\/wp-json\/wp\/v2\/media?parent=6405"}],"wp:term":[{"taxonomy":"product_cat","embeddable":true,"href":"https:\/\/www.hospitalsanbernardo.com.ar\/web\/wp-json\/wp\/v2\/product_cat?post=6405"},{"taxonomy":"product_tag","embeddable":true,"href":"https:\/\/www.hospitalsanbernardo.com.ar\/web\/wp-json\/wp\/v2\/product_tag?post=6405"}],"curies":[{"name":"wp","href":"https:\/\/api.w.org\/{rel}","templated":true}]}}