{"id":6364,"date":"2024-02-21T10:07:04","date_gmt":"2024-02-21T13:07:04","guid":{"rendered":"https:\/\/www.hospitalsanbernardo.com.ar\/web\/?post_type=product&#038;p=6364"},"modified":"2024-02-21T10:11:55","modified_gmt":"2024-02-21T13:11:55","slug":"aniversario-del-hospital-san-bernardo","status":"publish","type":"product","link":"https:\/\/www.hospitalsanbernardo.com.ar\/web\/noticias\/aniversario-del-hospital-san-bernardo\/","title":{"rendered":"Aniversario del Hospital San Bernardo"},"content":{"rendered":"<p style=\"font-weight: 400\"><em>A 64 a\u00f1os de su puesta en funcionamiento el Hospital San Bernardo se constituye como una instituci\u00f3n de referencia en la salud p\u00fablica del noroeste argentino.<\/em><\/p>\n<p style=\"font-weight: 400\">Inaugurado el 20 de febrero de 1960, el Hospital San Bernardo no solo asiste a la poblaci\u00f3n que abarca los 23 departamentos de la Provincia, sino tambi\u00e9n a provincias y pa\u00edses vecinos.<\/p>\n<p style=\"font-weight: 400\">Pablo Salom\u00f3n, gerente General de la instituci\u00f3n, subray\u00f3 la importante tarea que se lleva adelante en el hospital. \u201cSomos el hospital referente y cabecera para todo el norte, y estamos encaminados a seguir constituy\u00e9ndonos como uno de los principales de todo el pa\u00eds\u201d, manifest\u00f3 el gerente.<\/p>\n<p style=\"font-weight: 400\">Al tiempo que a\u00f1adi\u00f3, Salom\u00f3n: \u201cEstoy muy orgulloso de ser parte de este equipo que lleg\u00f3 para cambiar la vida sanitaria de m\u00e1s de un mill\u00f3n de personas\u201d<\/p>\n<p style=\"font-weight: 400\"><strong>Atenciones<\/strong><\/p>\n<p style=\"font-weight: 400\">Con m\u00e1s de 223.676 consultas asistidas durante el \u00faltimo a\u00f1o, el Hospital San Bernardo desarrolla sus tareas asistenciales tanto en los consultorios externos de la instituci\u00f3n como en el Servicio de Emergencias.<\/p>\n<p style=\"font-weight: 400\">En tanto a las intervenciones que realiza el hospital, podemos destacar las numerosas ferias y campa\u00f1as de concientizaci\u00f3n, prevenci\u00f3n y detecci\u00f3n que se desarrollan hist\u00f3ricamente durante el a\u00f1o, estas acciones son gratuitas y est\u00e1n dirigidas a la poblaci\u00f3n en general.<\/p>\n<p style=\"font-weight: 400\"><strong>Equipamiento<\/strong><\/p>\n<p style=\"font-weight: 400\">En lo que refiere al equipamiento del Hospital San Bernardo, la instituci\u00f3n trabaja de forma continua en mejorar y optimizar sus prestaciones, entre las \u00faltimas incorporaciones podemos destacar equipos m\u00e9dicos como: nuevos arcos en C para el quir\u00f3fano, sets para cirug\u00edas videolaparosc\u00f3picas y artroscop\u00edas, equipamiento para el Servicio de Hemoterapia, angri\u00f3grafo de \u00faltima generaci\u00f3n, entre otros.<\/p>\n<p><strong>Infraestructura<\/strong><\/p>\n<p style=\"font-weight: 400\">Con el objetivo de aumentar la calidad de los servicios, en la instituci\u00f3n se realizan obras de reestructuraci\u00f3n, refuncionalizaci\u00f3n y optimizaci\u00f3n de los espacios sanitarios, entre las m\u00e1s significativas podemos nombrar:<\/p>\n<p style=\"font-weight: 400\">&#8211; El nuevo edificio del Programa de Recupero de Costos<\/p>\n<p style=\"font-weight: 400\">&#8211; La remodelaci\u00f3n del Servicio de Hematolog\u00eda<\/p>\n<p style=\"font-weight: 400\">&#8211; La readecuaci\u00f3n del Servicio de Neurocirug\u00eda<\/p>\n<p>El hospital San Bernardo cuenta con una Unidad de ACV donde, con un equipo profesional especializado, se brinda atenci\u00f3n exclusiva a pacientes que han tenido un accidente cerebrovascular (ACV). Este servicio funciona durante las 24 horas, a cargo del servicio de Neurolog\u00eda. Constituye la primera experiencia de este tipo a nivel provincial, tanto en el \u00e1mbito p\u00fablico como en el privado.<\/p>\n<p style=\"font-weight: 400\"><strong>Formaci\u00f3n<\/strong><\/p>\n<p style=\"font-weight: 400\">Como hospital escuela, la instituci\u00f3n, no es solamente un establecimiento sanitarista, sino que, adem\u00e1s, se ocupa de formar profesionales de salud a trav\u00e9s del dictado de numerosos cursos, seminarios y capacitaciones. El Hospital San Bernardo, adem\u00e1s, cuenta con m\u00e1s de 15 Residencias que forman profesionales en diferentes especialidades de salud.<\/p>\n<p style=\"font-weight: 400\">Por \u00faltimo, los profesionales del HSB participan activamente en proyectos de investigaciones cient\u00edficas que se destacan a nivel nacional e internacional.<\/p>\n","protected":false},"excerpt":{"rendered":"<p>A 64 a\u00f1os de su puesta en funcionamiento el Hospital San Bernardo se constituye como una instituci\u00f3n de referencia en la salud p\u00fablica del noroeste argentino. Inaugurado el 20 de febrero de 1960, el Hospital San Bernardo no solo asiste a la poblaci\u00f3n que abarca los 23 departamentos de la Provincia, sino tambi\u00e9n a provincias [&hellip;]<\/p>\n","protected":false},"featured_media":6365,"comment_status":"closed","ping_status":"closed","template":"","meta":{"_et_pb_use_builder":"","_et_pb_old_content":"","_et_gb_content_width":""},"product_cat":[18],"product_tag":[],"class_list":["post-6364","product","type-product","status-publish","has-post-thumbnail","hentry","product_cat-noticias"],"_links":{"self":[{"href":"https:\/\/www.hospitalsanbernardo.com.ar\/web\/wp-json\/wp\/v3\/product\/6364"}],"collection":[{"href":"https:\/\/www.hospitalsanbernardo.com.ar\/web\/wp-json\/wp\/v3\/product"}],"about":[{"href":"https:\/\/www.hospitalsanbernardo.com.ar\/web\/wp-json\/wp\/v2\/types\/product"}],"replies":[{"embeddable":true,"href":"https:\/\/www.hospitalsanbernardo.com.ar\/web\/wp-json\/wp\/v2\/comments?post=6364"}],"wp:featuredmedia":[{"embeddable":true,"href":"https:\/\/www.hospitalsanbernardo.com.ar\/web\/wp-json\/wp\/v2\/media\/6365"}],"wp:attachment":[{"href":"https:\/\/www.hospitalsanbernardo.com.ar\/web\/wp-json\/wp\/v2\/media?parent=6364"}],"wp:term":[{"taxonomy":"product_cat","embeddable":true,"href":"https:\/\/www.hospitalsanbernardo.com.ar\/web\/wp-json\/wp\/v2\/product_cat?post=6364"},{"taxonomy":"product_tag","embeddable":true,"href":"https:\/\/www.hospitalsanbernardo.com.ar\/web\/wp-json\/wp\/v2\/product_tag?post=6364"}],"curies":[{"name":"wp","href":"https:\/\/api.w.org\/{rel}","templated":true}]}}