{"id":6236,"date":"2023-12-11T08:36:43","date_gmt":"2023-12-11T11:36:43","guid":{"rendered":"https:\/\/www.hospitalsanbernardo.com.ar\/web\/?post_type=product&#038;p=6236"},"modified":"2023-12-11T08:42:46","modified_gmt":"2023-12-11T11:42:46","slug":"el-primer-preceptorship-angels-en-manejo-agudo-de-acv-que-se-realizo-en-argentina-fue-en-el-hsb","status":"publish","type":"product","link":"https:\/\/www.hospitalsanbernardo.com.ar\/web\/noticias\/el-primer-preceptorship-angels-en-manejo-agudo-de-acv-que-se-realizo-en-argentina-fue-en-el-hsb\/","title":{"rendered":"El primer \u00abPreceptorship Angels en Manejo Agudo de ACV\u00bb que se realiz\u00f3 en Argentina fue en el HSB"},"content":{"rendered":"<p><em>Este espacio de especializaci\u00f3n se extendi\u00f3 durante dos jornadas, estuvo orientado a capacitar a l\u00edderes de diferentes instituciones de salud del pa\u00eds en la creaci\u00f3n de unidades de ACV.<\/em><\/p>\n<p>M\u00e9dicos y enfermeros de Formosa, La Plata, Buenos Aires, C\u00f3rdoba, Mendoza, Jujuy y Uruguay participaron de una jornada de capacitaci\u00f3n que tuvo el objetivo de compartir la experiencia de la creaci\u00f3n de la Unidad de ACV del Hospital San Bernardo, primera en la Provincia.<br \/>\nGabriela Orzuza, m\u00e9dica especialista en ACV y directora m\u00e9dica de la instituci\u00f3n, agradeci\u00f3 la participaci\u00f3n de todos los invitados y disertantes de este preceptorship. Se\u00f1al\u00f3, adem\u00e1s, que es \u201cgratificante poder compartir la experiencia con otros profesionales\u201d. \u201cFue un gran honor recibir a compa\u00f1eros m\u00e9dicos y enfermeros de todo el pa\u00eds y de Uruguay, que vinieron a conocer nuestra Unidad de ACV\u201d, concluy\u00f3 la especialista.<br \/>\nEn este curso se desarrollaron bloques te\u00f3ricos y pr\u00e1cticos, y en cada abordaje se ampliaron conocimientos en la optimizaci\u00f3n de la atenci\u00f3n de los pacientes con ataques cerebrovasculares isqu\u00e9micos.<br \/>\nEl preceptorship incluy\u00f3 temas como:<\/p>\n<p>-Manejo del ACV<br \/>\n-Rol de guardia externa y Unidad de ACV<br \/>\n-Optimizaci\u00f3n de flujo de pacientes<br \/>\n-Rol de enfermer\u00eda<br \/>\n-Adaptaci\u00f3n de Protocolos de ACV<br \/>\n-Campa\u00f1as de concientizaci\u00f3n<br \/>\n-Consultorio vascular<br \/>\n-Certificaci\u00f3n de centros de ACV<br \/>\n-Generaci\u00f3n de redes de derivaci\u00f3n<\/p>\n<p>La primera jornada del programa concluy\u00f3 con un simulacro en la Unidad de ACV de la instituci\u00f3n, con el objetivo de que los participantes presencien, en tiempo real, los diferentes procesos y protocolos que se activan y desarrollan cada vez que ingresa un paciente a la Unidad.<br \/>\nEsta actividad fue auspiciada por la Iniciativa Angels del Laboratorio Boehringer Ingelheim, una intervenci\u00f3n de atenci\u00f3n sanitaria dedicada a mejorar las posibilidades de supervivencia de los pacientes que han sufrido un ictus. Al respecto Maia Gom\u00e9z Schneider, asesora m\u00e9dica de Angels, remarc\u00f3 la importancia que tiene la existencia de estos tipos de centros de atenci\u00f3n en las diferentes instituciones de salud. \u201cNuestro objetivo es promocionar el acceso al ACV, tener mas centros e instituciones que puedan tratar el ACV, con est\u00e1ndares de calidad para los pacientes\u201d concluy\u00f3.<\/p>\n<p><em><strong>LA UNIDAD DE ACV DEL HSB<\/strong><\/em><br \/>\nEl Hospital San Bernardo cre\u00f3 la primera UNIDAD DE ACV de Salta, con el objetivo de mejorar y optimizar la atenci\u00f3n de los pacientes que tengan un ataque cerebrovascular isqu\u00e9mico en nuestra provincia.<br \/>\nLa creaci\u00f3n de este espacio representa una pr\u00e1ctica de vanguardia en la provincia, ya que es la primera experiencia, dentro del \u00e1mbito estatal y privado, en la que existe un \u00e1rea con un equipo multidisciplinario especializado que trate espec\u00edficamente a estos pacientes. Cabe destacar que, adem\u00e1s, la Unidad de ACV del Hospital San Bernardo es una de las 26 a nivel mundial que obtuvieron la certificaci\u00f3n de la Global Stroke Alliance, por satisfacer todos los requisitos como unidad esencial para la atenci\u00f3n de pacientes con ACV.<br \/>\nEsta \u00e1rea, que est\u00e1 activa durante las 24 horas los 365 d\u00edas del a\u00f1o, cuenta con profesionales altamente entrenados y en articulaci\u00f3n con los dem\u00e1s sectores hospitalarios, que trabajan con una unidad completa para hospital de d\u00eda: dos camas y equipamientos de \u00faltima generaci\u00f3n, en donde se implementan aquellos protocolos que se utilizan en el cuidado agudo de pacientes con esta patolog\u00eda.<\/p>\n<p><iframe loading=\"lazy\" title=\"EL PRIMER PRECEPTORSHIP ANGELS EN MANEJO AGUDO DE ACV QUE SE REALIZ\u00d3 EN ARGENTINA FUE EN EL HSB\" width=\"1080\" height=\"608\" src=\"https:\/\/www.youtube.com\/embed\/NqGPVUCuYC8?feature=oembed\" frameborder=\"0\" allow=\"accelerometer; autoplay; clipboard-write; encrypted-media; gyroscope; picture-in-picture; web-share\" allowfullscreen><\/iframe><\/p>\n","protected":false},"excerpt":{"rendered":"<p>Este espacio de especializaci\u00f3n se extendi\u00f3 durante dos jornadas, estuvo orientado a capacitar a l\u00edderes de diferentes instituciones de salud del pa\u00eds en la creaci\u00f3n de unidades de ACV. M\u00e9dicos y enfermeros de Formosa, La Plata, Buenos Aires, C\u00f3rdoba, Mendoza, Jujuy y Uruguay participaron de una jornada de capacitaci\u00f3n que tuvo el objetivo de compartir [&hellip;]<\/p>\n","protected":false},"featured_media":6237,"comment_status":"closed","ping_status":"closed","template":"","meta":{"_et_pb_use_builder":"","_et_pb_old_content":"","_et_gb_content_width":""},"product_cat":[18],"product_tag":[],"class_list":["post-6236","product","type-product","status-publish","has-post-thumbnail","hentry","product_cat-noticias"],"_links":{"self":[{"href":"https:\/\/www.hospitalsanbernardo.com.ar\/web\/wp-json\/wp\/v3\/product\/6236"}],"collection":[{"href":"https:\/\/www.hospitalsanbernardo.com.ar\/web\/wp-json\/wp\/v3\/product"}],"about":[{"href":"https:\/\/www.hospitalsanbernardo.com.ar\/web\/wp-json\/wp\/v2\/types\/product"}],"replies":[{"embeddable":true,"href":"https:\/\/www.hospitalsanbernardo.com.ar\/web\/wp-json\/wp\/v2\/comments?post=6236"}],"wp:featuredmedia":[{"embeddable":true,"href":"https:\/\/www.hospitalsanbernardo.com.ar\/web\/wp-json\/wp\/v2\/media\/6237"}],"wp:attachment":[{"href":"https:\/\/www.hospitalsanbernardo.com.ar\/web\/wp-json\/wp\/v2\/media?parent=6236"}],"wp:term":[{"taxonomy":"product_cat","embeddable":true,"href":"https:\/\/www.hospitalsanbernardo.com.ar\/web\/wp-json\/wp\/v2\/product_cat?post=6236"},{"taxonomy":"product_tag","embeddable":true,"href":"https:\/\/www.hospitalsanbernardo.com.ar\/web\/wp-json\/wp\/v2\/product_tag?post=6236"}],"curies":[{"name":"wp","href":"https:\/\/api.w.org\/{rel}","templated":true}]}}