{"id":6210,"date":"2023-11-23T12:57:11","date_gmt":"2023-11-23T15:57:11","guid":{"rendered":"https:\/\/www.hospitalsanbernardo.com.ar\/web\/?post_type=product&#038;p=6210"},"modified":"2023-11-27T09:48:02","modified_gmt":"2023-11-27T12:48:02","slug":"dia-mundial-del-deficit-de-hierro-campana-de-concientizacion-en-el-hsb","status":"publish","type":"product","link":"https:\/\/www.hospitalsanbernardo.com.ar\/web\/noticias\/dia-mundial-del-deficit-de-hierro-campana-de-concientizacion-en-el-hsb\/","title":{"rendered":"D\u00eda Mundial del D\u00e9ficit de Hierro: Campa\u00f1a de Concientizaci\u00f3n en el HSB"},"content":{"rendered":"<p><em>El Servicio de Hematolog\u00eda y L\u00edquidos Biol\u00f3gicos del Laboratorio Central, conjuntamente con el Programa de Nutrici\u00f3n del Hospital San Bernardo, del 27 de noviembre al 1 de diciembre, llevar\u00e1n adelante una Campa\u00f1a destinada a detectar posibles casos de anemia.<\/em><\/p>\n<p>Dentro del marco del D\u00eda Mundial del D\u00e9ficit de Hierro, celebrado el 26 de noviembre, la campa\u00f1a se desarrollar\u00e1 en la entrada principal de la instituci\u00f3n, durante toda la semana, de 9 a 12, y estar\u00e1 destinada a personas mayores de 18 a\u00f1os,<br \/>\nLos profesionales intervinientes realizar\u00e1n extracciones de sangre con el objetivo de detectar casos aislados de d\u00e9ficit de hierro, se realizar\u00e1n capacitaciones y entrega de folleter\u00eda para la prevenci\u00f3n de la anemia.<br \/>\nDesde el Laboratorio Central del hospital confirmaron que a aquellos pacientes que se les detecten par\u00e1metros alterados compatibles con anemia, se les ampliar\u00e1 el estudio con dosajes de hierro, transferrina y ferritina para confirmar el diagn\u00f3stico; posteriormente, ser\u00e1n derivados al Servicio de Cl\u00ednica M\u00e9dica para iniciar con un tratamiento.<br \/>\nAl respecto, las bioqu\u00edmicas Emilia Blanco y Eugenia Rodr\u00edguez Echaz\u00fa, integrantes del Laboratorio Central, remarcaron la importancia de prevenir la deficiencia de hierro. \u201cEl hierro es un componente fundamental para el organismo. El d\u00e9ficit de hierro causa anemia. Por eso, durante la campa\u00f1a, buscamos ayudar concientizando y brindando el asesoramiento necesario para mejorar la calidad de vida\u201d, sostuvieron las especialistas<br \/>\nAdem\u00e1s, durante la campa\u00f1a, el Programa de Nutrici\u00f3n del HSB capacitar\u00e1 a la poblaci\u00f3n sobre c\u00f3mo mejorar la alimentaci\u00f3n para prevenir la deficiencia de hierro, y qu\u00e9 alimentos consumir en caso de sufrir anemia.<\/p>\n<p><iframe loading=\"lazy\" title=\"D\u00cdA MUNDIAL DEL D\u00c9FICIT DE HIERRO: CAMPA\u00d1A DE CONCIENTIZACI\u00d3N EN EL HSB\" width=\"1080\" height=\"810\" src=\"https:\/\/www.youtube.com\/embed\/gZApga7lj6A?feature=oembed\" frameborder=\"0\" allow=\"accelerometer; autoplay; clipboard-write; encrypted-media; gyroscope; picture-in-picture; web-share\" allowfullscreen><\/iframe><\/p>\n","protected":false},"excerpt":{"rendered":"<p>El Servicio de Hematolog\u00eda y L\u00edquidos Biol\u00f3gicos del Laboratorio Central, conjuntamente con el Programa de Nutrici\u00f3n del Hospital San Bernardo, del 27 de noviembre al 1 de diciembre, llevar\u00e1n adelante una Campa\u00f1a destinada a detectar posibles casos de anemia. Dentro del marco del D\u00eda Mundial del D\u00e9ficit de Hierro, celebrado el 26 de noviembre, la [&hellip;]<\/p>\n","protected":false},"featured_media":6211,"comment_status":"closed","ping_status":"closed","template":"","meta":{"_et_pb_use_builder":"","_et_pb_old_content":"","_et_gb_content_width":""},"product_cat":[18],"product_tag":[],"class_list":["post-6210","product","type-product","status-publish","has-post-thumbnail","hentry","product_cat-noticias"],"_links":{"self":[{"href":"https:\/\/www.hospitalsanbernardo.com.ar\/web\/wp-json\/wp\/v3\/product\/6210"}],"collection":[{"href":"https:\/\/www.hospitalsanbernardo.com.ar\/web\/wp-json\/wp\/v3\/product"}],"about":[{"href":"https:\/\/www.hospitalsanbernardo.com.ar\/web\/wp-json\/wp\/v2\/types\/product"}],"replies":[{"embeddable":true,"href":"https:\/\/www.hospitalsanbernardo.com.ar\/web\/wp-json\/wp\/v2\/comments?post=6210"}],"wp:featuredmedia":[{"embeddable":true,"href":"https:\/\/www.hospitalsanbernardo.com.ar\/web\/wp-json\/wp\/v2\/media\/6211"}],"wp:attachment":[{"href":"https:\/\/www.hospitalsanbernardo.com.ar\/web\/wp-json\/wp\/v2\/media?parent=6210"}],"wp:term":[{"taxonomy":"product_cat","embeddable":true,"href":"https:\/\/www.hospitalsanbernardo.com.ar\/web\/wp-json\/wp\/v2\/product_cat?post=6210"},{"taxonomy":"product_tag","embeddable":true,"href":"https:\/\/www.hospitalsanbernardo.com.ar\/web\/wp-json\/wp\/v2\/product_tag?post=6210"}],"curies":[{"name":"wp","href":"https:\/\/api.w.org\/{rel}","templated":true}]}}