{"id":5975,"date":"2023-08-28T12:24:49","date_gmt":"2023-08-28T15:24:49","guid":{"rendered":"https:\/\/www.hospitalsanbernardo.com.ar\/web\/?post_type=product&#038;p=5975"},"modified":"2023-08-28T14:03:16","modified_gmt":"2023-08-28T17:03:16","slug":"lanzamiento-de-la-3era-edicion-del-bingo-del-hospital-san-bernardo","status":"publish","type":"product","link":"https:\/\/www.hospitalsanbernardo.com.ar\/web\/noticias\/lanzamiento-de-la-3era-edicion-del-bingo-del-hospital-san-bernardo\/","title":{"rendered":"Lanzamiento de la 3ra edici\u00f3n del Bingo del Hospital San Bernardo"},"content":{"rendered":"<p>En el sal\u00f3n auditorio del Hospital San Bernardo, se realiz\u00f3 el lanzamiento de la tercera edici\u00f3n del Bingo del hospital. De esta presentaci\u00f3n participaron el dr. Pablo Salom\u00f3n, gerente del HSB, el contador Sebasti\u00e1n Crist\u00f3fari, tesorero de la Fundaci\u00f3n San Bernardo, y Alejandra Cuevas, referente de Bingos del Norte.<br \/>\nEsta tercera edici\u00f3n del Bingo, se sortear\u00e1 el 24 de setiembre del corriente a\u00f1o. Entre los principales premios, se sortear\u00e1n 1 duplex, 3 autos 0KM y 29.000.000 en efectivo a repartir.<\/p>\n<p><iframe loading=\"lazy\" title=\"LANZAMIENTO DE LA TERCERA EDICI\u00d3N DEL BINGO DEL HOSPITAL SAN BERNARDO\" width=\"1080\" height=\"608\" src=\"https:\/\/www.youtube.com\/embed\/Tu9n2mE3RME?feature=oembed\" frameborder=\"0\" allow=\"accelerometer; autoplay; clipboard-write; encrypted-media; gyroscope; picture-in-picture; web-share\" allowfullscreen><\/iframe><\/p>\n<p>&nbsp;<\/p>\n","protected":false},"excerpt":{"rendered":"<p>En el sal\u00f3n auditorio del Hospital San Bernardo, se realiz\u00f3 el lanzamiento de la tercera edici\u00f3n del Bingo del hospital. De esta presentaci\u00f3n participaron el dr. Pablo Salom\u00f3n, gerente del HSB, el contador Sebasti\u00e1n Crist\u00f3fari, tesorero de la Fundaci\u00f3n San Bernardo, y Alejandra Cuevas, referente de Bingos del Norte. Esta tercera edici\u00f3n del Bingo, se [&hellip;]<\/p>\n","protected":false},"featured_media":5976,"comment_status":"closed","ping_status":"closed","template":"","meta":{"_et_pb_use_builder":"","_et_pb_old_content":"","_et_gb_content_width":""},"product_cat":[18],"product_tag":[],"class_list":["post-5975","product","type-product","status-publish","has-post-thumbnail","hentry","product_cat-noticias"],"_links":{"self":[{"href":"https:\/\/www.hospitalsanbernardo.com.ar\/web\/wp-json\/wp\/v3\/product\/5975"}],"collection":[{"href":"https:\/\/www.hospitalsanbernardo.com.ar\/web\/wp-json\/wp\/v3\/product"}],"about":[{"href":"https:\/\/www.hospitalsanbernardo.com.ar\/web\/wp-json\/wp\/v2\/types\/product"}],"replies":[{"embeddable":true,"href":"https:\/\/www.hospitalsanbernardo.com.ar\/web\/wp-json\/wp\/v2\/comments?post=5975"}],"wp:featuredmedia":[{"embeddable":true,"href":"https:\/\/www.hospitalsanbernardo.com.ar\/web\/wp-json\/wp\/v2\/media\/5976"}],"wp:attachment":[{"href":"https:\/\/www.hospitalsanbernardo.com.ar\/web\/wp-json\/wp\/v2\/media?parent=5975"}],"wp:term":[{"taxonomy":"product_cat","embeddable":true,"href":"https:\/\/www.hospitalsanbernardo.com.ar\/web\/wp-json\/wp\/v2\/product_cat?post=5975"},{"taxonomy":"product_tag","embeddable":true,"href":"https:\/\/www.hospitalsanbernardo.com.ar\/web\/wp-json\/wp\/v2\/product_tag?post=5975"}],"curies":[{"name":"wp","href":"https:\/\/api.w.org\/{rel}","templated":true}]}}