{"id":5678,"date":"2023-06-21T11:10:08","date_gmt":"2023-06-21T14:10:08","guid":{"rendered":"https:\/\/www.hospitalsanbernardo.com.ar\/web\/?post_type=product&#038;p=5678"},"modified":"2023-06-21T11:43:27","modified_gmt":"2023-06-21T14:43:27","slug":"el-hsb-participo-del-2do-encuentro-de-referentes-de-calidad-del-ministerio-de-salud-de-la-provincia","status":"publish","type":"product","link":"https:\/\/www.hospitalsanbernardo.com.ar\/web\/noticias\/el-hsb-participo-del-2do-encuentro-de-referentes-de-calidad-del-ministerio-de-salud-de-la-provincia\/","title":{"rendered":"El HSB particip\u00f3 del \u00ab2do Encuentro de Referentes de Calidad del Ministerio de Salud de la Provincia\u00bb"},"content":{"rendered":"<p><em>Con el fin de compartir las experiencias de los diferentes organismos de salud de la provincia para acceder a la acreditaci\u00f3n de buenas pr\u00e1cticas en calidad, el evento que tuvo lugar en el Sal\u00f3n Auditorio de OSDE, y se desarroll\u00f3 durante dos d\u00edas consecutivos. Este encuentro adopt\u00f3 la modalidad de capacitaci\u00f3n e intercambio de experiencias.<\/em><br \/>\nEl espacio reuni\u00f3 durante dos d\u00edas a directivos de las diferentes \u00e1reas sanitarias de toda la provincia, donde se definieron objetivos a corto, mediano y largo plazo.<br \/>\nLa Unidad de Calidad de los Servicios y Seguridad del Paciente del HSB particip\u00f3 de esta actividad, en donde, la Dra. Milagro Rold\u00e1n, referente del \u00e1rea, comparti\u00f3 con los presentes el trabajo que se viene realizando al respecto. \u201cPresentamos el trayecto que hemos recorrido desde el a\u00f1o pasado con la conformaci\u00f3n de la Unidad y la formaci\u00f3n del Comit\u00e9 de Seguridad del Paciente.\u201d<br \/>\nDentro de este marco de implementaci\u00f3n de acciones tendientes al cumplimiento de las Metas internacionales de Seguridad del Paciente coment\u00f3, tambi\u00e9n, sobre las actividades que se vienen realizando en el Hospital San Bernardo, instituci\u00f3n que cumple con los mil puntos dentro del plan de calidad de la provincia: \u201clograr la obtenci\u00f3n del premio a las instituciones que cumplen con el plan de calidad, implic\u00f3 la actualizaci\u00f3n de la carta de servicios , la creaci\u00f3n del sistema de reclamos, sugerencias y felicitaciones, y dem\u00e1s acciones como, la identificaci\u00f3n del paciente y el inicio de la implementaci\u00f3n de las pulseras identificadoras.\u201d<\/p>\n<p><iframe loading=\"lazy\" title=\"EL HSB PARTICIP\u00d3 DEL 2\u00ba ENCUENTRO DE REFERENTES DE CALIDAD DEL MINISTERIO DE SALUD PROVINCIAL\" width=\"1080\" height=\"608\" src=\"https:\/\/www.youtube.com\/embed\/c3I9GOV84s0?feature=oembed\" frameborder=\"0\" allow=\"accelerometer; autoplay; clipboard-write; encrypted-media; gyroscope; picture-in-picture; web-share\" allowfullscreen><\/iframe><\/p>\n","protected":false},"excerpt":{"rendered":"<p>Con el fin de compartir las experiencias de los diferentes organismos de salud de la provincia para acceder a la acreditaci\u00f3n de buenas pr\u00e1cticas en calidad, el evento que tuvo lugar en el Sal\u00f3n Auditorio de OSDE, y se desarroll\u00f3 durante dos d\u00edas consecutivos. Este encuentro adopt\u00f3 la modalidad de capacitaci\u00f3n e intercambio de experiencias. [&hellip;]<\/p>\n","protected":false},"featured_media":5679,"comment_status":"closed","ping_status":"closed","template":"","meta":{"_et_pb_use_builder":"","_et_pb_old_content":"","_et_gb_content_width":""},"product_cat":[18],"product_tag":[],"class_list":["post-5678","product","type-product","status-publish","has-post-thumbnail","hentry","product_cat-noticias"],"_links":{"self":[{"href":"https:\/\/www.hospitalsanbernardo.com.ar\/web\/wp-json\/wp\/v3\/product\/5678"}],"collection":[{"href":"https:\/\/www.hospitalsanbernardo.com.ar\/web\/wp-json\/wp\/v3\/product"}],"about":[{"href":"https:\/\/www.hospitalsanbernardo.com.ar\/web\/wp-json\/wp\/v2\/types\/product"}],"replies":[{"embeddable":true,"href":"https:\/\/www.hospitalsanbernardo.com.ar\/web\/wp-json\/wp\/v2\/comments?post=5678"}],"wp:featuredmedia":[{"embeddable":true,"href":"https:\/\/www.hospitalsanbernardo.com.ar\/web\/wp-json\/wp\/v2\/media\/5679"}],"wp:attachment":[{"href":"https:\/\/www.hospitalsanbernardo.com.ar\/web\/wp-json\/wp\/v2\/media?parent=5678"}],"wp:term":[{"taxonomy":"product_cat","embeddable":true,"href":"https:\/\/www.hospitalsanbernardo.com.ar\/web\/wp-json\/wp\/v2\/product_cat?post=5678"},{"taxonomy":"product_tag","embeddable":true,"href":"https:\/\/www.hospitalsanbernardo.com.ar\/web\/wp-json\/wp\/v2\/product_tag?post=5678"}],"curies":[{"name":"wp","href":"https:\/\/api.w.org\/{rel}","templated":true}]}}