{"id":4648,"date":"2023-01-10T11:18:44","date_gmt":"2023-01-10T14:18:44","guid":{"rendered":"https:\/\/www.hospitalsanbernardo.com.ar\/web\/?post_type=product&#038;p=4648"},"modified":"2023-04-26T15:33:21","modified_gmt":"2023-04-26T18:33:21","slug":"se-avanza-con-la-implementacion-del-protocolo-de-identificacion-de-pacientes","status":"publish","type":"product","link":"https:\/\/www.hospitalsanbernardo.com.ar\/web\/noticias\/se-avanza-con-la-implementacion-del-protocolo-de-identificacion-de-pacientes\/","title":{"rendered":"Se avanza con la implementaci\u00f3n del Protocolo de Identificaci\u00f3n de Pacientes"},"content":{"rendered":"<p>Esta segunda versi\u00f3n del Protocolo de Identificaci\u00f3n de Pacientes ampl\u00eda el uso de las pulseras identificadoras al total de pacientes hospitalizados en la instituci\u00f3n, independientemente de los motivos o duraci\u00f3n de la misma.<\/p>\n<p>En la tarea continua de la mejora de la Calidad y Seguridad de los Pacientes, a partir de diciembre, se avanz\u00f3 con la segunda versi\u00f3n del Protocolo de Identificaci\u00f3n de Pacientes, extendiendo el uso de las pulseras identificadoras al total de pacientes hospitalizados, incluyendo tanto a quienes ingresan por Guardia Central, como as\u00ed tambi\u00e9n a quienes lo hacen por la Oficina de Admisi\u00f3n y Egreso con turno de procedimiento quir\u00fargico programado.<\/p>\n<p>Cabe recordar que en conformidad a los lineamientos del Ministerio de Salud P\u00fablica, el Hospital San Bernardo implement\u00f3 desde julio un sistema para identificar a los pacientes que ingresan por la Guardia, consistente en una pulsera con los datos personales impresos, que se registran tambi\u00e9n en el sistema Salta Salud.<\/p>\n<p>\u00abLa pulsera identificadora es una herramienta que contiene los datos personales del paciente y que lo hace inequ\u00edvoco para la identificaci\u00f3n. Adem\u00e1s de la pulsera, es muy importante la ayuda de los pacientes, de los acompa\u00f1antes y el compromiso de cada uno de los profesionales de la salud\u00a0 que trabaja en el hospital\u00bb afirm\u00f3 la Dra. Milagro Roldan, desde la Unidad de Calidad de los Servicios y Seguridad del paciente del Hospital San Bernardo.<\/p>\n<p>La implementaci\u00f3n de dicho Protocolo pretende la consecuci\u00f3n de la primera de las Metas Internacionales de Seguridad del paciente referida a la correcta identificaci\u00f3n del mismo.<\/p>\n<p><iframe loading=\"lazy\" title=\"AVANZA EL PROTOCOLO DE IDENTIFICACI\u00d3N DE PACIENTE\" width=\"1080\" height=\"810\" src=\"https:\/\/www.youtube.com\/embed\/-5ICbGWXoGY?feature=oembed\" frameborder=\"0\" allow=\"accelerometer; autoplay; clipboard-write; encrypted-media; gyroscope; picture-in-picture; web-share\" allowfullscreen><\/iframe><\/p>\n","protected":false},"excerpt":{"rendered":"<p>10 Ene 2023<\/p>\n","protected":false},"featured_media":4650,"comment_status":"closed","ping_status":"closed","template":"","meta":{"_et_pb_use_builder":"","_et_pb_old_content":"","_et_gb_content_width":""},"product_cat":[18],"product_tag":[],"class_list":["post-4648","product","type-product","status-publish","has-post-thumbnail","hentry","product_cat-noticias"],"_links":{"self":[{"href":"https:\/\/www.hospitalsanbernardo.com.ar\/web\/wp-json\/wp\/v3\/product\/4648"}],"collection":[{"href":"https:\/\/www.hospitalsanbernardo.com.ar\/web\/wp-json\/wp\/v3\/product"}],"about":[{"href":"https:\/\/www.hospitalsanbernardo.com.ar\/web\/wp-json\/wp\/v2\/types\/product"}],"replies":[{"embeddable":true,"href":"https:\/\/www.hospitalsanbernardo.com.ar\/web\/wp-json\/wp\/v2\/comments?post=4648"}],"wp:featuredmedia":[{"embeddable":true,"href":"https:\/\/www.hospitalsanbernardo.com.ar\/web\/wp-json\/wp\/v2\/media\/4650"}],"wp:attachment":[{"href":"https:\/\/www.hospitalsanbernardo.com.ar\/web\/wp-json\/wp\/v2\/media?parent=4648"}],"wp:term":[{"taxonomy":"product_cat","embeddable":true,"href":"https:\/\/www.hospitalsanbernardo.com.ar\/web\/wp-json\/wp\/v2\/product_cat?post=4648"},{"taxonomy":"product_tag","embeddable":true,"href":"https:\/\/www.hospitalsanbernardo.com.ar\/web\/wp-json\/wp\/v2\/product_tag?post=4648"}],"curies":[{"name":"wp","href":"https:\/\/api.w.org\/{rel}","templated":true}]}}