{"id":4509,"date":"2022-11-07T11:46:09","date_gmt":"2022-11-07T14:46:09","guid":{"rendered":"https:\/\/www.hospitalsanbernardo.com.ar\/web\/?post_type=product&#038;p=4509"},"modified":"2023-04-26T15:44:47","modified_gmt":"2023-04-26T18:44:47","slug":"en-el-hospital-san-bernardo-se-realizo-con-exito-una-cirugia-de-parkinson","status":"publish","type":"product","link":"https:\/\/www.hospitalsanbernardo.com.ar\/web\/noticias\/en-el-hospital-san-bernardo-se-realizo-con-exito-una-cirugia-de-parkinson\/","title":{"rendered":"En el Hospital San Bernardo se realiz\u00f3 con \u00e9xito una cirug\u00eda de Parkinson"},"content":{"rendered":"<p><em>La neurocirug\u00eda, que involucra un equipo interdisciplinario, busca recuperar la m\u00e1xima autonom\u00eda posible y mejorar la calidad de vida de la paciente<\/em><\/p>\n<p>&nbsp;<\/p>\n<p>El jueves 27 de octubre, en el Hospital San Bernardo, se realiz\u00f3 una cirug\u00eda de alta complejidad para que una paciente de Parkinson pueda mejorar su calidad de vida, ya que con la terapia farmacol\u00f3gica convencional no era suficiente y\/o sufr\u00eda reacciones adversas a la medicaci\u00f3n.<\/p>\n<p>La paciente ya fue dada de alta y actualmente se encuentra en el proceso de recuperaci\u00f3n para evaluar la evoluci\u00f3n.<\/p>\n<p>\u201cDespu\u00e9s de la cirug\u00eda los pacientes mejoran mucho, a\u00fan con la estimulaci\u00f3n apagada, pasadas las 4 o 6 semanas la inflamaci\u00f3n va disminuyendo y all\u00ed prendemos el estimulador y analizamos cu\u00e1l son los mejores par\u00e1metros para ese paciente\u201d, relat\u00f3 Carolina Villa, m\u00e9dica especialista del Servicio de Neurolog\u00eda.<\/p>\n<p>Al tiempo que a\u00f1adi\u00f3: \u201cHay que decir tambi\u00e9n que lamentablemente no todos los pacientes con Parkinson pueden operarse, pero intentamos que todos aquellos candidatos consigan las autorizaciones para hacerlo\u201d.<\/p>\n<p>\u201cEn este caso, con tan poco tiempo de posoperaci\u00f3n, la paciente ya present\u00f3 notorias mejoras, con buena evoluci\u00f3n y se logr\u00f3 bajar la dosis de la medicaci\u00f3n\u201d, concluy\u00f3 la especialista.<\/p>\n<p>El procedimiento consiste en la implantaci\u00f3n de dos electrodos, uno de cada lado, en zonas definidas del cerebro, espec\u00edficamente alguno de los ganglios basales, los cuales se conectan a una estimulador, similar a un marcapaso y que genera un est\u00edmulo el\u00e9ctrico que permite modular la actividad de los n\u00facleos cerebrales en cuesti\u00f3n.\u00a0 La estimulaci\u00f3n cerebral profunda (EPC) es ajustable, reversible y puede controlar de manera eficaz algunos de los s\u00edntomas m\u00e1s incapacitantes de la enfermedad de Parkinson como son el temblor, la lentitud y rigidez.<\/p>\n<p>Las evidencias cl\u00ednicas se resumen en las siguientes l\u00edneas generales:<\/p>\n<ul>\n<li>Los pacientes experimentan una mejor\u00eda significativa de la funci\u00f3n motora con la estimulaci\u00f3n cerebral profunda.<\/li>\n<li>Las decisiones terap\u00e9uticas individuales requerir\u00e1n tener en cuenta la relaci\u00f3n riesgos\/beneficios entre el beneficio previsto para el paciente y la posibilidad de complicaciones quir\u00fargicas y reacciones adversas.<\/li>\n<\/ul>\n<p>Con la formaci\u00f3n de un equipo de trabajo en cirug\u00eda neurofuncional desde hace dos a\u00f1os es posible realizar en Salta la cirug\u00eda de Parkinson. En particular el Hospital San Bernardo cuenta un equipo multidisciplinario para poder llevarlo a cabo, conformado por la dra Carolina Villa del servicio de Neurolog\u00eda y del Servicio de Neurocirug\u00eda, los doctores William Vel\u00e1zquez y Carolina Montenegro en conjunto con la licenciada Daniela Romero.<br \/>\nEn total ya son 4 los pacientes operados en la HSB de un total de 11 operados en la provincia.<\/p>\n<p>En un consultorio espec\u00edfico para los trastornos del movimiento del Servicio de Neurolog\u00eda se asisten aproximadamente 200 pacientes con EP: en promedio entre 15 y 30 pacientes por semana.<\/p>\n<p><strong>Parkinson<\/strong><\/p>\n<p>La Enfermedad de Parkinson (EP) es un trastorno neurodegenerativo que afecta al sistema nervioso de manera cr\u00f3nica y progresiva. Es la segunda enfermedad m\u00e1s prevalente despu\u00e9s del alzh\u00e9imer y pertenece a los llamados trastornos del movimiento.<\/p>\n<p>Se estima que en Argentina hay m\u00e1s de 80 mil personas que la padecen. En general se manifiesta entre los 50 y 60 a\u00f1os, pero puede aparecer a cualquier edad, si bien es m\u00e1s frecuente en edades avanzadas, existen formas juveniles.<\/p>\n<p>El diagn\u00f3stico se realiza en base a la historia cl\u00ednica y exploraci\u00f3n neurol\u00f3gica de la persona. Tambi\u00e9n se pueden realizar pruebas complementarias para descartar otros posibles trastornos.<\/p>\n<p>El s\u00edntoma principal en la EP es la lentitud en los movimientos, asociado a rigidez, temblor y trastornos de la marcha, pero en la mayor\u00eda de los pacientes se asocia a s\u00edntomas no motores tales como trastornos del sue\u00f1o o el olfato, depresi\u00f3n, alteraciones en la funci\u00f3n cognitiva y del sistema nervioso aut\u00f3nomo.<\/p>\n<p>Si bien no existe actualmente un tratamiento curativo, existen muchos medicamentos para mejorar los s\u00edntomas de la EP y en consecuencia la calidad de vida de los pacientes. En \u00faltima instancia, se eval\u00faa el tratamiento quir\u00fargico con estimulaci\u00f3n cerebral profunda (ECP).<\/p>\n<p>La terapia de estimulaci\u00f3n cerebral profunda (ECP) para los trastornos del movimiento ha adquirido aceptaci\u00f3n y su uso cl\u00ednico se ha extendido en los \u00faltimos a\u00f1os. La terapia ECP es una opci\u00f3n terap\u00e9utica esencial para los trastornos del movimiento y est\u00e1 incluida en las directrices de la Federaci\u00f3n Europea de Sociedades de Neurolog\u00eda (EFNS, Eropean Federation of Neurological Societies) como recomendaci\u00f3n para la enfermedad de Parkinson, el temblor esencial y las diston\u00edas primarias.<\/p>\n<p><iframe loading=\"lazy\" title=\"Cirug\u00eda Parkinson en el HSB\" width=\"1080\" height=\"810\" src=\"https:\/\/www.youtube.com\/embed\/E-eXG5D3agY?feature=oembed\" frameborder=\"0\" allow=\"accelerometer; autoplay; clipboard-write; encrypted-media; gyroscope; picture-in-picture; web-share\" allowfullscreen><\/iframe><\/p>\n","protected":false},"excerpt":{"rendered":"<p>7 Nov 2022<\/p>\n","protected":false},"featured_media":4510,"comment_status":"closed","ping_status":"closed","template":"","meta":{"_et_pb_use_builder":"","_et_pb_old_content":"","_et_gb_content_width":""},"product_cat":[18],"product_tag":[],"class_list":["post-4509","product","type-product","status-publish","has-post-thumbnail","hentry","product_cat-noticias"],"_links":{"self":[{"href":"https:\/\/www.hospitalsanbernardo.com.ar\/web\/wp-json\/wp\/v3\/product\/4509"}],"collection":[{"href":"https:\/\/www.hospitalsanbernardo.com.ar\/web\/wp-json\/wp\/v3\/product"}],"about":[{"href":"https:\/\/www.hospitalsanbernardo.com.ar\/web\/wp-json\/wp\/v2\/types\/product"}],"replies":[{"embeddable":true,"href":"https:\/\/www.hospitalsanbernardo.com.ar\/web\/wp-json\/wp\/v2\/comments?post=4509"}],"wp:featuredmedia":[{"embeddable":true,"href":"https:\/\/www.hospitalsanbernardo.com.ar\/web\/wp-json\/wp\/v2\/media\/4510"}],"wp:attachment":[{"href":"https:\/\/www.hospitalsanbernardo.com.ar\/web\/wp-json\/wp\/v2\/media?parent=4509"}],"wp:term":[{"taxonomy":"product_cat","embeddable":true,"href":"https:\/\/www.hospitalsanbernardo.com.ar\/web\/wp-json\/wp\/v2\/product_cat?post=4509"},{"taxonomy":"product_tag","embeddable":true,"href":"https:\/\/www.hospitalsanbernardo.com.ar\/web\/wp-json\/wp\/v2\/product_tag?post=4509"}],"curies":[{"name":"wp","href":"https:\/\/api.w.org\/{rel}","templated":true}]}}