{"id":4209,"date":"2022-08-12T12:21:12","date_gmt":"2022-08-12T15:21:12","guid":{"rendered":"https:\/\/www.hospitalsanbernardo.com.ar\/web\/?post_type=product&#038;p=4209"},"modified":"2023-04-26T18:20:31","modified_gmt":"2023-04-26T21:20:31","slug":"el-hospital-san-bernardo-da-el-resultado-de-radiografias-a-traves-de-un-codigo-qr","status":"publish","type":"product","link":"https:\/\/www.hospitalsanbernardo.com.ar\/web\/noticias\/el-hospital-san-bernardo-da-el-resultado-de-radiografias-a-traves-de-un-codigo-qr\/","title":{"rendered":"El Hospital San Bernardo da el resultado de radiograf\u00edas a trav\u00e9s de un c\u00f3digo QR"},"content":{"rendered":"<div dir=\"auto\"><i>El principal hospital de la Provincia busca reducir el uso de papel radiogr\u00e1fico y CD incorporando tecnolog\u00eda QR en el Servicio de Diagn\u00f3stico por Im\u00e1genes.<\/i><\/div>\n<div dir=\"auto\"><\/div>\n<div dir=\"auto\">El Hospital San Bernardo, desde el Servicio de Diagn\u00f3stico por Im\u00e1genes, y en sinton\u00eda con el cuidado ecol\u00f3gico, y el objetivo de reducir la huella de carbono, avanz\u00f3 en el uso de un sistema de c\u00f3digo QR para visualizar estudios radiol\u00f3gicos.<\/div>\n<div dir=\"auto\">De esta manera, todos los pacientes reciben un ticket con su nombre y apellido, la direcci\u00f3n de un sitio con usuario y contrase\u00f1a; y un c\u00f3digo QR; para que puedan acceder a los resultados radiol\u00f3gicos a trav\u00e9s de internet.<\/div>\n<div dir=\"auto\">El c\u00f3digo puede ser le\u00eddo desde cualquier dispositivo m\u00f3vil o lector digital. Es a trav\u00e9s de estos dispositivos que el paciente con el c\u00f3digo es redirigido al sitio donde directamente podr\u00e1 acceder a sus estudios radiol\u00f3gicos, evitando el uso del soporte en CD y\/o el ya caduco sistema de impresi\u00f3n en l\u00e1minas radiogr\u00e1ficas.<\/div>\n<div dir=\"auto\">El jefe del Servicio, Orlando Valdez, coment\u00f3 que el sistema \u201cest\u00e1 en periodo de implementaci\u00f3n y prueba\u201d.<\/div>\n<div dir=\"auto\">\u201cLo \u00fanico que buscamos es el bienestar del paciente y la herramienta m\u00e1s eficiente para el m\u00e9dico tratante\u201d, agreg\u00f3 el especialista.<\/div>\n<div dir=\"auto\">El Servicio de Diagn\u00f3sticos por Im\u00e1genes del Hospital San Bernardo trabaja en tres turnos atendiendo pacientes de toda la Provincia, con un gran caudal de pacientes. Solo en Julio del corriente a\u00f1o, el Servicio atendi\u00f3 un total de 5873 pacientes, provenientes de centros de salud, distintos hospitales, entre otros.<\/div>\n","protected":false},"excerpt":{"rendered":"<p>12 Ago 2022<\/p>\n","protected":false},"featured_media":4210,"comment_status":"closed","ping_status":"closed","template":"","meta":{"_et_pb_use_builder":"","_et_pb_old_content":"","_et_gb_content_width":""},"product_cat":[18],"product_tag":[],"class_list":["post-4209","product","type-product","status-publish","has-post-thumbnail","hentry","product_cat-noticias"],"_links":{"self":[{"href":"https:\/\/www.hospitalsanbernardo.com.ar\/web\/wp-json\/wp\/v3\/product\/4209"}],"collection":[{"href":"https:\/\/www.hospitalsanbernardo.com.ar\/web\/wp-json\/wp\/v3\/product"}],"about":[{"href":"https:\/\/www.hospitalsanbernardo.com.ar\/web\/wp-json\/wp\/v2\/types\/product"}],"replies":[{"embeddable":true,"href":"https:\/\/www.hospitalsanbernardo.com.ar\/web\/wp-json\/wp\/v2\/comments?post=4209"}],"wp:featuredmedia":[{"embeddable":true,"href":"https:\/\/www.hospitalsanbernardo.com.ar\/web\/wp-json\/wp\/v2\/media\/4210"}],"wp:attachment":[{"href":"https:\/\/www.hospitalsanbernardo.com.ar\/web\/wp-json\/wp\/v2\/media?parent=4209"}],"wp:term":[{"taxonomy":"product_cat","embeddable":true,"href":"https:\/\/www.hospitalsanbernardo.com.ar\/web\/wp-json\/wp\/v2\/product_cat?post=4209"},{"taxonomy":"product_tag","embeddable":true,"href":"https:\/\/www.hospitalsanbernardo.com.ar\/web\/wp-json\/wp\/v2\/product_tag?post=4209"}],"curies":[{"name":"wp","href":"https:\/\/api.w.org\/{rel}","templated":true}]}}