{"id":4198,"date":"2022-07-28T10:44:34","date_gmt":"2022-07-28T13:44:34","guid":{"rendered":"https:\/\/www.hospitalsanbernardo.com.ar\/web\/?post_type=product&#038;p=4198"},"modified":"2023-04-26T15:53:37","modified_gmt":"2023-04-26T18:53:37","slug":"el-san-bernardo-comenzo-a-utilizar-pulseras-de-identificacion-para-los-pacientes","status":"publish","type":"product","link":"https:\/\/www.hospitalsanbernardo.com.ar\/web\/noticias\/el-san-bernardo-comenzo-a-utilizar-pulseras-de-identificacion-para-los-pacientes\/","title":{"rendered":"El San Bernardo comenz\u00f3 a utilizar pulseras de identificaci\u00f3n para los pacientes"},"content":{"rendered":"<p style=\"font-weight: 400\">En la b\u00fasqueda de una mejor atenci\u00f3n, reforzar la seguridad del paciente, y respondiendo a la Resoluci\u00f3n 0515 del Ministerio de Salud de la Provincia, el\u00a0<strong>Hospital San Bernardo comenz\u00f3 a implementar el uso de una pulsera identificadora<\/strong>\u00a0de los pacientes que se internan.<\/p>\n<p style=\"font-weight: 400\">Desde julio del corriente a\u00f1o, tras la redacci\u00f3n y aprobaci\u00f3n del correspondiente protocolo y la posterior capacitaci\u00f3n del personal para la correcta utilizaci\u00f3n de la pulsera, el hospital cabecera de la Provincia dio un gran paso en la seguridad de los pacientes y la identificaci\u00f3n de los mismos.<\/p>\n<p style=\"font-weight: 400\">En este sentido, el hospital San Bernardo, entendiendo que, hist\u00f3ricamente, los errores de identificaci\u00f3n de los pacientes suelen ser una causa importante de complicaciones asociadas a la asistencia y ocurren en casi todos los aspectos del proceso de atenci\u00f3n, posibilita al personal sanitario una gran herramienta para mejorar la seguridad del paciente.<\/p>\n<p style=\"font-weight: 400\">De esta manera, cuando un paciente ingresa por la Guardia, se le toma todos sus datos personales y se registran en el sistema de Salta Salud. Se imprime la pulsera y el personal de Enfermer\u00eda se la coloca al paciente para su inmediata atenci\u00f3n.<\/p>\n<p style=\"font-weight: 400\">Por su parte, Pablo Salomon, gerente del hospital San Bernardo, manifest\u00f3: \u201cDesde nuestra instituci\u00f3n estamos convencidos que esta es una excelente herramienta para mejorar la seguridad y la calidad en la atenci\u00f3n de nuestros pacientes que es uno de nuestros principales objetivos\u201d.<\/p>\n<p style=\"font-weight: 400\">\u201cContinuaremos trabajando para mejorar la atenci\u00f3n y brindar siempre un mejor servicio a nuestros pacientes\u201d, concluy\u00f3 el gerente.<\/p>\n<p style=\"font-weight: 400\">Cabe destacar que seg\u00fan la Organizaci\u00f3n Mundial de la Salud \u201cla seguridad del paciente se define como la disciplina que busca la prevenci\u00f3n y reducci\u00f3n de da\u00f1os prevenibles asociados con la salud\u201d.<\/p>\n<p style=\"font-weight: 400\">Los principales campos donde puede darse una identificaci\u00f3n incorrecta de los pacientes incluyen la administraci\u00f3n de medicamentos, transfusiones de sangre e intervenciones quir\u00fargicas.<\/p>\n<p style=\"font-weight: 400\"><strong>S\u00edntesis del Protocolo<\/strong><\/p>\n<ul>\n<li style=\"font-weight: 400\">El personal de admisi\u00f3n de Guardia imprime una pulsera con los datos de nombre, apellido y fecha de nacimiento del paciente. Si corre riesgo de vida, primero ser\u00e1 atendido, luego identificado.<\/li>\n<li style=\"font-weight: 400\">Enfermer\u00eda verifica y coloca la pulsera, informando al paciente que esta es una medida que busca su mayor seguridad y\u00a0<strong>no debe sac\u00e1rsela<\/strong>.<\/li>\n<li style=\"font-weight: 400\">Cada vez que el paciente es atendido debe verificarse su identificaci\u00f3n (incluso antes de ser trasladado).<\/li>\n<li style=\"font-weight: 400\">Si el paciente no tiene la pulsera, debe solicitarse inmediatamente a Admisi\u00f3n para la reimpresi\u00f3n y luego la colocaci\u00f3n por enfermer\u00eda.<\/li>\n<\/ul>\n<p><iframe loading=\"lazy\" title=\"El San Bernardo comenz\u00f3 a utilizar pulseras de identificaci\u00f3n para los pacientes\" width=\"1080\" height=\"810\" src=\"https:\/\/www.youtube.com\/embed\/WLQgKv7Y5fM?feature=oembed\" frameborder=\"0\" allow=\"accelerometer; autoplay; clipboard-write; encrypted-media; gyroscope; picture-in-picture; web-share\" allowfullscreen><\/iframe><\/p>\n<p><iframe loading=\"lazy\" title=\"Pulseras de identificaci\u00f3n para los pacientes en el HSB\" width=\"1080\" height=\"608\" src=\"https:\/\/www.youtube.com\/embed\/55kzxMrjprM?feature=oembed\" frameborder=\"0\" allow=\"accelerometer; autoplay; clipboard-write; encrypted-media; gyroscope; picture-in-picture\" allowfullscreen><\/iframe><\/p>\n","protected":false},"excerpt":{"rendered":"<p>28 Jul 2022<\/p>\n","protected":false},"featured_media":4199,"comment_status":"closed","ping_status":"closed","template":"","meta":{"_et_pb_use_builder":"","_et_pb_old_content":"","_et_gb_content_width":""},"product_cat":[18],"product_tag":[],"class_list":["post-4198","product","type-product","status-publish","has-post-thumbnail","hentry","product_cat-noticias"],"_links":{"self":[{"href":"https:\/\/www.hospitalsanbernardo.com.ar\/web\/wp-json\/wp\/v3\/product\/4198"}],"collection":[{"href":"https:\/\/www.hospitalsanbernardo.com.ar\/web\/wp-json\/wp\/v3\/product"}],"about":[{"href":"https:\/\/www.hospitalsanbernardo.com.ar\/web\/wp-json\/wp\/v2\/types\/product"}],"replies":[{"embeddable":true,"href":"https:\/\/www.hospitalsanbernardo.com.ar\/web\/wp-json\/wp\/v2\/comments?post=4198"}],"wp:featuredmedia":[{"embeddable":true,"href":"https:\/\/www.hospitalsanbernardo.com.ar\/web\/wp-json\/wp\/v2\/media\/4199"}],"wp:attachment":[{"href":"https:\/\/www.hospitalsanbernardo.com.ar\/web\/wp-json\/wp\/v2\/media?parent=4198"}],"wp:term":[{"taxonomy":"product_cat","embeddable":true,"href":"https:\/\/www.hospitalsanbernardo.com.ar\/web\/wp-json\/wp\/v2\/product_cat?post=4198"},{"taxonomy":"product_tag","embeddable":true,"href":"https:\/\/www.hospitalsanbernardo.com.ar\/web\/wp-json\/wp\/v2\/product_tag?post=4198"}],"curies":[{"name":"wp","href":"https:\/\/api.w.org\/{rel}","templated":true}]}}