{"id":3794,"date":"2022-02-16T12:35:34","date_gmt":"2022-02-16T15:35:34","guid":{"rendered":"https:\/\/www.hospitalsanbernardo.com.ar\/web\/?post_type=product&#038;p=3794"},"modified":"2023-05-01T15:25:14","modified_gmt":"2023-05-01T18:25:14","slug":"licitacion-internacional-para-la-ampliacion-y-refuncionalizacion-del-hospital-san-bernardo-apertura-de-sobres","status":"publish","type":"product","link":"https:\/\/www.hospitalsanbernardo.com.ar\/web\/noticias\/licitacion-internacional-para-la-ampliacion-y-refuncionalizacion-del-hospital-san-bernardo-apertura-de-sobres\/","title":{"rendered":"Licitaci\u00f3n internacional para la ampliaci\u00f3n y refuncionalizaci\u00f3n del hospital San Bernardo: apertura de sobres"},"content":{"rendered":"<p>El Gobernador encabez\u00f3 el acto de apertura de sobres de la licitaci\u00f3n internacional para construir en el nosocomio 3 nuevos edificios con un bloque cr\u00edtico, de esterilizaci\u00f3n y \u00e1rea administrativa. Se incorporar\u00e1n 15 quir\u00f3fanos, boxes de UTI, de unidad coronaria, sector para la unidad de quemados, terapia intermedia, entre otros servicios.<\/p>\n<p>El gerente del San Bernardo\u00a0<strong>Pablo Salom\u00f3n<\/strong> enfatiz\u00f3 la importancia del nosocomio referente de la regi\u00f3n \u201cSomos l\u00edcitos merecedores de esta importante inversi\u00f3n a nivel salud de la provincia\u00bb adem\u00e1s de \u00abser un hospital escuela. Por ello eran necesarias estas obras que permitan la atenci\u00f3n del aumento de cirug\u00edas y de pacientes, en su mayor\u00eda graves\u201d, indic\u00f3.<\/p>\n<p><strong>Las obras<\/strong><\/p>\n<p>La superficie total a construir es de 11.146,84 m2, con una inversi\u00f3n de $ 2.391.473.625,96.<\/p>\n<p>Se realizar\u00e1 la construcci\u00f3n de un Bloque cr\u00edtico de 8.440 m2 que contendr\u00e1:<\/p>\n<ul>\n<li>11 quir\u00f3fanos cirug\u00eda mayor<\/li>\n<li>2 quir\u00f3fanos cirug\u00eda ambulatoria<\/li>\n<li>26 boxes terapia intensiva<\/li>\n<li>9 boxes unidad coronaria<\/li>\n<li>2 quir\u00f3fanos\/ 10 camas unidad del quemado<\/li>\n<li>26 camas terapia intermedia<\/li>\n<li>14 camas de recuperaci\u00f3n cirug\u00eda mayor<\/li>\n<li>10 camas recuperaci\u00f3n cirug\u00eda ambulatoria<\/li>\n<\/ul>\n<p>Tambi\u00e9n se habr\u00e1 una Central de Esterilizaci\u00f3n de 517 m2; Bloque Administrativo de 2.100 m2; Ejes Circulatorios y Playa de Maniobras y Estacionamiento de 4.000 m2 descubiertos.<\/p>\n<p>Adem\u00e1s, se prev\u00e9 la implementaci\u00f3n de centros de docencia y capacitaci\u00f3n.<\/p>\n<p>Se destac\u00f3 que las obras beneficiar\u00e1n a m\u00e1s de 1 mill\u00f3n de habitantes.<\/p>\n<p><iframe loading=\"lazy\" title=\"Licitaci\u00f3n Apertura de sobre HSB\" width=\"1080\" height=\"608\" src=\"https:\/\/www.youtube.com\/embed\/Xe0q0RWMWk4?feature=oembed\" frameborder=\"0\" allow=\"accelerometer; autoplay; clipboard-write; encrypted-media; gyroscope; picture-in-picture; web-share\" allowfullscreen><\/iframe><\/p>\n<p><iframe loading=\"lazy\" title=\"Licitaci\u00f3n apertura de sobres ampliaci\u00f3n y re funcionalizaci\u00f3n HSB\" width=\"1080\" height=\"810\" src=\"https:\/\/www.youtube.com\/embed\/mvKvIEBcHsM?feature=oembed\" frameborder=\"0\" allow=\"accelerometer; autoplay; clipboard-write; encrypted-media; gyroscope; picture-in-picture; web-share\" allowfullscreen><\/iframe><\/p>\n<p>&nbsp;<\/p>\n","protected":false},"excerpt":{"rendered":"<p>16 Feb 2022<\/p>\n","protected":false},"featured_media":3795,"comment_status":"closed","ping_status":"closed","template":"","meta":{"_et_pb_use_builder":"","_et_pb_old_content":"","_et_gb_content_width":""},"product_cat":[18,147],"product_tag":[],"class_list":["post-3794","product","type-product","status-publish","has-post-thumbnail","hentry","product_cat-noticias","product_cat-avance-de-obras"],"_links":{"self":[{"href":"https:\/\/www.hospitalsanbernardo.com.ar\/web\/wp-json\/wp\/v3\/product\/3794"}],"collection":[{"href":"https:\/\/www.hospitalsanbernardo.com.ar\/web\/wp-json\/wp\/v3\/product"}],"about":[{"href":"https:\/\/www.hospitalsanbernardo.com.ar\/web\/wp-json\/wp\/v2\/types\/product"}],"replies":[{"embeddable":true,"href":"https:\/\/www.hospitalsanbernardo.com.ar\/web\/wp-json\/wp\/v2\/comments?post=3794"}],"wp:featuredmedia":[{"embeddable":true,"href":"https:\/\/www.hospitalsanbernardo.com.ar\/web\/wp-json\/wp\/v2\/media\/3795"}],"wp:attachment":[{"href":"https:\/\/www.hospitalsanbernardo.com.ar\/web\/wp-json\/wp\/v2\/media?parent=3794"}],"wp:term":[{"taxonomy":"product_cat","embeddable":true,"href":"https:\/\/www.hospitalsanbernardo.com.ar\/web\/wp-json\/wp\/v2\/product_cat?post=3794"},{"taxonomy":"product_tag","embeddable":true,"href":"https:\/\/www.hospitalsanbernardo.com.ar\/web\/wp-json\/wp\/v2\/product_tag?post=3794"}],"curies":[{"name":"wp","href":"https:\/\/api.w.org\/{rel}","templated":true}]}}