{"id":3360,"date":"2021-06-29T09:51:43","date_gmt":"2021-06-29T12:51:43","guid":{"rendered":"https:\/\/www.hospitalsanbernardo.com.ar\/web\/?post_type=product&#038;p=3360"},"modified":"2021-06-29T09:51:44","modified_gmt":"2021-06-29T12:51:44","slug":"ateneo-epidemiologia-y-salud-publica","status":"publish","type":"product","link":"https:\/\/www.hospitalsanbernardo.com.ar\/web\/noticias\/ateneo-epidemiologia-y-salud-publica\/","title":{"rendered":"Ateneo Epidemiolog\u00eda y Salud P\u00fablica"},"content":{"rendered":"<p>Compartimos el link de acceso al Ateneo \u00abEpidemiolog\u00eda y Salud P\u00fablica &#8211; Importancia de la notificaci\u00f3n oportuna\u00bb, a cargo del jefe del Programa de Vigilancia Epidemiol\u00f3gica de nuestra instituci\u00f3n, Bioq. An\u00edbal Castelli, y coordinado por el Comit\u00e9 Asesor de Docencia e Investigaci\u00f3n (CADI)<\/p>\n<p><iframe loading=\"lazy\" title=\"Epidemiolog\u00eda y Salud P\u00fablica - Notificaci\u00f3n Oportuna - Bioq. Anibal Castelli\" width=\"1080\" height=\"608\" src=\"https:\/\/www.youtube.com\/embed\/oYqUlGZNszQ?feature=oembed\" frameborder=\"0\" allow=\"accelerometer; autoplay; clipboard-write; encrypted-media; gyroscope; picture-in-picture\" allowfullscreen><\/iframe><\/p>\n","protected":false},"excerpt":{"rendered":"<p>Compartimos el link de acceso al Ateneo \u00abEpidemiolog\u00eda y Salud P\u00fablica &#8211; Importancia de la notificaci\u00f3n oportuna\u00bb, a cargo del jefe del Programa de Vigilancia Epidemiol\u00f3gica de nuestra instituci\u00f3n, Bioq. An\u00edbal Castelli, y coordinado por el Comit\u00e9 Asesor de Docencia e Investigaci\u00f3n (CADI)<\/p>\n","protected":false},"featured_media":3361,"comment_status":"closed","ping_status":"closed","template":"","meta":{"_et_pb_use_builder":"","_et_pb_old_content":"","_et_gb_content_width":""},"product_cat":[72],"product_tag":[],"class_list":["post-3360","product","type-product","status-publish","has-post-thumbnail","hentry","product_cat-cadi-ateneos-y-desayunos-de-trabajo"],"_links":{"self":[{"href":"https:\/\/www.hospitalsanbernardo.com.ar\/web\/wp-json\/wp\/v3\/product\/3360"}],"collection":[{"href":"https:\/\/www.hospitalsanbernardo.com.ar\/web\/wp-json\/wp\/v3\/product"}],"about":[{"href":"https:\/\/www.hospitalsanbernardo.com.ar\/web\/wp-json\/wp\/v2\/types\/product"}],"replies":[{"embeddable":true,"href":"https:\/\/www.hospitalsanbernardo.com.ar\/web\/wp-json\/wp\/v2\/comments?post=3360"}],"wp:featuredmedia":[{"embeddable":true,"href":"https:\/\/www.hospitalsanbernardo.com.ar\/web\/wp-json\/wp\/v2\/media\/3361"}],"wp:attachment":[{"href":"https:\/\/www.hospitalsanbernardo.com.ar\/web\/wp-json\/wp\/v2\/media?parent=3360"}],"wp:term":[{"taxonomy":"product_cat","embeddable":true,"href":"https:\/\/www.hospitalsanbernardo.com.ar\/web\/wp-json\/wp\/v2\/product_cat?post=3360"},{"taxonomy":"product_tag","embeddable":true,"href":"https:\/\/www.hospitalsanbernardo.com.ar\/web\/wp-json\/wp\/v2\/product_tag?post=3360"}],"curies":[{"name":"wp","href":"https:\/\/api.w.org\/{rel}","templated":true}]}}