{"id":3357,"date":"2021-06-29T09:19:09","date_gmt":"2021-06-29T12:19:09","guid":{"rendered":"https:\/\/www.hospitalsanbernardo.com.ar\/web\/?post_type=product&#038;p=3357"},"modified":"2021-06-29T09:43:17","modified_gmt":"2021-06-29T12:43:17","slug":"ateneo-protocolo-de-manejo-de-paciente-con-acv-agudo","status":"publish","type":"product","link":"https:\/\/www.hospitalsanbernardo.com.ar\/web\/noticias\/ateneo-protocolo-de-manejo-de-paciente-con-acv-agudo\/","title":{"rendered":"Ateneo: Protocolo de Manejo de paciente con ACV Agudo"},"content":{"rendered":"<p>Compartimos el link del Ateneo sobre \u00abProtocolo de Manejo de ACV Agudo\u00bb, a cargo de la m\u00e9dica neur\u00f3loga Gabriela Orzuza, bajo la coordinaci\u00f3n del Comit\u00e9 Asesor de Docencia e Investigaci\u00f3n (CADI)<\/p>\n<p><iframe loading=\"lazy\" title=\"Ateneo Protocolo ACV Agudo\" width=\"1080\" height=\"608\" src=\"https:\/\/www.youtube.com\/embed\/9OwJ0cQoWsk?feature=oembed\" frameborder=\"0\" allow=\"accelerometer; autoplay; clipboard-write; encrypted-media; gyroscope; picture-in-picture\" allowfullscreen><\/iframe><\/p>\n","protected":false},"excerpt":{"rendered":"<p>Compartimos el link del Ateneo sobre \u00abProtocolo de Manejo de ACV Agudo\u00bb, a cargo de la m\u00e9dica neur\u00f3loga Gabriela Orzuza, bajo la coordinaci\u00f3n del Comit\u00e9 Asesor de Docencia e Investigaci\u00f3n (CADI)<\/p>\n","protected":false},"featured_media":3358,"comment_status":"closed","ping_status":"closed","template":"","meta":{"_et_pb_use_builder":"","_et_pb_old_content":"","_et_gb_content_width":""},"product_cat":[72],"product_tag":[113,115,114],"class_list":["post-3357","product","type-product","status-publish","has-post-thumbnail","hentry","product_cat-cadi-ateneos-y-desayunos-de-trabajo","product_tag-acv","product_tag-gabriela-orzuza","product_tag-neurologia"],"_links":{"self":[{"href":"https:\/\/www.hospitalsanbernardo.com.ar\/web\/wp-json\/wp\/v3\/product\/3357"}],"collection":[{"href":"https:\/\/www.hospitalsanbernardo.com.ar\/web\/wp-json\/wp\/v3\/product"}],"about":[{"href":"https:\/\/www.hospitalsanbernardo.com.ar\/web\/wp-json\/wp\/v2\/types\/product"}],"replies":[{"embeddable":true,"href":"https:\/\/www.hospitalsanbernardo.com.ar\/web\/wp-json\/wp\/v2\/comments?post=3357"}],"wp:featuredmedia":[{"embeddable":true,"href":"https:\/\/www.hospitalsanbernardo.com.ar\/web\/wp-json\/wp\/v2\/media\/3358"}],"wp:attachment":[{"href":"https:\/\/www.hospitalsanbernardo.com.ar\/web\/wp-json\/wp\/v2\/media?parent=3357"}],"wp:term":[{"taxonomy":"product_cat","embeddable":true,"href":"https:\/\/www.hospitalsanbernardo.com.ar\/web\/wp-json\/wp\/v2\/product_cat?post=3357"},{"taxonomy":"product_tag","embeddable":true,"href":"https:\/\/www.hospitalsanbernardo.com.ar\/web\/wp-json\/wp\/v2\/product_tag?post=3357"}],"curies":[{"name":"wp","href":"https:\/\/api.w.org\/{rel}","templated":true}]}}