{"id":2338,"date":"2020-06-29T10:05:44","date_gmt":"2020-06-29T13:05:44","guid":{"rendered":"https:\/\/www.hospitalsanbernardo.com.ar\/web\/?post_type=product&#038;p=2338"},"modified":"2020-06-29T14:19:38","modified_gmt":"2020-06-29T17:19:38","slug":"2338","status":"publish","type":"product","link":"https:\/\/www.hospitalsanbernardo.com.ar\/web\/noticias\/2338\/","title":{"rendered":"Convocatoria para inscripci\u00f3n Premio Anual San Bernardo 2020"},"content":{"rendered":"<p><strong>Hasta el 6 de Julio, se recibir\u00e1n trabajos cient\u00edficos para concursar por el premio San Bernardo, que se entregar\u00e1 en el mes de agosto, durante los actos que se realizan todos los a\u00f1os para homenajear a nuestro Santo Patrono.<\/strong><\/p>\n<p>El premio anual se entregar\u00e1 al mejor proyecto de investigaci\u00f3n del que podr\u00e1n participar solamente profesionales de la salud del Hospital San Bernardo que revistan cargo en Planta Permanente, Designaci\u00f3n Temporaria, Contratados, Residentes o Concurrentes.<\/p>\n<p>La convocatoria est\u00e1 destinada al personal del Hospital, los trabajos deber\u00e1n ser presentados en el servicio de Recursos Humanos del nosocomio, dirigidos a la Comisi\u00f3n Asesora de Docencia e Investigaci\u00f3n de 08 a 12 hs hasta el 6 de julio inclusive.<\/p>\n<p>Desde el\u00a0 16 Julio al 03 de Agosto, se realizar\u00e1n los an\u00e1lisis individuales y\u00a0 colegiados\u00a0 de los\u00a0 Trabajos\u00a0 presentados.<\/p>\n<p>El dictamen final del tribunal se emitir\u00e1 el d\u00eda 10 de Agosto del a\u00f1o en curso a horas 9:00, en reuni\u00f3n a realizarse en el Programa de Recurso Humanos.<\/p>\n<p>Informes: rrhh@hospitalsanbernardo.com.ar , tel. 4320300 Int. 119 Recursos Humanos.<\/p>\n<a href='https:\/\/www.hospitalsanbernardo.com.ar\/web\/wp-content\/uploads\/2020\/06\/Reglamento-premio-anual-1.pdf' class='big-button bigblue' target=\"_blank\">Reglamento Premio Anual 2020<\/a>\n<p>&nbsp;<\/p>\n<p>&nbsp;<\/p>\n","protected":false},"excerpt":{"rendered":"<p>Hasta el 6 de Julio, se recibir\u00e1n trabajos cient\u00edficos para concursar por el premio San Bernardo, que se entregar\u00e1 en el mes de agosto, durante los actos que se realizan todos los a\u00f1os para homenajear a nuestro Santo Patrono. El premio anual se entregar\u00e1 al mejor proyecto de investigaci\u00f3n del que podr\u00e1n participar solamente profesionales [&hellip;]<\/p>\n","protected":false},"featured_media":2341,"comment_status":"closed","ping_status":"closed","template":"","meta":{"_et_pb_use_builder":"","_et_pb_old_content":"","_et_gb_content_width":""},"product_cat":[40],"product_tag":[],"class_list":["post-2338","product","type-product","status-publish","has-post-thumbnail","hentry","product_cat-cadi-memorias"],"_links":{"self":[{"href":"https:\/\/www.hospitalsanbernardo.com.ar\/web\/wp-json\/wp\/v3\/product\/2338"}],"collection":[{"href":"https:\/\/www.hospitalsanbernardo.com.ar\/web\/wp-json\/wp\/v3\/product"}],"about":[{"href":"https:\/\/www.hospitalsanbernardo.com.ar\/web\/wp-json\/wp\/v2\/types\/product"}],"replies":[{"embeddable":true,"href":"https:\/\/www.hospitalsanbernardo.com.ar\/web\/wp-json\/wp\/v2\/comments?post=2338"}],"wp:featuredmedia":[{"embeddable":true,"href":"https:\/\/www.hospitalsanbernardo.com.ar\/web\/wp-json\/wp\/v2\/media\/2341"}],"wp:attachment":[{"href":"https:\/\/www.hospitalsanbernardo.com.ar\/web\/wp-json\/wp\/v2\/media?parent=2338"}],"wp:term":[{"taxonomy":"product_cat","embeddable":true,"href":"https:\/\/www.hospitalsanbernardo.com.ar\/web\/wp-json\/wp\/v2\/product_cat?post=2338"},{"taxonomy":"product_tag","embeddable":true,"href":"https:\/\/www.hospitalsanbernardo.com.ar\/web\/wp-json\/wp\/v2\/product_tag?post=2338"}],"curies":[{"name":"wp","href":"https:\/\/api.w.org\/{rel}","templated":true}]}}