{"id":1838,"date":"2019-04-22T08:40:40","date_gmt":"2019-04-22T11:40:40","guid":{"rendered":"https:\/\/www.hospitalsanbernardo.com.ar\/web\/?post_type=product&#038;p=1838"},"modified":"2020-05-26T09:20:19","modified_gmt":"2020-05-26T12:20:19","slug":"aspectos-epidemiologicos-de-pueblos-originarios-a-traves-de-la-experiencia-medica","status":"publish","type":"product","link":"https:\/\/www.hospitalsanbernardo.com.ar\/web\/noticias\/aspectos-epidemiologicos-de-pueblos-originarios-a-traves-de-la-experiencia-medica\/","title":{"rendered":"Aspectos epidemiol\u00f3gicos de pueblos originarios a trav\u00e9s de la experiencia m\u00e9dica"},"content":{"rendered":"<p><strong>En el marco de los Desayunos de Trabajo organizados por el Comit\u00e9 Asesor de Docencia e Investigaci\u00f3n del Hospital San Bernardo\u00a0 (CADI) y en colaboraci\u00f3n con el Programa Comunitario, se llev\u00f3 a cabo la charla \u201cAspectos Epidemiol\u00f3gicos de Pueblos Originarios a trav\u00e9s de la Experiencia M\u00e9dica\u201d, a cargo del Dr. Miguel Plaza, Jefe de Primer Nivel de Atenci\u00f3n y de Atenci\u00f3n Primaria de la Salud en el \u00c1rea Operativa N\u00ba 27.<\/strong><\/p>\n<p>Durante la jornada se revisaron las principales caracter\u00edsticas de la poblaci\u00f3n ind\u00edgena en la provincia, su forma de vivir la salud, factores de riesgos y factores que protegen y garantizan la salud en las poblaciones ind\u00edgenas, principalmente en el \u00e1rea de influencia del Hospital de Cachi (Molinos, Seclant\u00e1s, Payogasta, La Poma, adem\u00e1s de los parajes rurales de la zona)<\/p>\n<p>Se hizo \u00e9nfasis en la de necesidad de conocer, respetar y poner en valor los conocimientos de salud locales con el fin de fortalecer la confianza y caminar hacia una salud integral que respete la diversidad.<\/p>\n<p>En relaci\u00f3n a la situaci\u00f3n de salud de la poblaci\u00f3n ind\u00edgena, el m\u00e9dico se\u00f1al\u00f3 que \u201chay aspectos que atraviesan a todos los pueblos y que tienen que ver con la cosmovisi\u00f3n, pero el v\u00ednculo con el territorio y c\u00f3mo se vive en cada uno el tema de la salud y la enfermedad va cambiando\u201d.<\/p>\n<p>Al hacer referencia a la cultura diaguita, Plaza valor\u00f3 la existencia de\u00a0 pr\u00e1cticas ancestrales agr\u00edcolas y alimentarias que pueden combatir \u201clos flagelos de esta \u00e9poca como son la obesidad y la mal nutrici\u00f3n\u201d. \u201cEl conocimiento acad\u00e9mico es necesario pero pueden complementarse con culturas tan ricas y tan sabias, que por miles de a\u00f1os han sabido organizarse\u201d, reconoci\u00f3.<\/p>\n<p>Plaza tambi\u00e9n detall\u00f3 que son 14 los Pueblos Originarios que habitan en la provincia de Salta \u2013con una importante cantidad residiendo en las urbes por razones laborales- de los cuales 5 concentran el 86% de la cantidad de habitantes: Wich\u00eds, Aba Guaran\u00ed, Guaran\u00ed, Kolla y Diaguita. \u201cSeguramente son quienes llegan a este hospital con mayor masividad y felicito que haya un equipo de facilitadores interculturales y un equipo pensando no solo en la capacitaci\u00f3n, sino en el d\u00eda a d\u00eda\u201d.<\/p>\n<p>Tambi\u00e9n celebr\u00f3 la existencia en el Estado provincial de una Red de Salud Intercultural que trabaja para \u201cpermitir no solo el acceso al sistema sino para pensar en entender y reconocer la diversidad y la riqueza de las culturas que hay en Salta\u201d y consider\u00f3 prioritario \u201cfacilitar la comunicaci\u00f3n intercultural en el \u00e1mbito de la salud\u201d.<\/p>\n<p><strong>Docencia e Investigaci\u00f3n en el San Bernardo<\/strong><\/p>\n<p>Cabe recordar que la Comisi\u00f3n Acad\u00e9mica de Docencia e Investigaci\u00f3n del Hospital San Bernardo promueve actividades durante todo el a\u00f1o. Los desayunos de trabajo se realizan los terceros lunes de cada mes y son espacios a los que concurre el personal para tratar diversos temas de inter\u00e9s hospitalario.<\/p>\n<p>En tanto, los Ateneos centrales se realizan los primeros lunes de cada mes y permiten a los diferentes programas y servicios de la instituci\u00f3n exponer casos cl\u00ednicos. Estos espacios de capacitaci\u00f3n re\u00fanen a profesionales de distintas disciplinas para analizar casos complejos y revisar bibliograf\u00eda o trabajos de investigaci\u00f3n.<\/p>\n","protected":false},"excerpt":{"rendered":"<p>En el marco de los Desayunos de Trabajo organizados por el Comit\u00e9 Asesor de Docencia e Investigaci\u00f3n del Hospital San Bernardo\u00a0 (CADI) y en colaboraci\u00f3n con el Programa Comunitario, se llev\u00f3 a cabo la charla \u201cAspectos Epidemiol\u00f3gicos de Pueblos Originarios a trav\u00e9s de la Experiencia M\u00e9dica\u201d, a cargo del Dr. Miguel Plaza, Jefe de Primer [&hellip;]<\/p>\n","protected":false},"featured_media":1840,"comment_status":"closed","ping_status":"closed","template":"","meta":{"_et_pb_use_builder":"","_et_pb_old_content":"","_et_gb_content_width":""},"product_cat":[40],"product_tag":[29,78,53,79],"class_list":["post-1838","product","type-product","status-publish","has-post-thumbnail","hentry","product_cat-cadi-memorias","product_tag-cadi","product_tag-miguel-plaza","product_tag-programa-comunitario","product_tag-pueblos-originarios"],"_links":{"self":[{"href":"https:\/\/www.hospitalsanbernardo.com.ar\/web\/wp-json\/wp\/v3\/product\/1838"}],"collection":[{"href":"https:\/\/www.hospitalsanbernardo.com.ar\/web\/wp-json\/wp\/v3\/product"}],"about":[{"href":"https:\/\/www.hospitalsanbernardo.com.ar\/web\/wp-json\/wp\/v2\/types\/product"}],"replies":[{"embeddable":true,"href":"https:\/\/www.hospitalsanbernardo.com.ar\/web\/wp-json\/wp\/v2\/comments?post=1838"}],"wp:featuredmedia":[{"embeddable":true,"href":"https:\/\/www.hospitalsanbernardo.com.ar\/web\/wp-json\/wp\/v2\/media\/1840"}],"wp:attachment":[{"href":"https:\/\/www.hospitalsanbernardo.com.ar\/web\/wp-json\/wp\/v2\/media?parent=1838"}],"wp:term":[{"taxonomy":"product_cat","embeddable":true,"href":"https:\/\/www.hospitalsanbernardo.com.ar\/web\/wp-json\/wp\/v2\/product_cat?post=1838"},{"taxonomy":"product_tag","embeddable":true,"href":"https:\/\/www.hospitalsanbernardo.com.ar\/web\/wp-json\/wp\/v2\/product_tag?post=1838"}],"curies":[{"name":"wp","href":"https:\/\/api.w.org\/{rel}","templated":true}]}}