{"id":1737,"date":"2019-06-26T12:19:32","date_gmt":"2019-06-26T15:19:32","guid":{"rendered":"https:\/\/www.hospitalsanbernardo.com.ar\/web\/?post_type=product&#038;p=1737"},"modified":"2020-05-21T12:42:13","modified_gmt":"2020-05-21T15:42:13","slug":"nuevas-terapias-para-el-drenaje-linfatico-y-su-contribucion-al-fortalecimiento-del-sistema-inmunologico","status":"publish","type":"product","link":"https:\/\/www.hospitalsanbernardo.com.ar\/web\/noticias\/nuevas-terapias-para-el-drenaje-linfatico-y-su-contribucion-al-fortalecimiento-del-sistema-inmunologico\/","title":{"rendered":"Nuevas terapias para el drenaje linf\u00e1tico y su contribuci\u00f3n al sistema inmunol\u00f3gico"},"content":{"rendered":"<p><strong>E<\/strong><strong>l Servicio de Rehabilitaci\u00f3n expuso sobre \u00abDrenaje Linf\u00e1tico y Sistema de Vendajes Compresivos\u00bb e<\/strong><strong>n el marco del Desayuno de Trabajo que organiza todos los meses el Comit\u00e9 Asesor de Docencia e Investigaci\u00f3n (CADI)\u00a0<\/strong><\/p>\n<p>La licenciada en Kinesiolog\u00eda y Fisioterapia\u00a0Mar\u00eda Laura Cabral\u00a0desarroll\u00f3 una revisi\u00f3n hist\u00f3rica del descubrimiento del sistema linf\u00e1tico, las diferentes escuelas de vendajes, sistemas compresivos y su implementaci\u00f3n en el Hospital San Bernardo.<\/p>\n<p>El drenaje linf\u00e1tico es una t\u00e9cnica manual que contribuye al restablecimiento f\u00edsico de pacientes con patolog\u00edas cr\u00f3nicas y agudas. Cabral expuso que esta pr\u00e1ctica abarca no s\u00f3lo los tratamientos est\u00e9ticos o las linfodemas \u00a0sino tambi\u00e9n la importancia de su implementaci\u00f3n en el tratamiento de muchos otros procesos patol\u00f3gicos, traum\u00e1ticos y postquir\u00fargicos.<\/p>\n<p>Tambi\u00e9n subray\u00f3 que de acuerdo a las nuevas investigaciones cient\u00edficas se corrobora que el adecuado funcionamiento del sistema linf\u00e1tico, contribuye a la\u00a0<em>buena respuesta inmunol\u00f3gica<\/em>\u00a0de los pacientes. Esto sin dudas seria una contribuci\u00f3n al sistema p\u00fablico de salud en beneficio de los pacientes.<\/p>\n<p>Durante su exposici\u00f3n la especialista se refiri\u00f3 a los avances en las t\u00e9cnicas de estimulaci\u00f3n del sistema linf\u00e1tico. En particular detall\u00f3 en qu\u00e9 consiste el m\u00e9todo Godoy &amp; Godoy, desarrollado en Brasil por los profesores Dr. Jos\u00e9 Mar\u00eda Pereira de Godoy y Dra. Mar\u00eda de F\u00e1tima Guerrero Godoy.<\/p>\n<p>Cabe aclarar que el Servicio de Rehabilitaci\u00f3n del Hospital San Bernardo asiste con tratamientos de drenaje linf\u00e1tico en pacientes internados y ambulatorios, realizando aproximadamente 345 sesiones por a\u00f1o aproximadamente, siendo \u00e9ste unos de los nuevos objetivos terap\u00e9uticos principales en beneficio del paciente que acude mencionado hospital.<\/p>\n<p>&nbsp;<\/p>\n<p>&nbsp;<\/p>\n","protected":false},"excerpt":{"rendered":"<p>El Servicio de Rehabilitaci\u00f3n expuso sobre \u00abDrenaje Linf\u00e1tico y Sistema de Vendajes Compresivos\u00bb en el marco del Desayuno de Trabajo que organiza todos los meses el Comit\u00e9 Asesor de Docencia e Investigaci\u00f3n (CADI)\u00a0 La licenciada en Kinesiolog\u00eda y Fisioterapia\u00a0Mar\u00eda Laura Cabral\u00a0desarroll\u00f3 una revisi\u00f3n hist\u00f3rica del descubrimiento del sistema linf\u00e1tico, las diferentes escuelas de vendajes, sistemas [&hellip;]<\/p>\n","protected":false},"featured_media":1738,"comment_status":"closed","ping_status":"closed","template":"","meta":{"_et_pb_use_builder":"","_et_pb_old_content":"","_et_gb_content_width":""},"product_cat":[40],"product_tag":[62,64,63],"class_list":["post-1737","product","type-product","status-publish","has-post-thumbnail","hentry","product_cat-cadi-memorias","product_tag-maria-laura-cabral","product_tag-metodo-godoy-godoy","product_tag-servicio-de-rehabilitacion"],"_links":{"self":[{"href":"https:\/\/www.hospitalsanbernardo.com.ar\/web\/wp-json\/wp\/v3\/product\/1737"}],"collection":[{"href":"https:\/\/www.hospitalsanbernardo.com.ar\/web\/wp-json\/wp\/v3\/product"}],"about":[{"href":"https:\/\/www.hospitalsanbernardo.com.ar\/web\/wp-json\/wp\/v2\/types\/product"}],"replies":[{"embeddable":true,"href":"https:\/\/www.hospitalsanbernardo.com.ar\/web\/wp-json\/wp\/v2\/comments?post=1737"}],"wp:featuredmedia":[{"embeddable":true,"href":"https:\/\/www.hospitalsanbernardo.com.ar\/web\/wp-json\/wp\/v2\/media\/1738"}],"wp:attachment":[{"href":"https:\/\/www.hospitalsanbernardo.com.ar\/web\/wp-json\/wp\/v2\/media?parent=1737"}],"wp:term":[{"taxonomy":"product_cat","embeddable":true,"href":"https:\/\/www.hospitalsanbernardo.com.ar\/web\/wp-json\/wp\/v2\/product_cat?post=1737"},{"taxonomy":"product_tag","embeddable":true,"href":"https:\/\/www.hospitalsanbernardo.com.ar\/web\/wp-json\/wp\/v2\/product_tag?post=1737"}],"curies":[{"name":"wp","href":"https:\/\/api.w.org\/{rel}","templated":true}]}}