{"id":1733,"date":"2019-08-01T11:49:44","date_gmt":"2019-08-01T14:49:44","guid":{"rendered":"https:\/\/www.hospitalsanbernardo.com.ar\/web\/?post_type=product&#038;p=1733"},"modified":"2020-05-21T12:40:22","modified_gmt":"2020-05-21T15:40:22","slug":"desayuno-de-trabajo-30-de-julio-cardiologia-anestesiologia","status":"publish","type":"product","link":"https:\/\/www.hospitalsanbernardo.com.ar\/web\/noticias\/desayuno-de-trabajo-30-de-julio-cardiologia-anestesiologia\/","title":{"rendered":"Desayuno de trabajo 30 de julio: Cardiolog\u00eda\/ Anestesiolog\u00eda"},"content":{"rendered":"<p><strong>Los Servicios de Cardiolog\u00eda y de Anestesiolog\u00eda del Hospital San Bernardo expusieron sobre diversos temas durante el Desayuno de Trabajo que organiz\u00f3 \u2013como todos los meses- el Comit\u00e9 Asesor de Docencia e Investigaci\u00f3n<\/strong>.<\/p>\n<p>El m\u00e9dico Federico Guzm\u00e1n, residente de 4\u00ba a\u00f1o del Servicio de Cardiolog\u00eda, expuso sobre las \u201cIndicaciones del ecocardiograma prequir\u00fargico y del monitoreo cardiol\u00f3gico intraoperatorio\u201d.<\/p>\n<p>En ese marco, se\u00f1al\u00f3 que \u201cla evaluaci\u00f3n del riesgo cardiovascular cumple un papel central para mejorar los resultados cl\u00ednico-quir\u00fargicos mediante distintos tipos de medidas perioperatorias\u201d y agreg\u00f3 que \u201cla falta de consenso\u201d sobre\u00a0qu\u00e9\u00a0pacientes requieren un ecocardiograma prequir\u00fargico o un monitoreo cardiol\u00f3gico intraoperatorio\u00a0\u201cretrasa cirug\u00edas programadas, incide en el uso inadecuado de los recursos y expone a los pacientes a situaciones de riesgos prevenibles\u201d.<\/p>\n<p>Entre otros puntos, la disertaci\u00f3n delimit\u00f3 las indicaciones de uso del ecocardiograma, discriminando entre las cirug\u00edas de urgencia\/emergencia y las cirug\u00edas programadas. Seg\u00fan puntualiz\u00f3 Guzm\u00e1n, el estudio debe realizarse ante cirug\u00edas de urgencia\/emergencia -siempre y cuando no retrase el procedimiento- ante la sospecha de \u201cenfermedad obstructiva intracard\u00edaca\u201d o \u201chipertensi\u00f3n pulmonar significativa\u201d.<\/p>\n<p>Tambi\u00e9n especific\u00f3 las indicaciones para el pedido del ecocardiograma en cirug\u00edas programadas y observ\u00f3 la necesidad de indagar oportunamente en la consulta con el paciente sobre la realizaci\u00f3n del estudio con anterioridad.<\/p>\n<p>En cuanto al monitoreo cardiol\u00f3gico durante las cirug\u00edas, Guzm\u00e1n puntualiz\u00f3 en qu\u00e9 casos se sugiere la presencia de un especialista en cardiolog\u00eda durante las intervenciones quir\u00fargicas e insisti\u00f3 en la necesidad de evitar retrasar las intervenciones de emergencia ante la ausencia del mismo.<\/p>\n<p><strong>Utilidad del \u00c1cido Tranex\u00e1mico en cirug\u00eda ortop\u00e9dica<\/strong><\/p>\n<p><img loading=\"lazy\" decoding=\"async\" class=\"size-full wp-image-1734 alignright\" src=\"https:\/\/www.hospitalsanbernardo.com.ar\/web\/wp-content\/uploads\/2020\/05\/Anestesia.png\" alt=\"\" width=\"217\" height=\"301\" \/>Por su parte, la m\u00e9dica Agustina S\u00e1nchez Cortez, residente de 2\u00ba a\u00f1o del Servicio de Anestesiolog\u00eda, present\u00f3 la \u201cUtilidad del \u00e1cido tranex\u00e1mico en cirug\u00eda ortop\u00e9dica\u201d, exposici\u00f3n dirigida especialmente para profesionales de su servicio y el Servicio de Traumatolog\u00eda.<\/p>\n<p>La disertaci\u00f3n permiti\u00f3 socializar el protocolo de utilizaci\u00f3n de esta medicaci\u00f3n en cirug\u00edas ortop\u00e9dicas, confeccionado recientemente mediante la sistematizaci\u00f3n de informaci\u00f3n bibliogr\u00e1fica y el an\u00e1lisis de datos estad\u00edsticos del Servicio de Traumatolog\u00eda.<\/p>\n<p>La gu\u00eda de administraci\u00f3n del \u00e1cido tranex\u00e1mico especifica las dosis recomendadas y los criterios de exclusi\u00f3n en cada caso puntual, buscando unificar criterios.<\/p>\n<p>Con este protocolo se busca \u201cdisminuir el sangrado intra y post operatorio en cirug\u00edas con pron\u00f3stico de p\u00e9rdidas hem\u00e1ticas moderado a severo\u201d. S\u00e1nchez Cortez destac\u00f3 que el uso de la medicaci\u00f3n redunda en \u201cbeneficios intra y post operatorios para el paciente, as\u00ed como en una disminuci\u00f3n en los costos\u201d.<\/p>\n","protected":false},"excerpt":{"rendered":"<p>Los Servicios de Cardiolog\u00eda y de Anestesiolog\u00eda del Hospital San Bernardo expusieron sobre diversos temas durante el Desayuno de Trabajo que organiz\u00f3 \u2013como todos los meses- el Comit\u00e9 Asesor de Docencia e Investigaci\u00f3n. El m\u00e9dico Federico Guzm\u00e1n, residente de 4\u00ba a\u00f1o del Servicio de Cardiolog\u00eda, expuso sobre las \u201cIndicaciones del ecocardiograma prequir\u00fargico y del monitoreo [&hellip;]<\/p>\n","protected":false},"featured_media":1736,"comment_status":"closed","ping_status":"closed","template":"","meta":{"_et_pb_use_builder":"","_et_pb_old_content":"","_et_gb_content_width":""},"product_cat":[40],"product_tag":[60,59,56,50,57,58,61],"class_list":["post-1733","product","type-product","status-publish","has-post-thumbnail","hentry","product_cat-cadi-memorias","product_tag-acido-tranexamico","product_tag-agustina-sanchez-cortez","product_tag-anestesiologia","product_tag-cardiologia","product_tag-ecocardiograma","product_tag-federico-guzman","product_tag-monitoreo-cardiologico"],"_links":{"self":[{"href":"https:\/\/www.hospitalsanbernardo.com.ar\/web\/wp-json\/wp\/v3\/product\/1733"}],"collection":[{"href":"https:\/\/www.hospitalsanbernardo.com.ar\/web\/wp-json\/wp\/v3\/product"}],"about":[{"href":"https:\/\/www.hospitalsanbernardo.com.ar\/web\/wp-json\/wp\/v2\/types\/product"}],"replies":[{"embeddable":true,"href":"https:\/\/www.hospitalsanbernardo.com.ar\/web\/wp-json\/wp\/v2\/comments?post=1733"}],"wp:featuredmedia":[{"embeddable":true,"href":"https:\/\/www.hospitalsanbernardo.com.ar\/web\/wp-json\/wp\/v2\/media\/1736"}],"wp:attachment":[{"href":"https:\/\/www.hospitalsanbernardo.com.ar\/web\/wp-json\/wp\/v2\/media?parent=1733"}],"wp:term":[{"taxonomy":"product_cat","embeddable":true,"href":"https:\/\/www.hospitalsanbernardo.com.ar\/web\/wp-json\/wp\/v2\/product_cat?post=1733"},{"taxonomy":"product_tag","embeddable":true,"href":"https:\/\/www.hospitalsanbernardo.com.ar\/web\/wp-json\/wp\/v2\/product_tag?post=1733"}],"curies":[{"name":"wp","href":"https:\/\/api.w.org\/{rel}","templated":true}]}}