{"id":1267,"date":"2019-11-05T11:30:21","date_gmt":"2019-11-05T14:30:21","guid":{"rendered":"https:\/\/www.hospitalsanbernardo.com.ar\/web\/?post_type=product&#038;p=1267"},"modified":"2020-05-14T12:07:06","modified_gmt":"2020-05-14T15:07:06","slug":"ateneo-central-mastopatia-diabetica","status":"publish","type":"product","link":"https:\/\/www.hospitalsanbernardo.com.ar\/web\/noticias\/ateneo-central-mastopatia-diabetica\/","title":{"rendered":"Ateneo central: Mastopat\u00eda diab\u00e9tica"},"content":{"rendered":"<p><strong>En el marco del Ateneo Central del mes de noviembre, el m\u00e9dico ginec\u00f3logo Mat\u00edas Martel present\u00f3 el caso de una paciente con diagn\u00f3stico de Mastopat\u00eda Diab\u00e9tica, una lesi\u00f3n que no hab\u00eda sido tratada con anterioridad en el Programa de Ginecolog\u00eda.<\/strong><\/p>\n<p>La lesi\u00f3n -similar a un c\u00e1ncer de mama- es una complicaci\u00f3n de la Diabetes tipo 1 que padece la paciente. Se trata de una complicaci\u00f3n cr\u00f3nica con tendencia recidivar.<\/p>\n<p>Martel destac\u00f3 que esta lesi\u00f3n muy poco frecuente fue diagnosticada con la colaboraci\u00f3n de la Dra. Sara Goronasky, jefa del Servicio de Anatom\u00eda Patol\u00f3gica del San Bernardo, y tratada en conjunto con la Dra. Daniela Mart\u00ednez Taboada, diabet\u00f3loga del hospital O\u00f1ativia.<\/p>\n<p>En 2018 la paciente fue tratada con una Cuadrantectom\u00eda en la mama derecha y -ante la recidiva- en 2019 se le practic\u00f3 una Cuadrantectom\u00eda en la mama izquierda.<\/p>\n<p>Martel agreg\u00f3 tambi\u00e9n que la diabetes de la paciente en cuesti\u00f3n fue detectada en Bolivia y no estaba siendo tratada de manera adecuada, por lo que se le recomend\u00f3 cambiar del tratamiento de insulina cl\u00e1sico a un tratamiento intensificado.<\/p>\n<p>Actualmente la paciente contin\u00faa siendo tratada por su diabetes en el Hospital O\u00f1ativia, en tanto que por Mastolog\u00eda deber\u00e1 controlarse anualmente en el hospital San Bernardo.<\/p>\n<p>Los Ateneos Centrales se realizan los primeros lunes de cada mes -entre marzo y diciembre- organizados por el Comit\u00e9 Asesor de Docencia e Investigaci\u00f3n (CADI)<\/p>\n<h1><\/h1>\n","protected":false},"excerpt":{"rendered":"<p>En el marco del Ateneo Central del mes de noviembre, el m\u00e9dico ginec\u00f3logo Mat\u00edas Martel present\u00f3 el caso de una paciente con diagn\u00f3stico de Mastopat\u00eda Diab\u00e9tica, una lesi\u00f3n que no hab\u00eda sido tratada con anterioridad en el Programa de Ginecolog\u00eda. La lesi\u00f3n -similar a un c\u00e1ncer de mama- es una complicaci\u00f3n de la Diabetes tipo [&hellip;]<\/p>\n","protected":false},"featured_media":1268,"comment_status":"closed","ping_status":"closed","template":"","meta":{"_et_pb_use_builder":"","_et_pb_old_content":"","_et_gb_content_width":""},"product_cat":[40],"product_tag":[32,29,34,39,38,36,37,33,35],"class_list":["post-1267","product","type-product","status-publish","has-post-thumbnail","hentry","product_cat-cadi-memorias","product_tag-ateneo-central","product_tag-cadi","product_tag-daniela-martinez","product_tag-hospital-onativia","product_tag-mastopatia-diabetica","product_tag-matias-martel","product_tag-programa-de-ginecologia","product_tag-sara-goronasky","product_tag-servicio-de-anatomia-patologica-del-san-bernardo"],"_links":{"self":[{"href":"https:\/\/www.hospitalsanbernardo.com.ar\/web\/wp-json\/wp\/v3\/product\/1267"}],"collection":[{"href":"https:\/\/www.hospitalsanbernardo.com.ar\/web\/wp-json\/wp\/v3\/product"}],"about":[{"href":"https:\/\/www.hospitalsanbernardo.com.ar\/web\/wp-json\/wp\/v2\/types\/product"}],"replies":[{"embeddable":true,"href":"https:\/\/www.hospitalsanbernardo.com.ar\/web\/wp-json\/wp\/v2\/comments?post=1267"}],"wp:featuredmedia":[{"embeddable":true,"href":"https:\/\/www.hospitalsanbernardo.com.ar\/web\/wp-json\/wp\/v2\/media\/1268"}],"wp:attachment":[{"href":"https:\/\/www.hospitalsanbernardo.com.ar\/web\/wp-json\/wp\/v2\/media?parent=1267"}],"wp:term":[{"taxonomy":"product_cat","embeddable":true,"href":"https:\/\/www.hospitalsanbernardo.com.ar\/web\/wp-json\/wp\/v2\/product_cat?post=1267"},{"taxonomy":"product_tag","embeddable":true,"href":"https:\/\/www.hospitalsanbernardo.com.ar\/web\/wp-json\/wp\/v2\/product_tag?post=1267"}],"curies":[{"name":"wp","href":"https:\/\/api.w.org\/{rel}","templated":true}]}}