{"id":1257,"date":"2019-11-26T08:49:24","date_gmt":"2019-11-26T11:49:24","guid":{"rendered":"https:\/\/www.hospitalsanbernardo.com.ar\/web\/?post_type=product&#038;p=1257"},"modified":"2020-05-21T13:46:59","modified_gmt":"2020-05-21T16:46:59","slug":"desayuno-de-trabajo-hipertension-arterial-en-servicios-de-emergencia-2","status":"publish","type":"product","link":"https:\/\/www.hospitalsanbernardo.com.ar\/web\/noticias\/desayuno-de-trabajo-hipertension-arterial-en-servicios-de-emergencia-2\/","title":{"rendered":"Exposici\u00f3n: \u201cHipertensi\u00f3n arterial en servicios de emergencia\u201d"},"content":{"rendered":"<p><strong>El m\u00e9dico cardi\u00f3logo Facundo I\u00f1iguez expuso sobre \u201cHipertensi\u00f3n arterial en servicios de emergencia\u201d, en el marco del Desayuno de Trabajo que organiz\u00f3 durante el mes de noviembre el Comit\u00e9 Asesor de Docencia e Investigaci\u00f3n (CADI)<\/strong><\/p>\n<p>Durante su exposici\u00f3n, I\u00f1iguez hizo alusi\u00f3n al Estudio REHASE (Relevamiento de Hipertensi\u00f3n Arterial Severa en Servicios de Emergencia) en el que se estudi\u00f3 la evoluci\u00f3n de 816 pacientes adultos en 31 centros asistenciales de Argentina. Los pacientes relevados sufr\u00edan un cuadro de HTS sin da\u00f1o de \u00f3rgano blanco (ACV, Insuficiencia descompensada, etc.)<\/p>\n<p>Seg\u00fan desarroll\u00f3, el estudio demostr\u00f3 que el 32% de los pacientes con hipertensi\u00f3n arterial severa (+180\/110) normalizaban su tensi\u00f3n arterial tras mantener reposo entre 30 y 40 minutos, sin necesidad de recibir medicaci\u00f3n. De los restantes, el 80% de los pacientes respondi\u00f3 satisfactoriamente a tratamiento con un solo f\u00e1rmaco (Ieca, bloqueantes c\u00e1lcicos y betabloqueantes). Solamente el grupo restante debi\u00f3 ser internado con tratamiento intravenoso.<\/p>\n<p>I\u00f1iguez indic\u00f3 que \u201cal ser una investigaci\u00f3n local, es representativa de nuestra poblaci\u00f3n y nos da pautas claras para el manejo de esta situaci\u00f3n\u201d. Tambi\u00e9n subray\u00f3 que con esta metodolog\u00eda de trabajo es posible reducir las internaciones y -en consecuencia- los gastos para el paciente y para el sistema de salud.<\/p>\n<p>A su vez, aprovech\u00f3 la oportunidad para hacer hincapi\u00e9 en la necesidad de que se deriven todos los pacientes que toman m\u00e1s de dos medicamentos para la HTA a la unidad de Hipertensi\u00f3n Arterial del Servicio de Cardiolog\u00eda.<\/p>\n","protected":false},"excerpt":{"rendered":"<p>El m\u00e9dico cardi\u00f3logo Facundo I\u00f1iguez expuso sobre \u201cHipertensi\u00f3n arterial en servicios de emergencia\u201d, en el marco del Desayuno de Trabajo que organiz\u00f3 durante el mes de noviembre el Comit\u00e9 Asesor de Docencia e Investigaci\u00f3n (CADI) Durante su exposici\u00f3n, I\u00f1iguez hizo alusi\u00f3n al Estudio REHASE (Relevamiento de Hipertensi\u00f3n Arterial Severa en Servicios de Emergencia) en el [&hellip;]<\/p>\n","protected":false},"featured_media":1648,"comment_status":"closed","ping_status":"closed","template":"","meta":{"_et_pb_use_builder":"","_et_pb_old_content":"","_et_gb_content_width":""},"product_cat":[40],"product_tag":[29,50,28,30],"class_list":["post-1257","product","type-product","status-publish","has-post-thumbnail","hentry","product_cat-cadi-memorias","product_tag-cadi","product_tag-cardiologia","product_tag-facundo-iniguez","product_tag-hipertension-arterial"],"_links":{"self":[{"href":"https:\/\/www.hospitalsanbernardo.com.ar\/web\/wp-json\/wp\/v3\/product\/1257"}],"collection":[{"href":"https:\/\/www.hospitalsanbernardo.com.ar\/web\/wp-json\/wp\/v3\/product"}],"about":[{"href":"https:\/\/www.hospitalsanbernardo.com.ar\/web\/wp-json\/wp\/v2\/types\/product"}],"replies":[{"embeddable":true,"href":"https:\/\/www.hospitalsanbernardo.com.ar\/web\/wp-json\/wp\/v2\/comments?post=1257"}],"wp:featuredmedia":[{"embeddable":true,"href":"https:\/\/www.hospitalsanbernardo.com.ar\/web\/wp-json\/wp\/v2\/media\/1648"}],"wp:attachment":[{"href":"https:\/\/www.hospitalsanbernardo.com.ar\/web\/wp-json\/wp\/v2\/media?parent=1257"}],"wp:term":[{"taxonomy":"product_cat","embeddable":true,"href":"https:\/\/www.hospitalsanbernardo.com.ar\/web\/wp-json\/wp\/v2\/product_cat?post=1257"},{"taxonomy":"product_tag","embeddable":true,"href":"https:\/\/www.hospitalsanbernardo.com.ar\/web\/wp-json\/wp\/v2\/product_tag?post=1257"}],"curies":[{"name":"wp","href":"https:\/\/api.w.org\/{rel}","templated":true}]}}